
{"id":9486,"date":"2019-03-25T12:40:42","date_gmt":"2019-03-25T15:40:42","guid":{"rendered":"http:\/\/181.14.240.59\/Portal\/?page_id=9486"},"modified":"2021-04-13T12:22:47","modified_gmt":"2021-04-13T15:22:47","slug":"prokai","status":"publish","type":"page","link":"http:\/\/portal.empleotucuman.gob.ar\/Portal\/?page_id=9486","title":{"rendered":"<strong>ProKAI<\/strong>"},"content":{"rendered":"<p>El PROKAI es una iniciativa del Gobierno de Tucum\u00e1n, a trav\u00e9s del Ministerio de Desarrollo Productivo, desarrollado en conjunto con el Ministerio de Educaci\u00f3n, el Instituto Nacional de Tecnolog\u00eda Industrial (INTI) y el apoyo de la Agencia de Cooperaci\u00f3n Internacional de Jap\u00f3n (JICA) del Gobierno de Jap\u00f3n.<\/p>\n<p>Este programa es \u00fanico en Am\u00e9rica Latina, debido a su objetivo de abordaje integral con acciones simult\u00e1neas en escuelas primarias y secundarias, universidades, empresas y en el Estado provincial.<\/p>\n<p>El termino KAIZEN es de origen japon\u00e9s, y significa \u201cProceso de Mejora Continua\u201d, bajo el lema: \u201choy mejor que ayer, y ma\u00f1ana mejor que hoy\u201d.<\/p>\n<p>El KAIZEN surgi\u00f3 como una filosof\u00eda de vida para restablecer el tejido econ\u00f3mico y social de Jap\u00f3n posguerra, convirti\u00e9ndose en un estilo de vida, lo cual gener\u00f3 un cambio cultural que repercuti\u00f3 en el desempe\u00f1o productivo de los japoneses, raz\u00f3n por la cual, se considera al KAIZEN como la clave de la ventaja competitiva.<\/p>\n<p>Aplicando esta filosof\u00eda, empresas japonesas como TOYOTA, SONY, CANON, TOTO y NINTENDO conquistaron los mercados mundiales, ofreciendo productos y servicios con alto valor agregado y de alt\u00edsima calidad.<\/p>\n<p><strong>Objetivo General del PROKAI:<\/strong><\/p>\n<p>Coordinar un proceso p\u00fablico-privado hasta el a\u00f1o 2021, que permita la transferencia y adaptaci\u00f3n de la filosof\u00eda KAIZEN en los \u00e1mbitos productivos y educativos de la provincia, con el fin de construir los cimientos para un cambio cultural con impacto directo en el incremento de competitividad y productividad de las MiPyMEs tucumanas, la generaci\u00f3n de empleo y el crecimiento socioecon\u00f3mico provincial.<\/p>\n<p><strong>Objetivo espec\u00edfico y resultados esperados:<\/strong><\/p>\n<p>Implementar un plan de acci\u00f3n interinstitucional con impacto a corto, mediano y largo plazo, con el objetivo de transferir los conocimientos, m\u00e9todos y herramientas de la mejora continua japonesa (KAIZEN), a los futuros recursos humanos y l\u00edderes PyME, empresarios, al Estado y a la sociedad tucumana, asistiendo en el entendimiento e implementaci\u00f3n exitosa de estas habilidades.<\/p>\n<p>Si desea recibir notificaciones sobre pr\u00f3ximos eventos del proyecto KAIZEN, complete el siguiente formulario\u00a0<a href=\"https:\/\/goo.gl\/forms\/4VvTrxWqbD5onFIx2\" target=\"_blank\" rel=\"noopener noreferrer\"><em><span style=\"color: #0000ee;\"><b><u>AQU\u00cd<\/u><\/b><\/span><b>.<\/b><\/em><\/a><\/p>\n<h1 style=\"text-align: center;\"><strong>ACTIVIDADES REALIZADAS:<\/strong><\/h1>\n<p><a href=\"http:\/\/181.14.240.59\/Portal\/?p=8509\" target=\"_blank\" rel=\"noopener noreferrer\">1\u00b0 Jornada Provincial en KAIZEN<\/a><\/p>\n<p><a href=\"http:\/\/181.14.240.59\/Portal\/?page_id=9365\">2\u00b0 Seminario Internacional KAIZEN<\/a><\/p>\n<p><a href=\"http:\/\/181.14.240.59\/Portal\/?p=11925\" target=\"_blank\" rel=\"noopener noreferrer\">Seminario en KAIZEN \u2013 Mejora Continua Japonesa para PyMES<\/a><\/p>\n","protected":false},"excerpt":{"rendered":"<p>El PROKAI es una iniciativa del Gobierno de Tucum\u00e1n, a trav\u00e9s del Ministerio de Desarrollo Productivo, desarrollado en conjunto con el Ministerio de Educaci\u00f3n, el Instituto Nacional de Tecnolog\u00eda Industrial (INTI) y el apoyo de la Agencia de Cooperaci\u00f3n Internacional de Jap\u00f3n (JICA) del Gobierno de Jap\u00f3n. Este programa es \u00fanico en Am\u00e9rica Latina, debido [&hellip;]<\/p>\n","protected":false},"author":12,"featured_media":9500,"parent":3012,"menu_order":136,"comment_status":"open","ping_status":"open","template":"","meta":[],"_links":{"self":[{"href":"http:\/\/portal.empleotucuman.gob.ar\/Portal\/index.php?rest_route=\/wp\/v2\/pages\/9486"}],"collection":[{"href":"http:\/\/portal.empleotucuman.gob.ar\/Portal\/index.php?rest_route=\/wp\/v2\/pages"}],"about":[{"href":"http:\/\/portal.empleotucuman.gob.ar\/Portal\/index.php?rest_route=\/wp\/v2\/types\/page"}],"author":[{"embeddable":true,"href":"http:\/\/portal.empleotucuman.gob.ar\/Portal\/index.php?rest_route=\/wp\/v2\/users\/12"}],"replies":[{"embeddable":true,"href":"http:\/\/portal.empleotucuman.gob.ar\/Portal\/index.php?rest_route=%2Fwp%2Fv2%2Fcomments&post=9486"}],"version-history":[{"count":14,"href":"http:\/\/portal.empleotucuman.gob.ar\/Portal\/index.php?rest_route=\/wp\/v2\/pages\/9486\/revisions"}],"predecessor-version":[{"id":11973,"href":"http:\/\/portal.empleotucuman.gob.ar\/Portal\/index.php?rest_route=\/wp\/v2\/pages\/9486\/revisions\/11973"}],"up":[{"embeddable":true,"href":"http:\/\/portal.empleotucuman.gob.ar\/Portal\/index.php?rest_route=\/wp\/v2\/pages\/3012"}],"wp:featuredmedia":[{"embeddable":true,"href":"http:\/\/portal.empleotucuman.gob.ar\/Portal\/index.php?rest_route=\/wp\/v2\/media\/9500"}],"wp:attachment":[{"href":"http:\/\/portal.empleotucuman.gob.ar\/Portal\/index.php?rest_route=%2Fwp%2Fv2%2Fmedia&parent=9486"}],"curies":[{"name":"wp","href":"https:\/\/api.w.org\/{rel}","templated":true}]}}