
{"id":7201,"date":"2018-05-11T10:32:09","date_gmt":"2018-05-11T13:32:09","guid":{"rendered":"http:\/\/181.14.240.59\/Portal\/?page_id=7201"},"modified":"2021-03-15T13:09:28","modified_gmt":"2021-03-15T16:09:28","slug":"para-quienes-no-fueron-adjudicados","status":"publish","type":"page","link":"http:\/\/portal.empleotucuman.gob.ar\/Portal\/?page_id=7201","title":{"rendered":"Para qui\u00e9nes no fueron adjudicados"},"content":{"rendered":"<article class=\"content_format col-md-8 col-md-push-4\">\n<div class=\"panel-pane pane-texto\">\n<div class=\"pane-content\">\n<div class=\"\">\n<h4><strong>No fui adjudicado, \u00bfC\u00f3mo puedo conocer el motivo?<\/strong><\/h4>\n<ul>\n<li>Terminalidad Primaria \u2013 Secundaria o Formaci\u00f3n Profesional: Si no te fue adjudicada la beca es porque no cumpliste con los requisitos socioecon\u00f3micos necesarios para aplicar seg\u00fan lo oportunamente informado en el siguiente link: <a href=\"http:\/\/181.14.240.59\/Portal\/?page_id=627\" target=\"_blank\" rel=\"noopener noreferrer\">Becas Progresar<\/a><\/li>\n<\/ul>\n<p>Pod\u00e9s saber cu\u00e1l fue el motivo por el cual no pasaste este control, y realizando el reclamo correspondiente, llamando al 130 o en cualquier oficina de ANSES.<\/p>\n<ul>\n<li>Nivel Superior:\u00a0 Consulta el motivo de rechazo con tu usuario y contrase\u00f1a en <a href=\"https:\/\/becasprogresar.educacion.gob.ar\/\" target=\"_blank\" rel=\"noopener noreferrer\">Becas Progresar<\/a>.<\/li>\n<\/ul>\n<p>Para cualquier nivel, en el caso que no hayas pasado el control socio-econ\u00f3mico, podes conocer los datos registrados de tu grupo familiar, ingresando a www.anses.gob.ar, secci\u00f3n Mi ANSES con tu clave de la seguridad social.<\/p>\n<p>Una vez que ingresas, hac\u00e9 clic en el \u00edcono del tel\u00e9fono (Datos de domicilio y contacto).<\/p>\n<h4><strong>\u00bfC\u00f3mo realizo un reclamo por grupo familiar incorrecto y\/o inconvenientes con los datos personales obrantes en ANSES?<\/strong><\/h4>\n<p>Si en los resultados de la adjudicaci\u00f3n de la beca se hubiera considerado un grupo familiar incorrecto, o hubiera alg\u00fan inconveniente con tu informaci\u00f3n personal, ten\u00e9s 20 (VEINTE) d\u00edas h\u00e1biles desde la fecha de la publicaci\u00f3n de los resultados para ajustar\/corregir tus datos en alguna oficina de ANSES, llevando la documentaci\u00f3n respaldatoria con fotocopia:<\/p>\n<ul>\n<li>Llev\u00e1 tu DNI y partida de nacimiento.<\/li>\n<li>Si ten\u00e9s hijos, llev\u00e1 tambi\u00e9n sus DNI y partidas de nacimiento.<\/li>\n<li>Si est\u00e1s casado\/a o viv\u00eds en pareja, llev\u00e1 la libreta de matrimonio o el certificado de convivencia y su DNI.<\/li>\n<li>Si no depend\u00e9s econ\u00f3micamente de alguno de tus padres, o desconoc\u00e9s su paradero, complet\u00e1 el\u00a0<a href=\"https:\/\/www.anses.gob.ar\/sites\/default\/files\/formulario\/2019-08\/PS%201.57%20DD.JJ%20Situacion%20Familiar_0.pdf\" target=\"_blank\" rel=\"noopener noreferrer\">Formulario PS 1.57 &#8211; Declaraci\u00f3n Jurada Situaci\u00f3n Familiar<\/a>\u00a0y present\u00e1 alguna de estas documentaciones:\n<ul>\n<li>Informaci\u00f3n Sumaria Judicial emitida por Juzgado de Familia (donde conste desconocimiento de paradero del padre\/madre); o<\/li>\n<li>Documentaci\u00f3n por juicio por alimentos; o<\/li>\n<li>Denuncia por violencia familiar; o<\/li>\n<li>Certificado que avale la residencia en un Instituto u Hogar de menores.<\/li>\n<\/ul>\n<\/li>\n<\/ul>\n<h4><strong>\u00bfC\u00f3mo realizo un reclamo por una evaluaci\u00f3n acad\u00e9mica que considero incorrecta?<\/strong><\/h4>\n<p>Si en los resultados de la no adjudicaci\u00f3n de la beca se hubiera considerado una evaluaci\u00f3n acad\u00e9mica que consider\u00e1s incorrecta, ten\u00e9s 20 (VEINTE) d\u00edas h\u00e1biles desde la fecha de la publicaci\u00f3n de los resultados, para realizar el reclamo correspondiente, ingresando con tu usuario y contrase\u00f1a en\u00a0<a href=\"https:\/\/becasprogresar.educacion.gob.ar\/\" target=\"_blank\" rel=\"noopener noreferrer\">Becas Progresar<\/a>, y segu\u00ed los pasos.<\/p>\n<h4><strong>\u00bfCu\u00e1ndo tendr\u00e9 respuesta acerca de mi reclamo?<\/strong><\/h4>\n<p>Dentro de los 60 (sesenta) d\u00edas h\u00e1biles de ingresado tu reclamo. Luego de haber efectuado el reclamo por los resultados de la evaluaci\u00f3n acad\u00e9mica a\u00a0<a href=\"https:\/\/becasprogresar.educacion.gob.ar\/\" target=\"_blank\" rel=\"noopener noreferrer\">Becas Progresar<\/a>\u00a0o de haber ajustado\/corregido tus datos en alguna de las oficinas de ANSES.<\/p>\n<\/div>\n<\/div>\n<\/div>\n<\/article>\n<aside class=\"col-md-4 col-md-pull-8\">\n<div class=\"panel-pane pane-node-book-nav\">\n<div class=\"pane-content\">\n<div id=\"book-navigation-83371\" class=\"book-navigation\">\n<div class=\"nav nav-pills nav-stacked\">\n<nav class=\"page-sidebar\">\n<ul class=\"nav nav-pills nav-stacked\">\n<li class=\"btn-title \"><a href=\"https:\/\/www.argentina.gob.ar\/becasprogresar\/preguntas\" target=\"_blank\" rel=\"noopener noreferrer\">Preguntas frecuentes &#8211; Becas Progresar<\/a><\/li>\n<\/ul>\n<\/nav>\n<\/div>\n<\/div>\n<\/div>\n<\/div>\n<\/aside>\n","protected":false},"excerpt":{"rendered":"<p>No fui adjudicado, \u00bfC\u00f3mo puedo conocer el motivo? Terminalidad Primaria \u2013 Secundaria o Formaci\u00f3n Profesional: Si no te fue adjudicada la beca es porque no cumpliste con los requisitos socioecon\u00f3micos necesarios para aplicar seg\u00fan lo oportunamente informado en el siguiente link: Becas Progresar Pod\u00e9s saber cu\u00e1l fue el motivo por el cual no pasaste este [&hellip;]<\/p>\n","protected":false},"author":12,"featured_media":11841,"parent":627,"menu_order":82,"comment_status":"closed","ping_status":"closed","template":"","meta":[],"_links":{"self":[{"href":"http:\/\/portal.empleotucuman.gob.ar\/Portal\/index.php?rest_route=\/wp\/v2\/pages\/7201"}],"collection":[{"href":"http:\/\/portal.empleotucuman.gob.ar\/Portal\/index.php?rest_route=\/wp\/v2\/pages"}],"about":[{"href":"http:\/\/portal.empleotucuman.gob.ar\/Portal\/index.php?rest_route=\/wp\/v2\/types\/page"}],"author":[{"embeddable":true,"href":"http:\/\/portal.empleotucuman.gob.ar\/Portal\/index.php?rest_route=\/wp\/v2\/users\/12"}],"replies":[{"embeddable":true,"href":"http:\/\/portal.empleotucuman.gob.ar\/Portal\/index.php?rest_route=%2Fwp%2Fv2%2Fcomments&post=7201"}],"version-history":[{"count":7,"href":"http:\/\/portal.empleotucuman.gob.ar\/Portal\/index.php?rest_route=\/wp\/v2\/pages\/7201\/revisions"}],"predecessor-version":[{"id":10736,"href":"http:\/\/portal.empleotucuman.gob.ar\/Portal\/index.php?rest_route=\/wp\/v2\/pages\/7201\/revisions\/10736"}],"up":[{"embeddable":true,"href":"http:\/\/portal.empleotucuman.gob.ar\/Portal\/index.php?rest_route=\/wp\/v2\/pages\/627"}],"wp:featuredmedia":[{"embeddable":true,"href":"http:\/\/portal.empleotucuman.gob.ar\/Portal\/index.php?rest_route=\/wp\/v2\/media\/11841"}],"wp:attachment":[{"href":"http:\/\/portal.empleotucuman.gob.ar\/Portal\/index.php?rest_route=%2Fwp%2Fv2%2Fmedia&parent=7201"}],"curies":[{"name":"wp","href":"https:\/\/api.w.org\/{rel}","templated":true}]}}