
{"id":6767,"date":"2017-12-05T09:26:47","date_gmt":"2017-12-05T12:26:47","guid":{"rendered":"http:\/\/181.14.240.59\/Portal\/?page_id=6767"},"modified":"2022-05-31T15:59:54","modified_gmt":"2022-05-31T18:59:54","slug":"guia-de-financiamiento-2-2","status":"publish","type":"page","link":"http:\/\/portal.empleotucuman.gob.ar\/Portal\/?page_id=6767","title":{"rendered":"<strong>\u00bb GU\u00cdA MIPYME<\/strong>"},"content":{"rendered":"<p>La Gu\u00eda MiPyME es un documento digital de acceso p\u00fablico y gratuito.<\/p>\n<p>Concentra la oferta de agregado de valor para PyMEs, ya sea:<\/p>\n<ul>\n<li>Alternativas financieras: provinciales y nacionales, de bancos p\u00fablicos y privados.<\/li>\n<li>Alternativas No financieras: beneficios, asistencia t\u00e9cnica, servicios de agregado de valor de entidades p\u00fablicas y privadas, provinciales y nacionales.<\/li>\n<li>Informaci\u00f3n relevante: Categorizaci\u00f3n PyME, instituciones intermedias de apoyo PyME, Expertos PyME, entre otros.<\/li>\n<\/ul>\n<p>En total la Gu\u00eda MiPyME contiene mas de 200 programas \/ beneficios \/ herramientas para las MiPyMEs tucumanas.<\/p>\n<p>Se relevaron mas de 25 entidades p\u00fablicas y privadas, nacionales y provinciales.<\/p>\n<div data-url=\"https:\/\/issuu.com\/mipymeyempleo\/docs\/guia_mipyme_-_junio_2022\" style=\"width: 440px; height: 311px;\" class=\"issuuembed\"><\/div>\n<p><script type=\"text\/javascript\" src=\"\/\/e.issuu.com\/embed.js\" async=\"true\"><\/script><\/p>\n<p><span style=\"color: #3366ff;\"><strong>Descargar Gu\u00eda MiPyME &#8211; Edici\u00f3n Junio 2022<\/strong><\/span><\/p>\n<p><button class=\"pdf\"><a href=\"http:\/\/181.14.240.59\/Portal\/wp-content\/uploads\/2022\/05\/GUIA-MIPYME-JUNIO-2022.pdf\" download><span>Descargar archivo<\/span><\/a><\/button><\/p>\n<p><span style=\"color: #000000;\"><strong>+Info:<br \/>\n<\/strong><strong>E-mail: <a href=\"mailto:contacto@mipyme.gob.ar\">contacto@mipyme.gob.ar<\/a><br \/>\n<\/strong><strong>Tel:\u00a0<\/strong>(0381) 4218810\/4228373<br \/>\n<strong>Direcci\u00f3n:<\/strong> Charcas 50<\/span><\/p>\n","protected":false},"excerpt":{"rendered":"<p>La Gu\u00eda MiPyME es un documento digital de acceso p\u00fablico y gratuito. Concentra la oferta de agregado de valor para PyMEs, ya sea: Alternativas financieras: provinciales y nacionales, de bancos p\u00fablicos y privados. Alternativas No financieras: beneficios, asistencia t\u00e9cnica, servicios de agregado de valor de entidades p\u00fablicas y privadas, provinciales y nacionales. Informaci\u00f3n relevante: Categorizaci\u00f3n [&hellip;]<\/p>\n","protected":false},"author":12,"featured_media":0,"parent":3012,"menu_order":73,"comment_status":"closed","ping_status":"closed","template":"","meta":[],"_links":{"self":[{"href":"http:\/\/portal.empleotucuman.gob.ar\/Portal\/index.php?rest_route=\/wp\/v2\/pages\/6767"}],"collection":[{"href":"http:\/\/portal.empleotucuman.gob.ar\/Portal\/index.php?rest_route=\/wp\/v2\/pages"}],"about":[{"href":"http:\/\/portal.empleotucuman.gob.ar\/Portal\/index.php?rest_route=\/wp\/v2\/types\/page"}],"author":[{"embeddable":true,"href":"http:\/\/portal.empleotucuman.gob.ar\/Portal\/index.php?rest_route=\/wp\/v2\/users\/12"}],"replies":[{"embeddable":true,"href":"http:\/\/portal.empleotucuman.gob.ar\/Portal\/index.php?rest_route=%2Fwp%2Fv2%2Fcomments&post=6767"}],"version-history":[{"count":82,"href":"http:\/\/portal.empleotucuman.gob.ar\/Portal\/index.php?rest_route=\/wp\/v2\/pages\/6767\/revisions"}],"predecessor-version":[{"id":12856,"href":"http:\/\/portal.empleotucuman.gob.ar\/Portal\/index.php?rest_route=\/wp\/v2\/pages\/6767\/revisions\/12856"}],"up":[{"embeddable":true,"href":"http:\/\/portal.empleotucuman.gob.ar\/Portal\/index.php?rest_route=\/wp\/v2\/pages\/3012"}],"wp:attachment":[{"href":"http:\/\/portal.empleotucuman.gob.ar\/Portal\/index.php?rest_route=%2Fwp%2Fv2%2Fmedia&parent=6767"}],"curies":[{"name":"wp","href":"https:\/\/api.w.org\/{rel}","templated":true}]}}