
{"id":627,"date":"2014-03-13T17:40:09","date_gmt":"2014-03-13T20:40:09","guid":{"rendered":"http:\/\/181.14.240.59\/Portal\/?page_id=627"},"modified":"2021-03-18T08:41:50","modified_gmt":"2021-03-18T11:41:50","slug":"progresar","status":"publish","type":"page","link":"http:\/\/portal.empleotucuman.gob.ar\/Portal\/?page_id=627","title":{"rendered":"BECA PROGRESAR"},"content":{"rendered":"<blockquote><p>Desde el <strong>01 de Marzo al 30 de Abril<\/strong> del corriente a\u00f1o, estar\u00e1n abiertas las inscripciones para la <strong>BECA PROGRESAR (Nivel Obligatorio y Nivel Superior). <\/strong><\/p>\n<p>Para el <strong>Nivel Formaci\u00f3n Profesional (Progresar Trabajo)<\/strong>, la inscripci\u00f3n se extiende <strong>hasta el 30 de noviembre<\/strong>.<\/p><\/blockquote>\n<p><strong>OBJETIVOS GENERALES<\/strong><\/p>\n<ul>\n<li>Fortalecer el ingreso, permanencia y egreso de los estudiantes.<\/li>\n<li>Potenciar carreras demandadas y esenciales para el desarrollo de nuestro pa\u00eds.<\/li>\n<li>Costear los estudios de j\u00f3venes que no cuentan con medios propios para hacerlo.<\/li>\n<\/ul>\n<p><em><strong>Poblaci\u00f3n Prioritaria (Vulnerabilidad Multidimensional)<\/strong><\/em><\/p>\n<p><em>Se entiende como grupo en condici\u00f3n de vulnerabilidad multidimensional priorizado, a aquellos grupos que hist\u00f3ricamente han sufrido exclusiones y\/o violencias (simb\u00f3licas, materiales o de otro tipo), independientemente de las socioecon\u00f3micas.<\/em><\/p>\n<ul>\n<li>Madres de hogares monoparentales con hijos\/as de hasta 18 a\u00f1os, en nivel superior con l\u00edmite de edad hasta 35 a\u00f1os.<\/li>\n<li>Personas de comunidades ind\u00edgenas y\/o pertenecientes a pueblos originarios sin l\u00edmite de edad en todos los niveles.<\/li>\n<li>Personas con discapacidad sin l\u00edmite de edad en todos los niveles.<\/li>\n<li>Personas trans sin l\u00edmite de edad en todos los niveles.<\/li>\n<li>Personas refugiadas sin l\u00edmite de edad en todos los niveles.<\/li>\n<\/ul>\n<p><em><strong>Proceso de evaluaci\u00f3n:<\/strong><\/em><\/p>\n<p>La evaluaci\u00f3n est\u00e1 conformada por 2 etapas, la <strong>evaluaci\u00f3n socioecon\u00f3mica<\/strong> y la <strong>evaluaci\u00f3n acad\u00e9mica.<\/strong><\/p>\n<p>La <em><strong>evaluaci\u00f3n socioecon\u00f3mica<\/strong><\/em> se realizar\u00e1 a trav\u00e9s de ANSES en funci\u00f3n de los ingresos del\/la postulante y los de su grupo familiar que se registren en las bases de datos de dicho organismo al momento de la inscripci\u00f3n. <em>Por eso es importante que mantengas los datos tuyos y\/o de tu grupo familiar actualizados.<\/em><\/p>\n<p>La <em><strong>evaluaci\u00f3n acad\u00e9mica<\/strong><\/em> se realizar\u00e1 conforme a:<\/p>\n<ol>\n<li>El a\u00f1o de ingreso definido por el presente apartado y en virtud de la informaci\u00f3n brindada por cada instituci\u00f3n educativa.<\/li>\n<li>La duraci\u00f3n de la carrera seg\u00fan plan de estudios y en virtud de informaci\u00f3n brindada por cada instituci\u00f3n educativa.<\/li>\n<li>La cantidad de materias seg\u00fan plan de estudios y en virtud la informaci\u00f3n brindada por cada instituci\u00f3n educativa.<\/li>\n<li>Regularidad seg\u00fan lo establecido por la instituci\u00f3n educativa<\/li>\n<\/ol>\n<blockquote><p><strong>Importante:\u00a0<\/strong>ACTUALIZ\u00c1 TUS DATOS PERSONALES Y V\u00cdNCULOS FAMILIARES.<\/p><\/blockquote>\n<p>Revis\u00e1 si tus datos personales y v\u00ednculos familiares est\u00e1n actualizados en <a href=\"https:\/\/servicioscorp.anses.gob.ar\/clavelogon\/logon.aspx?system=mianses\" target=\"_blank\" rel=\"noopener noreferrer\">Mi ANSES<\/a> o llamando al 130. Si no est\u00e1n actualizados, vas a tener que llevar la documentaci\u00f3n a una oficina de ANSES.<\/p>\n<ul>\n<li>DNI (Original y Fotocopia) del solicitante.<\/li>\n<li>Acta de nacimiento.<\/li>\n<li>Fotocopia de DNI del padre y madre.<\/li>\n<li>Acta de defunci\u00f3n del padre\/madre (si corresponde).<\/li>\n<\/ul>\n<blockquote>\n<p style=\"text-align: center;\"><span style=\"color: #3366ff;\"><a style=\"color: #3366ff;\" href=\"https:\/\/www.youtube.com\/watch?v=S1ZRVqYGN7w\" target=\"_blank\" rel=\"noopener noreferrer\"><em><strong>C\u00f3mo recuperar mi clave Progresar<\/strong><\/em><\/a><\/span><\/p>\n<\/blockquote>\n<p>&nbsp;<\/p>\n<h2 style=\"text-align: center;\"><a href=\"http:\/\/181.14.240.59\/Portal\/?page_id=10697\" rel=\"noopener noreferrer\">\u2022 Educaci\u00f3n Obligatoria<\/a><\/h2>\n<h2 style=\"text-align: center;\"><a href=\"http:\/\/181.14.240.59\/Portal\/?page_id=10700\" rel=\"noopener noreferrer\">\u2022 Cursos de Formaci\u00f3n Profesional<\/a><\/h2>\n<h2 style=\"text-align: center;\"><a href=\"http:\/\/181.14.240.59\/Portal\/?page_id=10702\" rel=\"noopener noreferrer\">\u2022 Educaci\u00f3n Superior<\/a><\/h2>\n","protected":false},"excerpt":{"rendered":"<p>Desde el 01 de Marzo al 30 de Abril del corriente a\u00f1o, estar\u00e1n abiertas las inscripciones para la BECA PROGRESAR (Nivel Obligatorio y Nivel Superior). Para el Nivel Formaci\u00f3n Profesional (Progresar Trabajo), la inscripci\u00f3n se extiende hasta el 30 de noviembre. OBJETIVOS GENERALES Fortalecer el ingreso, permanencia y egreso de los estudiantes. Potenciar carreras demandadas [&hellip;]<\/p>\n","protected":false},"author":12,"featured_media":11841,"parent":0,"menu_order":167,"comment_status":"open","ping_status":"open","template":"","meta":[],"_links":{"self":[{"href":"http:\/\/portal.empleotucuman.gob.ar\/Portal\/index.php?rest_route=\/wp\/v2\/pages\/627"}],"collection":[{"href":"http:\/\/portal.empleotucuman.gob.ar\/Portal\/index.php?rest_route=\/wp\/v2\/pages"}],"about":[{"href":"http:\/\/portal.empleotucuman.gob.ar\/Portal\/index.php?rest_route=\/wp\/v2\/types\/page"}],"author":[{"embeddable":true,"href":"http:\/\/portal.empleotucuman.gob.ar\/Portal\/index.php?rest_route=\/wp\/v2\/users\/12"}],"replies":[{"embeddable":true,"href":"http:\/\/portal.empleotucuman.gob.ar\/Portal\/index.php?rest_route=%2Fwp%2Fv2%2Fcomments&post=627"}],"version-history":[{"count":61,"href":"http:\/\/portal.empleotucuman.gob.ar\/Portal\/index.php?rest_route=\/wp\/v2\/pages\/627\/revisions"}],"predecessor-version":[{"id":11891,"href":"http:\/\/portal.empleotucuman.gob.ar\/Portal\/index.php?rest_route=\/wp\/v2\/pages\/627\/revisions\/11891"}],"wp:featuredmedia":[{"embeddable":true,"href":"http:\/\/portal.empleotucuman.gob.ar\/Portal\/index.php?rest_route=\/wp\/v2\/media\/11841"}],"wp:attachment":[{"href":"http:\/\/portal.empleotucuman.gob.ar\/Portal\/index.php?rest_route=%2Fwp%2Fv2%2Fmedia&parent=627"}],"curies":[{"name":"wp","href":"https:\/\/api.w.org\/{rel}","templated":true}]}}