
{"id":6256,"date":"2017-09-06T09:42:57","date_gmt":"2017-09-06T12:42:57","guid":{"rendered":"http:\/\/181.14.240.59\/Portal\/?page_id=6256"},"modified":"2023-08-02T10:24:05","modified_gmt":"2023-08-02T13:24:05","slug":"programa-tucuman-capacita","status":"publish","type":"page","link":"http:\/\/portal.empleotucuman.gob.ar\/Portal\/?page_id=6256","title":{"rendered":"Programa Tucum\u00e1n Capacita"},"content":{"rendered":"<blockquote><p>\u2022 Tucum\u00e1n Capacita brinda a la poblaci\u00f3n desocupada de menores recursos -y en particular a los j\u00f3venes- herramientas de formaci\u00f3n que, mejoren sus competencias para acceder a un empleo, o desarrollen capacidades para generar iniciativas emprendedoras, que contribuyan a generar nuevos puestos laborales.<\/p>\n<p>\u2022 Esta iniciativa del Gobierno de Tucum\u00e1n, a trav\u00e9s de su Secretar\u00eda de MiPyME y Empleo del Ministerio de Desarrollo Productivo, articula acciones con la Red Provincial de Oficinas de Empleo de los Municipios y Comunas Rurales, las empresas y las Instituciones formativas, para la implementaci\u00f3n del programa.<\/p><\/blockquote>\n<h3>\u00a0<strong>Objetivos<\/strong><\/h3>\n<ul>\n<li>Brindar a las poblaciones de menores recursos mayores posibilidades de Empleabilidad<\/li>\n<li>Actualizar las competencias laborales mediante la formaci\u00f3n continua.<\/li>\n<li>Brindar apoyo a la b\u00fasqueda de Empleo.<\/li>\n<li>Lograr la inserci\u00f3n laboral en empleos de calidad.<\/li>\n<li>Apoyo para el desarrollo de capacidades de iniciativas emprendedoras, de manera individual o asociativa.<\/li>\n<li>Brindar Fortalecimiento Institucional a la red de Empleo.<\/li>\n<\/ul>\n<h3 style=\"text-align: left;\"><strong>Destinatarios\u00a0<\/strong><\/h3>\n<p>Poblaci\u00f3n desocupada de menores recursos y en particular a los j\u00f3venes.<\/p>\n<h3 style=\"text-align: left;\"><strong>Beneficios<\/strong><\/h3>\n<ul>\n<li>Capacitaci\u00f3n gratuita.<\/li>\n<li>Certificaci\u00f3n de Aprobaci\u00f3n del Curso de Capacitaci\u00f3n.<\/li>\n<li>Intermediaci\u00f3n laboral en empresas.<\/li>\n<li>Asistencia t\u00e9cnica para el autoempleo.<\/li>\n<\/ul>\n<blockquote><p><span style=\"color: #3366ff;\"><strong>Consultas:<\/strong> Solo por estos canales de comunicaci\u00f3n<\/span><\/p>\n<ul>\n<li><span style=\"color: #3366ff;\"><em><strong>WhatsApp:<\/strong><\/em> 381 5 442347<\/span><\/li>\n<li><span style=\"color: #3366ff;\"><em><strong>Mail:<\/strong><\/em> capacitaciones@empleotucuman.gob.ar<\/span><\/li>\n<\/ul>\n<\/blockquote>\n<h3 style=\"text-align: left;\"><strong>L\u00edneas de acci\u00f3n<\/strong><\/h3>\n<p style=\"text-align: left;\">El Programa cuenta con distintas l\u00edneas de capacitaciones en diferentes tem\u00e1ticas, acorde al perfil productivo de cada localidad, a las demandas de la poblaci\u00f3n objetivo y de las empresas, para generar empleo de calidad.<\/p>\n<p><strong>A)<\/strong> <em>Talleres de Orientaci\u00f3n y B\u00fasqueda de Empleo:<\/em><br \/>\nEncaminando mi Primer Empleo.<br \/>\nTrayectoria y Entrevista Laboral.<br \/>\nArmado de Curriculum Vitae.<\/p>\n<p><strong>B)<\/strong> <em>Formaci\u00f3n en Oficios:<\/em><br \/>\nComercio. Servicios. Administraci\u00f3n. Turismo y Salud.<br \/>\nAgropecuarios- Alimentos.<br \/>\nMec\u00e1nica. Metalmec\u00e1nica. Construcci\u00f3n.<\/p>\n<p><strong>C)<\/strong> <em>Emprendedurismo:<\/em><br \/>\nMi Proyecto de Trabajo.<br \/>\nFormulaci\u00f3n de Plan de Negocios.<br \/>\nComercializaci\u00f3n.<br \/>\nNormativa Legal y Fiscal.<\/p>\n","protected":false},"excerpt":{"rendered":"<p>\u2022 Tucum\u00e1n Capacita brinda a la poblaci\u00f3n desocupada de menores recursos -y en particular a los j\u00f3venes- herramientas de formaci\u00f3n que, mejoren sus competencias para acceder a un empleo, o desarrollen capacidades para generar iniciativas emprendedoras, que contribuyan a generar nuevos puestos laborales. \u2022 Esta iniciativa del Gobierno de Tucum\u00e1n, a trav\u00e9s de su Secretar\u00eda [&hellip;]<\/p>\n","protected":false},"author":12,"featured_media":12111,"parent":21,"menu_order":155,"comment_status":"open","ping_status":"open","template":"","meta":[],"_links":{"self":[{"href":"http:\/\/portal.empleotucuman.gob.ar\/Portal\/index.php?rest_route=\/wp\/v2\/pages\/6256"}],"collection":[{"href":"http:\/\/portal.empleotucuman.gob.ar\/Portal\/index.php?rest_route=\/wp\/v2\/pages"}],"about":[{"href":"http:\/\/portal.empleotucuman.gob.ar\/Portal\/index.php?rest_route=\/wp\/v2\/types\/page"}],"author":[{"embeddable":true,"href":"http:\/\/portal.empleotucuman.gob.ar\/Portal\/index.php?rest_route=\/wp\/v2\/users\/12"}],"replies":[{"embeddable":true,"href":"http:\/\/portal.empleotucuman.gob.ar\/Portal\/index.php?rest_route=%2Fwp%2Fv2%2Fcomments&post=6256"}],"version-history":[{"count":12,"href":"http:\/\/portal.empleotucuman.gob.ar\/Portal\/index.php?rest_route=\/wp\/v2\/pages\/6256\/revisions"}],"predecessor-version":[{"id":13726,"href":"http:\/\/portal.empleotucuman.gob.ar\/Portal\/index.php?rest_route=\/wp\/v2\/pages\/6256\/revisions\/13726"}],"up":[{"embeddable":true,"href":"http:\/\/portal.empleotucuman.gob.ar\/Portal\/index.php?rest_route=\/wp\/v2\/pages\/21"}],"wp:featuredmedia":[{"embeddable":true,"href":"http:\/\/portal.empleotucuman.gob.ar\/Portal\/index.php?rest_route=\/wp\/v2\/media\/12111"}],"wp:attachment":[{"href":"http:\/\/portal.empleotucuman.gob.ar\/Portal\/index.php?rest_route=%2Fwp%2Fv2%2Fmedia&parent=6256"}],"curies":[{"name":"wp","href":"https:\/\/api.w.org\/{rel}","templated":true}]}}