
{"id":590,"date":"2014-03-11T09:36:54","date_gmt":"2014-03-11T12:36:54","guid":{"rendered":"http:\/\/181.14.240.59\/Portal\/?page_id=590"},"modified":"2024-07-22T10:12:42","modified_gmt":"2024-07-22T13:12:42","slug":"programa-de-insercion-laboral","status":"publish","type":"page","link":"http:\/\/portal.empleotucuman.gob.ar\/Portal\/?page_id=590","title":{"rendered":"Programa de Inserci\u00f3n Laboral"},"content":{"rendered":"<blockquote><p>Tiene por objetivo la promoci\u00f3n, motivaci\u00f3n e inserci\u00f3n al mercado laboral brindando apoyo econ\u00f3mico a su empresa.<\/p><\/blockquote>\n<h3>\u00bfQui\u00e9nes pueden participar del Programa de Inserci\u00f3n Laboral?<\/h3>\n<ul>\n<li>FOMENTAR con prioridad 1 o 2.<\/li>\n<li>PROG.R.ES.AR<\/li>\n<li>Programa Volver al Trabajo (VAT)<\/li>\n<li>Beneficiarios de PROMOVER<\/li>\n<li>Desocupados egresados de un curso de formaci\u00f3n profesional dictados por el MTEySS<\/li>\n<\/ul>\n<h3>Obligaciones del Organismo ejecutor<\/h3>\n<p>Abonar la diferencia completando el sueldo seg\u00fan convenio colectivo de trabajo. El pago de las contribuciones a la Seguridad Social se realiza sobre la totalidad del salario.<\/p>\n<h3>Jornada Completa<\/h3>\n<table style=\"height: 224px;\" border=\"0\" width=\"767\" cellspacing=\"0\" cellpadding=\"0\">\n<tbody>\n<tr style=\"height: 24px;\">\n<th style=\"height: 24px; width: 269px;\">Tipos de Empresas<\/th>\n<th style=\"height: 24px; width: 227px;\">Mujeres\/Personas no Binarias<\/th>\n<th style=\"height: 24px; width: 263px;\">Varones<\/th>\n<\/tr>\n<tr style=\"height: 48px;\">\n<td style=\"height: 48px; width: 269px;\">Micro empresa<br \/>\n(0 a 5 trabajadores)<\/td>\n<td style=\"height: 48px; width: 227px; text-align: center;\">$52.000<\/td>\n<td style=\"height: 48px; width: 263px; text-align: center;\">$47.000<\/td>\n<\/tr>\n<tr style=\"height: 48px;\">\n<td style=\"height: 48px; width: 269px;\">Peque\u00f1as<br \/>\n(6 a 15 trabajadores)<\/td>\n<td style=\"height: 48px; width: 227px; text-align: center;\">$47.000<\/td>\n<td style=\"height: 48px; width: 263px; text-align: center;\">$41.500<\/td>\n<\/tr>\n<tr style=\"height: 48px;\">\n<td style=\"height: 48px; width: 269px;\">Medianas<br \/>\n(16 a 80 trabajadores)<\/td>\n<td style=\"height: 48px; width: 227px; text-align: center;\">$41.000<\/td>\n<td style=\"height: 48px; width: 263px; text-align: center;\">$36.000<\/td>\n<\/tr>\n<tr style=\"height: 56px;\">\n<td style=\"height: 56px; width: 269px;\">Grandes<br \/>\n(+81 trabajadores)<\/td>\n<td style=\"height: 56px; width: 227px; text-align: center;\">$37.000<\/td>\n<td style=\"height: 56px; width: 263px; text-align: center;\">$32.000<\/td>\n<\/tr>\n<\/tbody>\n<\/table>\n<h3>Jornada Parcial<\/h3>\n<table style=\"height: 224px;\" border=\"0\" width=\"767\" cellspacing=\"0\" cellpadding=\"0\">\n<tbody>\n<tr style=\"height: 24px;\">\n<th style=\"height: 24px; width: 269px;\">Tipos de Empresas<\/th>\n<th style=\"height: 24px; width: 227px;\">Mujeres\/Personas no Binarias<\/th>\n<th style=\"height: 24px; width: 263px;\">Varones<\/th>\n<\/tr>\n<tr style=\"height: 48px;\">\n<td style=\"height: 48px; width: 269px;\">Micro empresa<br \/>\n(0 a 5 trabajadores)<\/td>\n<td style=\"height: 48px; width: 227px; text-align: center;\">$22.000<\/td>\n<td style=\"height: 48px; width: 263px; text-align: center;\">$20.000<\/td>\n<\/tr>\n<tr style=\"height: 48px;\">\n<td style=\"height: 48px; width: 269px;\">Peque\u00f1as<br \/>\n(6 a 15 trabajadores)<\/td>\n<td style=\"height: 48px; width: 227px; text-align: center;\">$19.500<\/td>\n<td style=\"height: 48px; width: 263px; text-align: center;\">$17.500<\/td>\n<\/tr>\n<tr style=\"height: 48px;\">\n<td style=\"height: 48px; width: 269px;\">Medianas<br \/>\n(16 a 80 trabajadores)<\/td>\n<td style=\"height: 48px; width: 227px; text-align: center;\">$17.000<\/td>\n<td style=\"height: 48px; width: 263px; text-align: center;\">$15.000<\/td>\n<\/tr>\n<tr style=\"height: 56px;\">\n<td style=\"height: 56px; width: 269px;\">Grandes<br \/>\n(+81 trabajadores)<\/td>\n<td style=\"height: 56px; width: 227px; text-align: center;\">$15.000<\/td>\n<td style=\"height: 56px; width: 263px; text-align: center;\">$13.000<\/td>\n<\/tr>\n<\/tbody>\n<\/table>\n<h3><strong>Formulario para Presentaci\u00f3n de PIL<\/strong>:<\/h3>\n<p><button class=\"docx\"><a href=\"http:\/\/181.14.240.59\/Portal\/wp-content\/uploads\/2014\/03\/PIL.docx\" download><span>Descargar archivo<\/span><\/a><\/button><\/p>\n<blockquote><p>Por m\u00e1s informaci\u00f3n o solicitar promotor comun\u00edcate al: (0381) 422-8420\/08<\/p><\/blockquote>\n","protected":false},"excerpt":{"rendered":"<p>Tiene por objetivo la promoci\u00f3n, motivaci\u00f3n e inserci\u00f3n al mercado laboral brindando apoyo econ\u00f3mico a su empresa. \u00bfQui\u00e9nes pueden participar del Programa de Inserci\u00f3n Laboral? FOMENTAR con prioridad 1 o 2. PROG.R.ES.AR Programa Volver al Trabajo (VAT) Beneficiarios de PROMOVER Desocupados egresados de un curso de formaci\u00f3n profesional dictados por el MTEySS Obligaciones del Organismo [&hellip;]<\/p>\n","protected":false},"author":12,"featured_media":0,"parent":19,"menu_order":184,"comment_status":"open","ping_status":"open","template":"","meta":[],"_links":{"self":[{"href":"http:\/\/portal.empleotucuman.gob.ar\/Portal\/index.php?rest_route=\/wp\/v2\/pages\/590"}],"collection":[{"href":"http:\/\/portal.empleotucuman.gob.ar\/Portal\/index.php?rest_route=\/wp\/v2\/pages"}],"about":[{"href":"http:\/\/portal.empleotucuman.gob.ar\/Portal\/index.php?rest_route=\/wp\/v2\/types\/page"}],"author":[{"embeddable":true,"href":"http:\/\/portal.empleotucuman.gob.ar\/Portal\/index.php?rest_route=\/wp\/v2\/users\/12"}],"replies":[{"embeddable":true,"href":"http:\/\/portal.empleotucuman.gob.ar\/Portal\/index.php?rest_route=%2Fwp%2Fv2%2Fcomments&post=590"}],"version-history":[{"count":18,"href":"http:\/\/portal.empleotucuman.gob.ar\/Portal\/index.php?rest_route=\/wp\/v2\/pages\/590\/revisions"}],"predecessor-version":[{"id":14239,"href":"http:\/\/portal.empleotucuman.gob.ar\/Portal\/index.php?rest_route=\/wp\/v2\/pages\/590\/revisions\/14239"}],"up":[{"embeddable":true,"href":"http:\/\/portal.empleotucuman.gob.ar\/Portal\/index.php?rest_route=\/wp\/v2\/pages\/19"}],"wp:attachment":[{"href":"http:\/\/portal.empleotucuman.gob.ar\/Portal\/index.php?rest_route=%2Fwp%2Fv2%2Fmedia&parent=590"}],"curies":[{"name":"wp","href":"https:\/\/api.w.org\/{rel}","templated":true}]}}