
{"id":3654,"date":"2016-07-21T02:00:55","date_gmt":"2016-07-21T05:00:55","guid":{"rendered":"http:\/\/181.14.240.59\/Portal\/?page_id=3654"},"modified":"2016-07-22T02:39:55","modified_gmt":"2016-07-22T05:39:55","slug":"empadronamiento-muncipal-de-tributos","status":"publish","type":"page","link":"http:\/\/portal.empleotucuman.gob.ar\/Portal\/?page_id=3654","title":{"rendered":"Empadronamiento municipal de tributos"},"content":{"rendered":"<p>Para empadronarse en el Tributo de Emergencia Municipal (TEM) y en el Tributo de Publicidad y Propaganda (P. y P.) deben concurrir personalmente a la Direcci\u00f3n de Ingresos Municipales de la Municipalidad de San Miguel de Tucum\u00e1n sita en 24 de Setiembre 334.<\/p>\n<p>La documentaci\u00f3n a presentar es la siguiente:<\/p>\n<ul>\n<li><strong>El formulario de empadronamiento<\/strong>FAE 13\u00a0(entregado por la DIM)<\/li>\n<li><strong>Declaraci\u00f3n Anual de Categorizaci\u00f3n <\/strong>FAE 14<\/li>\n<li><strong>declaraci\u00f3n jurada de tributo a la Publicidad y Propaganda <\/strong>FOT 30<\/li>\n<li><strong>DNI y copia<\/strong><\/li>\n<li><strong>Constancia de inscripci\u00f3n ante la AFIP<\/strong>, con original y copia<\/li>\n<li><strong>Reflejo de Datos <\/strong>del sistema Registral de la AFIP.<\/li>\n<li><strong>Inscripci\u00f3n en DGR <\/strong><\/li>\n<li><strong>T\u00edtulo de Propiedad o Contrato de Alquiler <\/strong>del local donde se desarrolla la actividad comercial. En caso de desarrollar actividad sin local comercial, este no ser\u00e1 requisito para el empadronamiento.<\/li>\n<\/ul>\n","protected":false},"excerpt":{"rendered":"<p>Para empadronarse en el Tributo de Emergencia Municipal (TEM) y en el Tributo de Publicidad y Propaganda (P. y P.) deben concurrir personalmente a la Direcci\u00f3n de Ingresos Municipales de la Municipalidad de San Miguel de Tucum\u00e1n sita en 24 de Setiembre 334. La documentaci\u00f3n a presentar es la siguiente: El formulario de empadronamientoFAE 13\u00a0(entregado [&hellip;]<\/p>\n","protected":false},"author":12,"featured_media":0,"parent":3331,"menu_order":120,"comment_status":"open","ping_status":"open","template":"","meta":[],"_links":{"self":[{"href":"http:\/\/portal.empleotucuman.gob.ar\/Portal\/index.php?rest_route=\/wp\/v2\/pages\/3654"}],"collection":[{"href":"http:\/\/portal.empleotucuman.gob.ar\/Portal\/index.php?rest_route=\/wp\/v2\/pages"}],"about":[{"href":"http:\/\/portal.empleotucuman.gob.ar\/Portal\/index.php?rest_route=\/wp\/v2\/types\/page"}],"author":[{"embeddable":true,"href":"http:\/\/portal.empleotucuman.gob.ar\/Portal\/index.php?rest_route=\/wp\/v2\/users\/12"}],"replies":[{"embeddable":true,"href":"http:\/\/portal.empleotucuman.gob.ar\/Portal\/index.php?rest_route=%2Fwp%2Fv2%2Fcomments&post=3654"}],"version-history":[{"count":0,"href":"http:\/\/portal.empleotucuman.gob.ar\/Portal\/index.php?rest_route=\/wp\/v2\/pages\/3654\/revisions"}],"up":[{"embeddable":true,"href":"http:\/\/portal.empleotucuman.gob.ar\/Portal\/index.php?rest_route=\/wp\/v2\/pages\/3331"}],"wp:attachment":[{"href":"http:\/\/portal.empleotucuman.gob.ar\/Portal\/index.php?rest_route=%2Fwp%2Fv2%2Fmedia&parent=3654"}],"curies":[{"name":"wp","href":"https:\/\/api.w.org\/{rel}","templated":true}]}}