
{"id":3591,"date":"2016-07-13T23:06:13","date_gmt":"2016-07-14T02:06:13","guid":{"rendered":"http:\/\/181.14.240.59\/Portal\/?page_id=3591"},"modified":"2016-07-13T23:06:28","modified_gmt":"2016-07-14T02:06:28","slug":"habilitacion-de-ipla","status":"publish","type":"page","link":"http:\/\/portal.empleotucuman.gob.ar\/Portal\/?page_id=3591","title":{"rendered":"Habilitaci\u00f3n de IPLA"},"content":{"rendered":"<blockquote><p>Este tr\u00e1mite se realiza en caso de requerir permiso para expendio de bebidas alcoh\u00f3licas, a realizarse en las Oficinas ubicadas en Lucas C\u00f3rdoba 230, san Miguel de Tucum\u00e1n<\/p><\/blockquote>\n<p><strong>Requisitos para cumplimentar el tr\u00e1mite:<\/strong><\/p>\n<ol>\n<li>Acreditar la identidad del titular<\/li>\n<\/ol>\n<ul>\n<li>Persona F\u00edsica: DNI \u00f3 C\u00e9dula Federal<\/li>\n<li>Persona Jur\u00eddica: Contrato Social y Representaci\u00f3n Legal<\/li>\n<\/ul>\n<ol start=\"2\">\n<li>Boleta de Servicio de luz del local comercial<\/li>\n<li>Boleta de Servicio de luz del domicilio particular<\/li>\n<li>Acreditar si es propietario, inquilino, comodatario, etc. Del local comercial (fotocopias de escrituras, contratos, etc.)<\/li>\n<li>Presentar habilitaci\u00f3n municipal o comunal<\/li>\n<li>Abonar el permiso anual correspondiente<\/li>\n<\/ol>\n<p><strong>Organismo a cargo: <\/strong>IPLA.<\/p>\n<p>&nbsp;<\/p>\n","protected":false},"excerpt":{"rendered":"<p>Este tr\u00e1mite se realiza en caso de requerir permiso para expendio de bebidas alcoh\u00f3licas, a realizarse en las Oficinas ubicadas en Lucas C\u00f3rdoba 230, san Miguel de Tucum\u00e1n Requisitos para cumplimentar el tr\u00e1mite: Acreditar la identidad del titular Persona F\u00edsica: DNI \u00f3 C\u00e9dula Federal Persona Jur\u00eddica: Contrato Social y Representaci\u00f3n Legal Boleta de Servicio de [&hellip;]<\/p>\n","protected":false},"author":12,"featured_media":0,"parent":3333,"menu_order":126,"comment_status":"open","ping_status":"open","template":"","meta":[],"_links":{"self":[{"href":"http:\/\/portal.empleotucuman.gob.ar\/Portal\/index.php?rest_route=\/wp\/v2\/pages\/3591"}],"collection":[{"href":"http:\/\/portal.empleotucuman.gob.ar\/Portal\/index.php?rest_route=\/wp\/v2\/pages"}],"about":[{"href":"http:\/\/portal.empleotucuman.gob.ar\/Portal\/index.php?rest_route=\/wp\/v2\/types\/page"}],"author":[{"embeddable":true,"href":"http:\/\/portal.empleotucuman.gob.ar\/Portal\/index.php?rest_route=\/wp\/v2\/users\/12"}],"replies":[{"embeddable":true,"href":"http:\/\/portal.empleotucuman.gob.ar\/Portal\/index.php?rest_route=%2Fwp%2Fv2%2Fcomments&post=3591"}],"version-history":[{"count":0,"href":"http:\/\/portal.empleotucuman.gob.ar\/Portal\/index.php?rest_route=\/wp\/v2\/pages\/3591\/revisions"}],"up":[{"embeddable":true,"href":"http:\/\/portal.empleotucuman.gob.ar\/Portal\/index.php?rest_route=\/wp\/v2\/pages\/3333"}],"wp:attachment":[{"href":"http:\/\/portal.empleotucuman.gob.ar\/Portal\/index.php?rest_route=%2Fwp%2Fv2%2Fmedia&parent=3591"}],"curies":[{"name":"wp","href":"https:\/\/api.w.org\/{rel}","templated":true}]}}