
{"id":3587,"date":"2016-07-13T23:04:54","date_gmt":"2016-07-14T02:04:54","guid":{"rendered":"http:\/\/181.14.240.59\/Portal\/?page_id=3587"},"modified":"2016-07-14T19:34:40","modified_gmt":"2016-07-14T22:34:40","slug":"empadronamiento-y-habilitacion-de-establecimientos-elaboradores-de-alimentos","status":"publish","type":"page","link":"http:\/\/portal.empleotucuman.gob.ar\/Portal\/?page_id=3587","title":{"rendered":"Empadronamiento y Habilitaci\u00f3n de establecimientos elaboradores de alimentos"},"content":{"rendered":"<blockquote><p>Todas las empresas que realicen industrias alimenticias deben empadronarse en la Divisi\u00f3n de Inspecci\u00f3n de Alimentos (Secci\u00f3n Empadronamiento de Industrias Alimenticias) sita en Pasaje Dorrego 1080 de san Miguel de Tucum\u00e1n.<\/p><\/blockquote>\n<p><strong>Requisitos:<\/strong><\/p>\n<ol>\n<li>Presentar una nota por duplicado solicitando la inscripci\u00f3n del Establecimiento en el Registro Nacional de Establecimientos (RNE), firmada por el\/los titular\/es del mismo y dirigida\u00a0 a la Direcci\u00f3n de Bromatolog\u00eda \u2013 Sistema Provincial de salud.<\/li>\n<li>Toda solicitud deber\u00e1 tener como primera hoja el Formulario de Habilitaci\u00f3n N\u00ba 1 sin llenar.<\/li>\n<li>Comprobante de pago del arancel correspondiente. Las boletas se confeccionan en esa Oficina y el pago se realiza en Banco del Tucum\u00e1n.<\/li>\n<li>Formulario de Habilitaci\u00f3n N\u00ba 2 con los datos del establecimiento elaborador.<\/li>\n<li>Croquis indicando calles (indicar la numeraci\u00f3n de las calle circundantes) o rutas de referencia para acceder al establecimiento a Habilitar.<\/li>\n<li>Habilitaci\u00f3n Municipal\/Comunal expedida por Autoridad Sanitaria correspondiente.<\/li>\n<li>Plano del Establecimiento (confecciones seg\u00fan instructivo) firmada por el titular.<\/li>\n<li>Memoria Descriptiva Edilicia del establecimiento (confeccionar seg\u00fan instructivo) firmada por el titular.<\/li>\n<li>Constancia de inscripci\u00f3n ante AFIP del titular del establecimiento.<\/li>\n<li>Copia del Estatuto Social.<\/li>\n<li>Fotocopia del documento legal que acredite el poder del peticionante\u00a0 (apoderado o representante legal del establecimiento) y fotocopia del DNI del mismo.<\/li>\n<li>Nota del establecimiento comunicando\u00a0 el nombramiento del Director T\u00e9cnico (s\u00f3lo cuando el C\u00f3digo Alimentario o la Autoridad sanitaria lo exija).<\/li>\n<li>Fotocopia del t\u00edtulo Profesional del Director T\u00e9cnico.<\/li>\n<li>Nota de aceptaci\u00f3n de que la direcci\u00f3n t\u00e9cnica est\u00e1 a su cargo.<\/li>\n<li>Fotocopia de inscripci\u00f3n en Aduana (para Establecimientos Importadores y\/o Exportadores de Alimentos).<\/li>\n<li>Fotocopia de DNI (personas f\u00edsicas).<\/li>\n<\/ol>\n<p><strong>Personas que pueden realizarlo<\/strong><\/p>\n<p>Pueden realizar el tr\u00e1mite el titular del Establecimiento o el gestor.<\/p>\n<p><strong>Organismo a cargo<\/strong>: Divisi\u00f3n de Inspecci\u00f3n de alimentos.<\/p>\n","protected":false},"excerpt":{"rendered":"<p>Todas las empresas que realicen industrias alimenticias deben empadronarse en la Divisi\u00f3n de Inspecci\u00f3n de Alimentos (Secci\u00f3n Empadronamiento de Industrias Alimenticias) sita en Pasaje Dorrego 1080 de san Miguel de Tucum\u00e1n. Requisitos: Presentar una nota por duplicado solicitando la inscripci\u00f3n del Establecimiento en el Registro Nacional de Establecimientos (RNE), firmada por el\/los titular\/es del mismo [&hellip;]<\/p>\n","protected":false},"author":12,"featured_media":0,"parent":3333,"menu_order":124,"comment_status":"open","ping_status":"open","template":"","meta":[],"_links":{"self":[{"href":"http:\/\/portal.empleotucuman.gob.ar\/Portal\/index.php?rest_route=\/wp\/v2\/pages\/3587"}],"collection":[{"href":"http:\/\/portal.empleotucuman.gob.ar\/Portal\/index.php?rest_route=\/wp\/v2\/pages"}],"about":[{"href":"http:\/\/portal.empleotucuman.gob.ar\/Portal\/index.php?rest_route=\/wp\/v2\/types\/page"}],"author":[{"embeddable":true,"href":"http:\/\/portal.empleotucuman.gob.ar\/Portal\/index.php?rest_route=\/wp\/v2\/users\/12"}],"replies":[{"embeddable":true,"href":"http:\/\/portal.empleotucuman.gob.ar\/Portal\/index.php?rest_route=%2Fwp%2Fv2%2Fcomments&post=3587"}],"version-history":[{"count":0,"href":"http:\/\/portal.empleotucuman.gob.ar\/Portal\/index.php?rest_route=\/wp\/v2\/pages\/3587\/revisions"}],"up":[{"embeddable":true,"href":"http:\/\/portal.empleotucuman.gob.ar\/Portal\/index.php?rest_route=\/wp\/v2\/pages\/3333"}],"wp:attachment":[{"href":"http:\/\/portal.empleotucuman.gob.ar\/Portal\/index.php?rest_route=%2Fwp%2Fv2%2Fmedia&parent=3587"}],"curies":[{"name":"wp","href":"https:\/\/api.w.org\/{rel}","templated":true}]}}