
{"id":3584,"date":"2016-07-13T23:02:30","date_gmt":"2016-07-14T02:02:30","guid":{"rendered":"http:\/\/181.14.240.59\/Portal\/?page_id=3584"},"modified":"2016-07-13T23:02:40","modified_gmt":"2016-07-14T02:02:40","slug":"empadronamiento-y-habilitacion-de-local-comercial","status":"publish","type":"page","link":"http:\/\/portal.empleotucuman.gob.ar\/Portal\/?page_id=3584","title":{"rendered":"Empadronamiento y Habilitaci\u00f3n de local comercial"},"content":{"rendered":"<p>Se inicia el tr\u00e1mite presentando una solicitud de Empadronamiento y Habilitaci\u00f3n en Mesa de entrada de la Direcci\u00f3n de Control Ambiental y de Bromatolog\u00eda (Alberdi 230) y el Certificado de Uso Conforme e Inspecci\u00f3n de instalaciones el\u00e9ctricas emitidas\u00a0 por la Direcci\u00f3n de Catastro y Edificaci\u00f3n (Av. Roca 255).<\/p>\n<p><strong>Documentaci\u00f3n<\/strong> que se debe presentar es la siguiente:<\/p>\n<ul>\n<li>Solicitud de Empadronamiento y Habilitaci\u00f3n por cuadruplicado<\/li>\n<li>Original y fotocopia DNI<\/li>\n<li>Original y fotocopia de Contrato de Alquiler con firma certificada.<\/li>\n<li>T\u00edtulo de Propiedad.<\/li>\n<li>Nota de Sesi\u00f3n con firma certificada.<\/li>\n<li>Libre Deuda de C.I.S.I.<\/li>\n<li>Inscripci\u00f3n en AFIP<\/li>\n<li>Final de Obra si correspondiere.<\/li>\n<li>Certificado de Uso Conforme e Inspecci\u00f3n de Instalaciones El\u00e9ctricas.<\/li>\n<\/ul>\n<p><strong>Personas que pueden realizarlo:<\/strong><\/p>\n<p>Titular del emprendimiento comercial, apoderado mediante poder firmado por escribano p\u00fablico. En caso de sociedades aquel que tenga la representaci\u00f3n de la misma por estatuto o poder firmado ante escribano.<\/p>\n<p><strong>Organismo a cargo: <\/strong>Direcci\u00f3nde Control Ambiental y de Bromatolog\u00eda.<\/p>\n","protected":false},"excerpt":{"rendered":"<p>Se inicia el tr\u00e1mite presentando una solicitud de Empadronamiento y Habilitaci\u00f3n en Mesa de entrada de la Direcci\u00f3n de Control Ambiental y de Bromatolog\u00eda (Alberdi 230) y el Certificado de Uso Conforme e Inspecci\u00f3n de instalaciones el\u00e9ctricas emitidas\u00a0 por la Direcci\u00f3n de Catastro y Edificaci\u00f3n (Av. Roca 255). Documentaci\u00f3n que se debe presentar es la [&hellip;]<\/p>\n","protected":false},"author":12,"featured_media":0,"parent":3333,"menu_order":125,"comment_status":"open","ping_status":"open","template":"","meta":[],"_links":{"self":[{"href":"http:\/\/portal.empleotucuman.gob.ar\/Portal\/index.php?rest_route=\/wp\/v2\/pages\/3584"}],"collection":[{"href":"http:\/\/portal.empleotucuman.gob.ar\/Portal\/index.php?rest_route=\/wp\/v2\/pages"}],"about":[{"href":"http:\/\/portal.empleotucuman.gob.ar\/Portal\/index.php?rest_route=\/wp\/v2\/types\/page"}],"author":[{"embeddable":true,"href":"http:\/\/portal.empleotucuman.gob.ar\/Portal\/index.php?rest_route=\/wp\/v2\/users\/12"}],"replies":[{"embeddable":true,"href":"http:\/\/portal.empleotucuman.gob.ar\/Portal\/index.php?rest_route=%2Fwp%2Fv2%2Fcomments&post=3584"}],"version-history":[{"count":0,"href":"http:\/\/portal.empleotucuman.gob.ar\/Portal\/index.php?rest_route=\/wp\/v2\/pages\/3584\/revisions"}],"up":[{"embeddable":true,"href":"http:\/\/portal.empleotucuman.gob.ar\/Portal\/index.php?rest_route=\/wp\/v2\/pages\/3333"}],"wp:attachment":[{"href":"http:\/\/portal.empleotucuman.gob.ar\/Portal\/index.php?rest_route=%2Fwp%2Fv2%2Fmedia&parent=3584"}],"curies":[{"name":"wp","href":"https:\/\/api.w.org\/{rel}","templated":true}]}}