
{"id":3575,"date":"2016-07-12T10:47:02","date_gmt":"2016-07-12T13:47:02","guid":{"rendered":"http:\/\/181.14.240.59\/Portal\/?page_id=3575"},"modified":"2016-10-05T02:06:21","modified_gmt":"2016-10-05T05:06:21","slug":"mi-proyecto-de-trabajo-2","status":"publish","type":"page","link":"http:\/\/portal.empleotucuman.gob.ar\/Portal\/?page_id=3575","title":{"rendered":">>Mi Proyecto de Trabajo 2"},"content":{"rendered":"<h2 style=\"text-align: center;\"><span style=\"text-decoration: underline;\"><strong>MI PROYECTO DE TRABAJO 2<\/strong><\/span><\/h2>\n<p style=\"text-align: left;\"><a href=\"http:\/\/miproyecto.empleotucuman.gob.ar\/mp_users\/sign_in\" target=\"_blank\"><img loading=\"lazy\" class=\"aligncenter  wp-image-4139\" src=\"http:\/\/181.14.240.59\/Portal\/wp-content\/uploads\/2016\/07\/banner-pag-mi-proyecto-2.jpg\" alt=\"banner-pag-mi-proyecto-2\" width=\"444\" height=\"59\" srcset=\"http:\/\/portal.empleotucuman.gob.ar\/Portal\/wp-content\/uploads\/2016\/07\/banner-pag-mi-proyecto-2.jpg 849w, http:\/\/portal.empleotucuman.gob.ar\/Portal\/wp-content\/uploads\/2016\/07\/banner-pag-mi-proyecto-2-300x39.jpg 300w, http:\/\/portal.empleotucuman.gob.ar\/Portal\/wp-content\/uploads\/2016\/07\/banner-pag-mi-proyecto-2-600x79.jpg 600w\" sizes=\"(max-width: 444px) 100vw, 444px\" \/><\/a><\/p>\n<p style=\"text-align: left;\">Dirigido a emprendedores que busquen darle un marco a la formulaci\u00f3n de su proyecto. Con emprendimientos productivos y\/o servicios en marcha.<\/p>\n<p style=\"text-align: left;\"><span style=\"text-decoration: underline;\">\u00a0M\u00d3DULOS:<\/span><br \/>\n<strong>1.-<\/strong> Identificaci\u00f3n del Proyecto Productivo o de Servicio.<br \/>\n<strong>2.-<\/strong> Proceso de Producci\u00f3n Operativa.<br \/>\n<strong>3.-<\/strong> Identificaci\u00f3n del Mercado.<br \/>\n<strong>4.-<\/strong> Determinaci\u00f3n de Ingresos y Costos de la Actividad<br \/>\n<strong>5.-<\/strong> Generaci\u00f3n de Inversi\u00f3n y su Financiamiento.<br \/>\n<strong>6.-<\/strong> An\u00e1lisis Financiero del Proyecto.<br \/>\n<strong>7.-<\/strong> Resumen Ejecutivo del Proyecto.<\/p>\n<p style=\"text-align: left;\"><strong><em>Todas las clases son de 09.00 a 12.00 horas<\/em><\/strong><\/p>\n<p><a href=\"http:\/\/181.14.240.59\/Portal\/wp-content\/uploads\/2016\/07\/Sin-t\u00edtulo-21.png\"><img loading=\"lazy\" class=\"aligncenter  wp-image-4186\" src=\"http:\/\/181.14.240.59\/Portal\/wp-content\/uploads\/2016\/07\/Sin-t\u00edtulo-21.png\" alt=\"sin-titulo-2\" width=\"436\" height=\"252\" srcset=\"http:\/\/portal.empleotucuman.gob.ar\/Portal\/wp-content\/uploads\/2016\/07\/Sin-t\u00edtulo-21.png 691w, http:\/\/portal.empleotucuman.gob.ar\/Portal\/wp-content\/uploads\/2016\/07\/Sin-t\u00edtulo-21-300x173.png 300w, http:\/\/portal.empleotucuman.gob.ar\/Portal\/wp-content\/uploads\/2016\/07\/Sin-t\u00edtulo-21-600x347.png 600w, http:\/\/portal.empleotucuman.gob.ar\/Portal\/wp-content\/uploads\/2016\/07\/Sin-t\u00edtulo-21-500x290.png 500w\" sizes=\"(max-width: 436px) 100vw, 436px\" \/><\/a><\/p>\n","protected":false},"excerpt":{"rendered":"<p>MI PROYECTO DE TRABAJO 2 Dirigido a emprendedores que busquen darle un marco a la formulaci\u00f3n de su proyecto. Con emprendimientos productivos y\/o servicios en marcha. \u00a0M\u00d3DULOS: 1.- Identificaci\u00f3n del Proyecto Productivo o de Servicio. 2.- Proceso de Producci\u00f3n Operativa. 3.- Identificaci\u00f3n del Mercado. 4.- Determinaci\u00f3n de Ingresos y Costos de la Actividad 5.- Generaci\u00f3n [&hellip;]<\/p>\n","protected":false},"author":12,"featured_media":0,"parent":3012,"menu_order":135,"comment_status":"open","ping_status":"open","template":"","meta":[],"_links":{"self":[{"href":"http:\/\/portal.empleotucuman.gob.ar\/Portal\/index.php?rest_route=\/wp\/v2\/pages\/3575"}],"collection":[{"href":"http:\/\/portal.empleotucuman.gob.ar\/Portal\/index.php?rest_route=\/wp\/v2\/pages"}],"about":[{"href":"http:\/\/portal.empleotucuman.gob.ar\/Portal\/index.php?rest_route=\/wp\/v2\/types\/page"}],"author":[{"embeddable":true,"href":"http:\/\/portal.empleotucuman.gob.ar\/Portal\/index.php?rest_route=\/wp\/v2\/users\/12"}],"replies":[{"embeddable":true,"href":"http:\/\/portal.empleotucuman.gob.ar\/Portal\/index.php?rest_route=%2Fwp%2Fv2%2Fcomments&post=3575"}],"version-history":[{"count":0,"href":"http:\/\/portal.empleotucuman.gob.ar\/Portal\/index.php?rest_route=\/wp\/v2\/pages\/3575\/revisions"}],"up":[{"embeddable":true,"href":"http:\/\/portal.empleotucuman.gob.ar\/Portal\/index.php?rest_route=\/wp\/v2\/pages\/3012"}],"wp:attachment":[{"href":"http:\/\/portal.empleotucuman.gob.ar\/Portal\/index.php?rest_route=%2Fwp%2Fv2%2Fmedia&parent=3575"}],"curies":[{"name":"wp","href":"https:\/\/api.w.org\/{rel}","templated":true}]}}