
{"id":3566,"date":"2016-07-12T10:29:50","date_gmt":"2016-07-12T13:29:50","guid":{"rendered":"http:\/\/181.14.240.59\/Portal\/?page_id=3566"},"modified":"2019-08-29T10:45:28","modified_gmt":"2019-08-29T13:45:28","slug":"mi-proyecto-de-trabajo","status":"publish","type":"page","link":"http:\/\/portal.empleotucuman.gob.ar\/Portal\/?page_id=3566","title":{"rendered":"<strong>MI PROYECTO DE TRABAJO<\/strong>"},"content":{"rendered":"<h1 style=\"text-align: center;\"><span style=\"text-decoration: underline;\"><strong>MI PROYECTO DE TRABAJO 1 y 2<\/strong><\/span><\/h1>\n<p>El Programa MI PROYECTO de trabajo est\u00e1 orientado a fortalecer aquellas unidades productivas y\/o de servicios de la Provincia a trav\u00e9s de la capacitaci\u00f3n y el seguimiento constante, brindando herramientas y generando competencias.<\/p>\n<p>Este Programa facilitar\u00e1 al emprendedor, los medios directos para contar con un proyecto integral, atravesando para ello por una formaci\u00f3n completa, capacitaci\u00f3n y promoci\u00f3n de competencias, procurando a trav\u00e9s de ello el desarrollo de su potencial, brindando los conocimientos t\u00e9cnicos, formales y pr\u00e1cticos que el emprendedor necesita fortalecer para lograr el crecimiento y desarrollo de su emprendimiento y as\u00ed consolidar su autoempleo.<\/p>\n<p><span style=\"text-decoration: underline;\">Pon\u00e9 en marcha tus ideas<br \/>\n<\/span><strong>\u2022<\/strong> Capacitaciones Gratuitas.<br \/>\n<strong>\u2022 <\/strong>Dos Niveles: Inicial (1) y Avanzado (2).<br \/>\n<strong>\u2022<\/strong> Emprendimientos Productivos y\/o de Servicios.<br \/>\n<strong>\u2022<\/strong> Cupos Limitados.<\/p>\n<p><span style=\"text-decoration: underline;\">Informaci\u00f3n e Inscripci\u00f3n:<\/span><br \/>\n<strong>&#8211;<\/strong> Oficinas de Empleo Municipal:<br \/>\n<em>Famaill\u00e1, Monteros, J.B. Alberdi<\/em> (NIVEL 1)<br \/>\n<em>Lules, Taf\u00ed Viejo, Concepci\u00f3n, Monteros<\/em> (NIVEL 2)<br \/>\n<strong>&#8211;<\/strong> <a href=\"http:\/\/www.empleotucuman.gob.ar\">www.empleotucuman.gob.ar<\/a><br \/>\n<strong>&#8211;<\/strong> <a href=\"http:\/\/www.idep.gov.ar\" target=\"_blank\" rel=\"noopener noreferrer\">www.idep.gov.ar<\/a><\/p>\n<p><a href=\"http:\/\/181.14.240.59\/Portal\/?page_id=3573\"><strong>NIVEL INICIAL (1)<\/strong><\/a><br \/>\nDirigido a emprendedores que tengan una idea de negocio y\/o quieran iniciar su plan de negocios.<\/p>\n<p><a href=\"http:\/\/181.14.240.59\/Portal\/?page_id=3575\"><strong>NIVEL AVANZADO (2)<\/strong><\/a><br \/>\nDirigido a emprendedores que busquen darle un marco a la formulaci\u00f3n de su proyecto. Con Emprendimientos productivos y\/o servicios en marcha.<\/p>\n<p>&nbsp;<\/p>\n<p>&nbsp;<\/p>\n","protected":false},"excerpt":{"rendered":"<p>MI PROYECTO DE TRABAJO 1 y 2 El Programa MI PROYECTO de trabajo est\u00e1 orientado a fortalecer aquellas unidades productivas y\/o de servicios de la Provincia a trav\u00e9s de la capacitaci\u00f3n y el seguimiento constante, brindando herramientas y generando competencias. Este Programa facilitar\u00e1 al emprendedor, los medios directos para contar con un proyecto integral, atravesando [&hellip;]<\/p>\n","protected":false},"author":12,"featured_media":3719,"parent":3012,"menu_order":128,"comment_status":"open","ping_status":"open","template":"","meta":[],"_links":{"self":[{"href":"http:\/\/portal.empleotucuman.gob.ar\/Portal\/index.php?rest_route=\/wp\/v2\/pages\/3566"}],"collection":[{"href":"http:\/\/portal.empleotucuman.gob.ar\/Portal\/index.php?rest_route=\/wp\/v2\/pages"}],"about":[{"href":"http:\/\/portal.empleotucuman.gob.ar\/Portal\/index.php?rest_route=\/wp\/v2\/types\/page"}],"author":[{"embeddable":true,"href":"http:\/\/portal.empleotucuman.gob.ar\/Portal\/index.php?rest_route=\/wp\/v2\/users\/12"}],"replies":[{"embeddable":true,"href":"http:\/\/portal.empleotucuman.gob.ar\/Portal\/index.php?rest_route=%2Fwp%2Fv2%2Fcomments&post=3566"}],"version-history":[{"count":2,"href":"http:\/\/portal.empleotucuman.gob.ar\/Portal\/index.php?rest_route=\/wp\/v2\/pages\/3566\/revisions"}],"predecessor-version":[{"id":10305,"href":"http:\/\/portal.empleotucuman.gob.ar\/Portal\/index.php?rest_route=\/wp\/v2\/pages\/3566\/revisions\/10305"}],"up":[{"embeddable":true,"href":"http:\/\/portal.empleotucuman.gob.ar\/Portal\/index.php?rest_route=\/wp\/v2\/pages\/3012"}],"wp:featuredmedia":[{"embeddable":true,"href":"http:\/\/portal.empleotucuman.gob.ar\/Portal\/index.php?rest_route=\/wp\/v2\/media\/3719"}],"wp:attachment":[{"href":"http:\/\/portal.empleotucuman.gob.ar\/Portal\/index.php?rest_route=%2Fwp%2Fv2%2Fmedia&parent=3566"}],"curies":[{"name":"wp","href":"https:\/\/api.w.org\/{rel}","templated":true}]}}