
{"id":3345,"date":"2016-07-02T05:49:49","date_gmt":"2016-07-02T08:49:49","guid":{"rendered":"http:\/\/181.14.240.59\/Portal\/?page_id=3345"},"modified":"2016-07-04T21:04:54","modified_gmt":"2016-07-05T00:04:54","slug":"impuesto-a-las-ganancias","status":"publish","type":"page","link":"http:\/\/portal.empleotucuman.gob.ar\/Portal\/?page_id=3345","title":{"rendered":"Impuestos"},"content":{"rendered":"<p><strong>Tr\u00e1mites de altas en Impuestos:<\/strong><\/p>\n<ul>\n<li>Impuesto a las Ganancias<\/li>\n<li>Impuesto al Valor Agregado<\/li>\n<li>R\u00e9gimen Nacional de Trabajadores Aut\u00f3nomos: El contribuyente es tambi\u00e9n un Trabajador Aut\u00f3nomo y est\u00e1 obligado a efectuar sus aportes al Sistema Integrado de Jubilaciones y Pensiones (SIJP), seg\u00fan la actividad.<\/li>\n<\/ul>\n<p><strong>Pasos a seguir:<\/strong><\/p>\n<ul>\n<li>Personas F\u00edsicas: con su \u00abClave Fiscal\u00bb accede a \u00abSistema Registral\u00bb para solicitar alta de impuestos y R\u00e9gimen que les correspondan.<\/li>\n<li>Personas Jur\u00eddicas: El Representante Legal, con su \u00abClave Fiscal\u00bb y luego de efectuada la tramitaci\u00f3n del Administrador de Relaciones de la Persona Jur\u00eddica, acceder\u00e1 a \u00abSistema Registral\u00bb para solicitar alta de impuestos y R\u00e9gimen que le correspondan.<\/li>\n<li>En ambos casos deber\u00e1 seleccionar \u00abRegistro Tributario\u00bb y dentro de las opciones acceder a la denominada \u00abF 420T Alta de Impuestos\/Reg\u00edmenes\u00bb<\/li>\n<\/ul>\n<p>Organismo a cargo: <strong>AFIP.<\/strong><\/p>\n","protected":false},"excerpt":{"rendered":"<p>Tr\u00e1mites de altas en Impuestos: Impuesto a las Ganancias Impuesto al Valor Agregado R\u00e9gimen Nacional de Trabajadores Aut\u00f3nomos: El contribuyente es tambi\u00e9n un Trabajador Aut\u00f3nomo y est\u00e1 obligado a efectuar sus aportes al Sistema Integrado de Jubilaciones y Pensiones (SIJP), seg\u00fan la actividad. Pasos a seguir: Personas F\u00edsicas: con su \u00abClave Fiscal\u00bb accede a \u00abSistema [&hellip;]<\/p>\n","protected":false},"author":12,"featured_media":0,"parent":3308,"menu_order":106,"comment_status":"open","ping_status":"open","template":"","meta":[],"_links":{"self":[{"href":"http:\/\/portal.empleotucuman.gob.ar\/Portal\/index.php?rest_route=\/wp\/v2\/pages\/3345"}],"collection":[{"href":"http:\/\/portal.empleotucuman.gob.ar\/Portal\/index.php?rest_route=\/wp\/v2\/pages"}],"about":[{"href":"http:\/\/portal.empleotucuman.gob.ar\/Portal\/index.php?rest_route=\/wp\/v2\/types\/page"}],"author":[{"embeddable":true,"href":"http:\/\/portal.empleotucuman.gob.ar\/Portal\/index.php?rest_route=\/wp\/v2\/users\/12"}],"replies":[{"embeddable":true,"href":"http:\/\/portal.empleotucuman.gob.ar\/Portal\/index.php?rest_route=%2Fwp%2Fv2%2Fcomments&post=3345"}],"version-history":[{"count":0,"href":"http:\/\/portal.empleotucuman.gob.ar\/Portal\/index.php?rest_route=\/wp\/v2\/pages\/3345\/revisions"}],"up":[{"embeddable":true,"href":"http:\/\/portal.empleotucuman.gob.ar\/Portal\/index.php?rest_route=\/wp\/v2\/pages\/3308"}],"wp:attachment":[{"href":"http:\/\/portal.empleotucuman.gob.ar\/Portal\/index.php?rest_route=%2Fwp%2Fv2%2Fmedia&parent=3345"}],"curies":[{"name":"wp","href":"https:\/\/api.w.org\/{rel}","templated":true}]}}