
{"id":3343,"date":"2016-07-02T05:49:29","date_gmt":"2016-07-02T08:49:29","guid":{"rendered":"http:\/\/181.14.240.59\/Portal\/?page_id=3343"},"modified":"2016-07-04T21:38:51","modified_gmt":"2016-07-05T00:38:51","slug":"regimen-general","status":"publish","type":"page","link":"http:\/\/portal.empleotucuman.gob.ar\/Portal\/?page_id=3343","title":{"rendered":"Ingresos Brutos"},"content":{"rendered":"<blockquote><p>El tr\u00e1mite de Inscripci\u00f3n se realiza en forma presencial en sede de la Direcci\u00f3n General de Rentas de la Provincia de Tucum\u00e1n.<\/p><\/blockquote>\n","protected":false},"excerpt":{"rendered":"<p>El tr\u00e1mite de Inscripci\u00f3n se realiza en forma presencial en sede de la Direcci\u00f3n General de Rentas de la Provincia de Tucum\u00e1n.<\/p>\n","protected":false},"author":12,"featured_media":0,"parent":3308,"menu_order":105,"comment_status":"open","ping_status":"open","template":"","meta":[],"_links":{"self":[{"href":"http:\/\/portal.empleotucuman.gob.ar\/Portal\/index.php?rest_route=\/wp\/v2\/pages\/3343"}],"collection":[{"href":"http:\/\/portal.empleotucuman.gob.ar\/Portal\/index.php?rest_route=\/wp\/v2\/pages"}],"about":[{"href":"http:\/\/portal.empleotucuman.gob.ar\/Portal\/index.php?rest_route=\/wp\/v2\/types\/page"}],"author":[{"embeddable":true,"href":"http:\/\/portal.empleotucuman.gob.ar\/Portal\/index.php?rest_route=\/wp\/v2\/users\/12"}],"replies":[{"embeddable":true,"href":"http:\/\/portal.empleotucuman.gob.ar\/Portal\/index.php?rest_route=%2Fwp%2Fv2%2Fcomments&post=3343"}],"version-history":[{"count":0,"href":"http:\/\/portal.empleotucuman.gob.ar\/Portal\/index.php?rest_route=\/wp\/v2\/pages\/3343\/revisions"}],"up":[{"embeddable":true,"href":"http:\/\/portal.empleotucuman.gob.ar\/Portal\/index.php?rest_route=\/wp\/v2\/pages\/3308"}],"wp:attachment":[{"href":"http:\/\/portal.empleotucuman.gob.ar\/Portal\/index.php?rest_route=%2Fwp%2Fv2%2Fmedia&parent=3343"}],"curies":[{"name":"wp","href":"https:\/\/api.w.org\/{rel}","templated":true}]}}