
{"id":3341,"date":"2016-07-02T05:49:08","date_gmt":"2016-07-02T08:49:08","guid":{"rendered":"http:\/\/181.14.240.59\/Portal\/?page_id=3341"},"modified":"2016-07-04T20:56:05","modified_gmt":"2016-07-04T23:56:05","slug":"monotributo-social","status":"publish","type":"page","link":"http:\/\/portal.empleotucuman.gob.ar\/Portal\/?page_id=3341","title":{"rendered":"Monotributo Social"},"content":{"rendered":"<p><strong>\u00bfQui\u00e9nes pueden adherirse?<\/strong><\/p>\n<ul>\n<li>Personas que realizan una \u00fanica actividad econ\u00f3mica productiva, comercial o de servicios.<\/li>\n<li>Cooperativas de Trabajo y Proyectos Productivos que lleven adelante grupos de hasta tres integrantes.<\/li>\n<\/ul>\n<p><strong>\u00a0Tr\u00e1mites para la Inscripci\u00f3n<\/strong><\/p>\n<ul>\n<li>Con toda la documentaci\u00f3n debe dirigirse personalmente al Centro de Referencia de Desarrollo Social de la Naci\u00f3n (San Martin esq. Alberti).<\/li>\n<li>Presentar la documentaci\u00f3n y completar presencialmente un formulario de inscripci\u00f3n que tendr\u00e1 car\u00e1cter de Declaraci\u00f3n Jurada.<\/li>\n<li>Si la inscripci\u00f3n es aprobada, entre los 45 y 60 d\u00edas, podr\u00e1 descargar la Credencial de Monotributista Social del sitio Web de la AFIP.<\/li>\n<li>Para ello deber\u00e1 obtener primero la Clave Fiscal en AFIP.<\/li>\n<li>El pago se realiza hasta el d\u00eda 20 de cada mes. El importe es de $161,50<\/li>\n<li>Una vez obtenida la inscripci\u00f3n se debe concurrir a la Direcci\u00f3n de Rentas de la Provincia de Tucum\u00e1n para inscribirse en Impuesto a los Ingresos Brutos y si correspondiere, a la Municipalidad de San Miguel de Tucum\u00e1n para empadronarse como negocio. Luego se realiza el tr\u00e1mite de exenci\u00f3n de ambos impuestos.<\/li>\n<\/ul>\n<p>&nbsp;<\/p>\n","protected":false},"excerpt":{"rendered":"<p>\u00bfQui\u00e9nes pueden adherirse? Personas que realizan una \u00fanica actividad econ\u00f3mica productiva, comercial o de servicios. Cooperativas de Trabajo y Proyectos Productivos que lleven adelante grupos de hasta tres integrantes. \u00a0Tr\u00e1mites para la Inscripci\u00f3n Con toda la documentaci\u00f3n debe dirigirse personalmente al Centro de Referencia de Desarrollo Social de la Naci\u00f3n (San Martin esq. Alberti). Presentar [&hellip;]<\/p>\n","protected":false},"author":12,"featured_media":0,"parent":3308,"menu_order":103,"comment_status":"open","ping_status":"open","template":"","meta":[],"_links":{"self":[{"href":"http:\/\/portal.empleotucuman.gob.ar\/Portal\/index.php?rest_route=\/wp\/v2\/pages\/3341"}],"collection":[{"href":"http:\/\/portal.empleotucuman.gob.ar\/Portal\/index.php?rest_route=\/wp\/v2\/pages"}],"about":[{"href":"http:\/\/portal.empleotucuman.gob.ar\/Portal\/index.php?rest_route=\/wp\/v2\/types\/page"}],"author":[{"embeddable":true,"href":"http:\/\/portal.empleotucuman.gob.ar\/Portal\/index.php?rest_route=\/wp\/v2\/users\/12"}],"replies":[{"embeddable":true,"href":"http:\/\/portal.empleotucuman.gob.ar\/Portal\/index.php?rest_route=%2Fwp%2Fv2%2Fcomments&post=3341"}],"version-history":[{"count":0,"href":"http:\/\/portal.empleotucuman.gob.ar\/Portal\/index.php?rest_route=\/wp\/v2\/pages\/3341\/revisions"}],"up":[{"embeddable":true,"href":"http:\/\/portal.empleotucuman.gob.ar\/Portal\/index.php?rest_route=\/wp\/v2\/pages\/3308"}],"wp:attachment":[{"href":"http:\/\/portal.empleotucuman.gob.ar\/Portal\/index.php?rest_route=%2Fwp%2Fv2%2Fmedia&parent=3341"}],"curies":[{"name":"wp","href":"https:\/\/api.w.org\/{rel}","templated":true}]}}