
{"id":3333,"date":"2016-07-02T05:28:06","date_gmt":"2016-07-02T08:28:06","guid":{"rendered":"http:\/\/181.14.240.59\/Portal\/?page_id=3333"},"modified":"2017-12-07T09:40:03","modified_gmt":"2017-12-07T12:40:03","slug":"habilitaciones-y-permisos-especiales","status":"publish","type":"page","link":"http:\/\/portal.empleotucuman.gob.ar\/Portal\/?page_id=3333","title":{"rendered":"Habilitaciones y Permisos Especiales"},"content":{"rendered":"<p>Elija una opci\u00f3n:<\/p>\n<ul>\n<li><span style=\"color: #000000;\"><a href=\"http:\/\/181.14.240.59\/Portal\/?page_id=3578\" target=\"_blank\" rel=\"noopener\">Empadronamiento Municipal<\/a><\/span><\/li>\n<li><a href=\"http:\/\/181.14.240.59\/Portal\/?page_id=3582\" target=\"_blank\" rel=\"noopener\">Habilitaci\u00f3n Municipal<\/a><\/li>\n<li>\n<div style=\"color: #000000;\"><a href=\"http:\/\/181.14.240.59\/Portal\/?page_id=3584\" target=\"_blank\" rel=\"noopener\">Empadronamiento y Habilitaci\u00f3n de local comercial<\/a><\/div>\n<\/li>\n<li>\n<div style=\"color: #000000;\"><a href=\"http:\/\/181.14.240.59\/Portal\/?page_id=3587\" target=\"_blank\" rel=\"noopener\">Empadronamiento y Habilitaci\u00f3n de establecimientos elaboradores de alimentos<\/a><\/div>\n<\/li>\n<li>\n<div style=\"color: #000000;\"><a href=\"http:\/\/181.14.240.59\/Portal\/?page_id=3591\" target=\"_blank\" rel=\"noopener\">Habilitaci\u00f3n de IPLA<\/a><\/div>\n<\/li>\n<\/ul>\n<p>&nbsp;<\/p>\n","protected":false},"excerpt":{"rendered":"<p>Elija una opci\u00f3n: Empadronamiento Municipal Habilitaci\u00f3n Municipal Empadronamiento y Habilitaci\u00f3n de local comercial Empadronamiento y Habilitaci\u00f3n de establecimientos elaboradores de alimentos Habilitaci\u00f3n de IPLA &nbsp;<\/p>\n","protected":false},"author":12,"featured_media":0,"parent":3303,"menu_order":121,"comment_status":"open","ping_status":"open","template":"","meta":[],"_links":{"self":[{"href":"http:\/\/portal.empleotucuman.gob.ar\/Portal\/index.php?rest_route=\/wp\/v2\/pages\/3333"}],"collection":[{"href":"http:\/\/portal.empleotucuman.gob.ar\/Portal\/index.php?rest_route=\/wp\/v2\/pages"}],"about":[{"href":"http:\/\/portal.empleotucuman.gob.ar\/Portal\/index.php?rest_route=\/wp\/v2\/types\/page"}],"author":[{"embeddable":true,"href":"http:\/\/portal.empleotucuman.gob.ar\/Portal\/index.php?rest_route=\/wp\/v2\/users\/12"}],"replies":[{"embeddable":true,"href":"http:\/\/portal.empleotucuman.gob.ar\/Portal\/index.php?rest_route=%2Fwp%2Fv2%2Fcomments&post=3333"}],"version-history":[{"count":1,"href":"http:\/\/portal.empleotucuman.gob.ar\/Portal\/index.php?rest_route=\/wp\/v2\/pages\/3333\/revisions"}],"predecessor-version":[{"id":6847,"href":"http:\/\/portal.empleotucuman.gob.ar\/Portal\/index.php?rest_route=\/wp\/v2\/pages\/3333\/revisions\/6847"}],"up":[{"embeddable":true,"href":"http:\/\/portal.empleotucuman.gob.ar\/Portal\/index.php?rest_route=\/wp\/v2\/pages\/3303"}],"wp:attachment":[{"href":"http:\/\/portal.empleotucuman.gob.ar\/Portal\/index.php?rest_route=%2Fwp%2Fv2%2Fmedia&parent=3333"}],"curies":[{"name":"wp","href":"https:\/\/api.w.org\/{rel}","templated":true}]}}