
{"id":3328,"date":"2016-07-02T05:26:33","date_gmt":"2016-07-02T08:26:33","guid":{"rendered":"http:\/\/181.14.240.59\/Portal\/?page_id=3328"},"modified":"2016-07-04T21:13:14","modified_gmt":"2016-07-05T00:13:14","slug":"alta-en-impuesto-sobre-los-ingresos-brutos","status":"publish","type":"page","link":"http:\/\/portal.empleotucuman.gob.ar\/Portal\/?page_id=3328","title":{"rendered":"Alta en Impuesto sobre los Ingresos Brutos"},"content":{"rendered":"<p><strong>Documentaci\u00f3n requerida:<\/strong><\/p>\n<ul>\n<li>Formulario CM01 por duplicado.<\/li>\n<li>Constancia de inscripci\u00f3n ante la AFIP, con original y copia<\/li>\n<li>Reflejo de Datos del sistema Registral de la AFIP.<\/li>\n<li>Constancia que compruebe el domicilio, con original y copia: factura de servicio p\u00fablico, Resumen de Tarjeta de Cr\u00e9dito, Escritura, Boleto de Compra-Venta o Contrato de Alquiler.<\/li>\n<li>DNI y copia.<\/li>\n<li>Habilitaci\u00f3n del IPLA, si expende bebidas alcoh\u00f3licas.<\/li>\n<li>Habilitaci\u00f3n del Si.Pro.Sa., si corresponde.<\/li>\n<li>Fotocopia de Inscripci\u00f3n en el Registro Nacional de Efectores de Desarrollo Local y Econom\u00eda Social del Ministerio de Desarrollo Social, de corresponder.<\/li>\n<li>Fotocopia del T\u00edtulo Habilitante de Profesional Universitario.<\/li>\n<li>Formulario de pago del monto m\u00ednimo de $100.- (retirado de Mesa de Entrada) que se abona en Banco del Tucum\u00e1n<\/li>\n<\/ul>\n<p>Organismo a cargo: <strong>Direcci\u00f3n General de Rentas.<\/strong><\/p>\n<p>&nbsp;<\/p>\n","protected":false},"excerpt":{"rendered":"<p>Documentaci\u00f3n requerida: Formulario CM01 por duplicado. Constancia de inscripci\u00f3n ante la AFIP, con original y copia Reflejo de Datos del sistema Registral de la AFIP. Constancia que compruebe el domicilio, con original y copia: factura de servicio p\u00fablico, Resumen de Tarjeta de Cr\u00e9dito, Escritura, Boleto de Compra-Venta o Contrato de Alquiler. DNI y copia. Habilitaci\u00f3n [&hellip;]<\/p>\n","protected":false},"author":12,"featured_media":0,"parent":3324,"menu_order":117,"comment_status":"open","ping_status":"open","template":"","meta":[],"_links":{"self":[{"href":"http:\/\/portal.empleotucuman.gob.ar\/Portal\/index.php?rest_route=\/wp\/v2\/pages\/3328"}],"collection":[{"href":"http:\/\/portal.empleotucuman.gob.ar\/Portal\/index.php?rest_route=\/wp\/v2\/pages"}],"about":[{"href":"http:\/\/portal.empleotucuman.gob.ar\/Portal\/index.php?rest_route=\/wp\/v2\/types\/page"}],"author":[{"embeddable":true,"href":"http:\/\/portal.empleotucuman.gob.ar\/Portal\/index.php?rest_route=\/wp\/v2\/users\/12"}],"replies":[{"embeddable":true,"href":"http:\/\/portal.empleotucuman.gob.ar\/Portal\/index.php?rest_route=%2Fwp%2Fv2%2Fcomments&post=3328"}],"version-history":[{"count":0,"href":"http:\/\/portal.empleotucuman.gob.ar\/Portal\/index.php?rest_route=\/wp\/v2\/pages\/3328\/revisions"}],"up":[{"embeddable":true,"href":"http:\/\/portal.empleotucuman.gob.ar\/Portal\/index.php?rest_route=\/wp\/v2\/pages\/3324"}],"wp:attachment":[{"href":"http:\/\/portal.empleotucuman.gob.ar\/Portal\/index.php?rest_route=%2Fwp%2Fv2%2Fmedia&parent=3328"}],"curies":[{"name":"wp","href":"https:\/\/api.w.org\/{rel}","templated":true}]}}