
{"id":3326,"date":"2016-07-02T05:25:39","date_gmt":"2016-07-02T08:25:39","guid":{"rendered":"http:\/\/181.14.240.59\/Portal\/?page_id=3326"},"modified":"2016-07-04T21:11:21","modified_gmt":"2016-07-05T00:11:21","slug":"inscripcion-en-el-registro-publico-de-comercio","status":"publish","type":"page","link":"http:\/\/portal.empleotucuman.gob.ar\/Portal\/?page_id=3326","title":{"rendered":"Inscripci\u00f3n en el Registro P\u00fablico de Comercio"},"content":{"rendered":"<p><strong>Documentaci\u00f3n requerida:<\/strong><\/p>\n<ul>\n<li>Expediente Judicial o Administrativo con un original del instrumento que pretenda inscribirse (contrato constitutivo o acta de modificaci\u00f3n) y la Sentencia, Auto o Resoluci\u00f3n, ambos documentos certificados.<\/li>\n<li>Acreditar inscripci\u00f3n en el A.F.I.P acompa\u00f1ando constancia del n\u00famero de C.U.I.T.<\/li>\n<\/ul>\n<p>Organismo a cargo: <strong>Direcci\u00f3n de Personas Jur\u00eddicas.<\/strong><\/p>\n","protected":false},"excerpt":{"rendered":"<p>Documentaci\u00f3n requerida: Expediente Judicial o Administrativo con un original del instrumento que pretenda inscribirse (contrato constitutivo o acta de modificaci\u00f3n) y la Sentencia, Auto o Resoluci\u00f3n, ambos documentos certificados. Acreditar inscripci\u00f3n en el A.F.I.P acompa\u00f1ando constancia del n\u00famero de C.U.I.T. Organismo a cargo: Direcci\u00f3n de Personas Jur\u00eddicas.<\/p>\n","protected":false},"author":12,"featured_media":0,"parent":3322,"menu_order":115,"comment_status":"open","ping_status":"open","template":"","meta":[],"_links":{"self":[{"href":"http:\/\/portal.empleotucuman.gob.ar\/Portal\/index.php?rest_route=\/wp\/v2\/pages\/3326"}],"collection":[{"href":"http:\/\/portal.empleotucuman.gob.ar\/Portal\/index.php?rest_route=\/wp\/v2\/pages"}],"about":[{"href":"http:\/\/portal.empleotucuman.gob.ar\/Portal\/index.php?rest_route=\/wp\/v2\/types\/page"}],"author":[{"embeddable":true,"href":"http:\/\/portal.empleotucuman.gob.ar\/Portal\/index.php?rest_route=\/wp\/v2\/users\/12"}],"replies":[{"embeddable":true,"href":"http:\/\/portal.empleotucuman.gob.ar\/Portal\/index.php?rest_route=%2Fwp%2Fv2%2Fcomments&post=3326"}],"version-history":[{"count":0,"href":"http:\/\/portal.empleotucuman.gob.ar\/Portal\/index.php?rest_route=\/wp\/v2\/pages\/3326\/revisions"}],"up":[{"embeddable":true,"href":"http:\/\/portal.empleotucuman.gob.ar\/Portal\/index.php?rest_route=\/wp\/v2\/pages\/3322"}],"wp:attachment":[{"href":"http:\/\/portal.empleotucuman.gob.ar\/Portal\/index.php?rest_route=%2Fwp%2Fv2%2Fmedia&parent=3326"}],"curies":[{"name":"wp","href":"https:\/\/api.w.org\/{rel}","templated":true}]}}