
{"id":3319,"date":"2016-07-02T05:22:01","date_gmt":"2016-07-02T08:22:01","guid":{"rendered":"http:\/\/181.14.240.59\/Portal\/?page_id=3319"},"modified":"2016-07-04T21:08:59","modified_gmt":"2016-07-05T00:08:59","slug":"inscripcion-como-empleador","status":"publish","type":"page","link":"http:\/\/portal.empleotucuman.gob.ar\/Portal\/?page_id=3319","title":{"rendered":"Inscripci\u00f3n como empleador"},"content":{"rendered":"<p><strong>Descripci\u00f3n del tr\u00e1mite:<\/strong><\/p>\n<blockquote><p>Se realiza autom\u00e1ticamente cuando uno se inscribe como contribuyente.<\/p><\/blockquote>\n<p><strong>Documentaci\u00f3n requerida:<\/strong><\/p>\n<ul>\n<li>Para acceder al sistema deber\u00e1 ingresar, con su \u201cClave Fiscal\u201d, al Servicio \u201cSistema Registral\u201d, y seleccionar en la pantalla principal del Sistema, la opci\u00f3n: Registro Tributario\/ \u00abF 420T Alta de Impuestos\/Reg\u00edmenes\u00bb.<\/li>\n<li>\u00a0Deber\u00e1 seleccionar en la lista desplegable el per\u00edodo a partir del cual se solicita el alta. Luego deber\u00e1 seleccionar la solapa que corresponda, \u201cImpuesto\u201d para tramitar el alta de \u201cimpuestos\u201d o \u201cR\u00e9gimen\u201d para solicitar el alta de \u201creg\u00edmenes\u201d.<\/li>\n<li>Los Reg\u00edmenes siempre est\u00e1n asociados a un impuesto. Cuando genera el alta de un r\u00e9gimen, el Sistema internamente y autom\u00e1ticamente dar\u00e1 de alta el impuesto asociado. El Sistema registrar\u00e1 el pedido de alta y mostrar\u00e1 el Formulario N\u00b0 420\/T con el Resultado de la Transacci\u00f3n.<\/li>\n<\/ul>\n<p>Organismo a cargo: <strong>AFIP.<\/strong><\/p>\n","protected":false},"excerpt":{"rendered":"<p>Descripci\u00f3n del tr\u00e1mite: Se realiza autom\u00e1ticamente cuando uno se inscribe como contribuyente. Documentaci\u00f3n requerida: Para acceder al sistema deber\u00e1 ingresar, con su \u201cClave Fiscal\u201d, al Servicio \u201cSistema Registral\u201d, y seleccionar en la pantalla principal del Sistema, la opci\u00f3n: Registro Tributario\/ \u00abF 420T Alta de Impuestos\/Reg\u00edmenes\u00bb. \u00a0Deber\u00e1 seleccionar en la lista desplegable el per\u00edodo a partir [&hellip;]<\/p>\n","protected":false},"author":12,"featured_media":0,"parent":3310,"menu_order":111,"comment_status":"open","ping_status":"open","template":"","meta":[],"_links":{"self":[{"href":"http:\/\/portal.empleotucuman.gob.ar\/Portal\/index.php?rest_route=\/wp\/v2\/pages\/3319"}],"collection":[{"href":"http:\/\/portal.empleotucuman.gob.ar\/Portal\/index.php?rest_route=\/wp\/v2\/pages"}],"about":[{"href":"http:\/\/portal.empleotucuman.gob.ar\/Portal\/index.php?rest_route=\/wp\/v2\/types\/page"}],"author":[{"embeddable":true,"href":"http:\/\/portal.empleotucuman.gob.ar\/Portal\/index.php?rest_route=\/wp\/v2\/users\/12"}],"replies":[{"embeddable":true,"href":"http:\/\/portal.empleotucuman.gob.ar\/Portal\/index.php?rest_route=%2Fwp%2Fv2%2Fcomments&post=3319"}],"version-history":[{"count":0,"href":"http:\/\/portal.empleotucuman.gob.ar\/Portal\/index.php?rest_route=\/wp\/v2\/pages\/3319\/revisions"}],"up":[{"embeddable":true,"href":"http:\/\/portal.empleotucuman.gob.ar\/Portal\/index.php?rest_route=\/wp\/v2\/pages\/3310"}],"wp:attachment":[{"href":"http:\/\/portal.empleotucuman.gob.ar\/Portal\/index.php?rest_route=%2Fwp%2Fv2%2Fmedia&parent=3319"}],"curies":[{"name":"wp","href":"https:\/\/api.w.org\/{rel}","templated":true}]}}