
{"id":3317,"date":"2016-07-02T05:20:54","date_gmt":"2016-07-02T08:20:54","guid":{"rendered":"http:\/\/181.14.240.59\/Portal\/?page_id=3317"},"modified":"2016-07-04T20:23:25","modified_gmt":"2016-07-04T23:23:25","slug":"sociedades-por-acciones","status":"publish","type":"page","link":"http:\/\/portal.empleotucuman.gob.ar\/Portal\/?page_id=3317","title":{"rendered":"Sociedades por Acciones"},"content":{"rendered":"<ul>\n<li>Formulario H<\/li>\n<li>Formulario B<\/li>\n<li>Dictamen de Precalificaci\u00f3n personal (art.49, inc 2 Anexo A de Res. IGJ N\u00ba7\/05)<\/li>\n<li>Primer testimonio de escritura p\u00fablica de constituci\u00f3n o instrumento privado original<\/li>\n<li>Instrumento de fijaci\u00f3n de la sede social<\/li>\n<li>Documentaci\u00f3n que acredite la aceptaci\u00f3n del cargo por parte de los integrantes de los \u00f3rganos de administraci\u00f3n y fiscalizaci\u00f3n<\/li>\n<li>\u00a0Comprobante de pago de la tasa retributiva de servicios Publicaci\u00f3n en el Boletin Oficial<\/li>\n<\/ul>\n<p>Organismo a cargo: <strong>Inspecci\u00f3n General de Justicia (IGJ).<\/strong><\/p>\n","protected":false},"excerpt":{"rendered":"<p>Formulario H Formulario B Dictamen de Precalificaci\u00f3n personal (art.49, inc 2 Anexo A de Res. IGJ N\u00ba7\/05) Primer testimonio de escritura p\u00fablica de constituci\u00f3n o instrumento privado original Instrumento de fijaci\u00f3n de la sede social Documentaci\u00f3n que acredite la aceptaci\u00f3n del cargo por parte de los integrantes de los \u00f3rganos de administraci\u00f3n y fiscalizaci\u00f3n \u00a0Comprobante [&hellip;]<\/p>\n","protected":false},"author":12,"featured_media":0,"parent":3306,"menu_order":100,"comment_status":"open","ping_status":"open","template":"","meta":[],"_links":{"self":[{"href":"http:\/\/portal.empleotucuman.gob.ar\/Portal\/index.php?rest_route=\/wp\/v2\/pages\/3317"}],"collection":[{"href":"http:\/\/portal.empleotucuman.gob.ar\/Portal\/index.php?rest_route=\/wp\/v2\/pages"}],"about":[{"href":"http:\/\/portal.empleotucuman.gob.ar\/Portal\/index.php?rest_route=\/wp\/v2\/types\/page"}],"author":[{"embeddable":true,"href":"http:\/\/portal.empleotucuman.gob.ar\/Portal\/index.php?rest_route=\/wp\/v2\/users\/12"}],"replies":[{"embeddable":true,"href":"http:\/\/portal.empleotucuman.gob.ar\/Portal\/index.php?rest_route=%2Fwp%2Fv2%2Fcomments&post=3317"}],"version-history":[{"count":0,"href":"http:\/\/portal.empleotucuman.gob.ar\/Portal\/index.php?rest_route=\/wp\/v2\/pages\/3317\/revisions"}],"up":[{"embeddable":true,"href":"http:\/\/portal.empleotucuman.gob.ar\/Portal\/index.php?rest_route=\/wp\/v2\/pages\/3306"}],"wp:attachment":[{"href":"http:\/\/portal.empleotucuman.gob.ar\/Portal\/index.php?rest_route=%2Fwp%2Fv2%2Fmedia&parent=3317"}],"curies":[{"name":"wp","href":"https:\/\/api.w.org\/{rel}","templated":true}]}}