
{"id":3315,"date":"2016-07-02T05:20:23","date_gmt":"2016-07-02T08:20:23","guid":{"rendered":"http:\/\/181.14.240.59\/Portal\/?page_id=3315"},"modified":"2016-07-04T20:22:29","modified_gmt":"2016-07-04T23:22:29","slug":"sociedades-de-responsabilidad-limitada","status":"publish","type":"page","link":"http:\/\/portal.empleotucuman.gob.ar\/Portal\/?page_id=3315","title":{"rendered":"Sociedades de Responsabilidad Limitada"},"content":{"rendered":"<p>Documentaci\u00f3n requerida:<\/p>\n<ul>\n<li>Formulario H<\/li>\n<li>\u00a0Formulario B<\/li>\n<li>Dictamen de Precalificaci\u00f3n personal<\/li>\n<li>Primer testimonio de escritura p\u00fablica de constituci\u00f3n o instrumento privado original<\/li>\n<li>Instrumento de fijaci\u00f3n de la sede social<\/li>\n<li>\u00a0Documentaci\u00f3n que acredite la aceptaci\u00f3n del cargo por parte de los integrantes de los \u00f3rganos de administraci\u00f3n y fiscalizaci\u00f3n<\/li>\n<li>Comprobante de pago de la tasa retributiva de servicios<\/li>\n<\/ul>\n<p>Organismo a cargo: <strong>Inspecci\u00f3n General de Justicia (IGJ).<\/strong><\/p>\n","protected":false},"excerpt":{"rendered":"<p>Documentaci\u00f3n requerida: Formulario H \u00a0Formulario B Dictamen de Precalificaci\u00f3n personal Primer testimonio de escritura p\u00fablica de constituci\u00f3n o instrumento privado original Instrumento de fijaci\u00f3n de la sede social \u00a0Documentaci\u00f3n que acredite la aceptaci\u00f3n del cargo por parte de los integrantes de los \u00f3rganos de administraci\u00f3n y fiscalizaci\u00f3n Comprobante de pago de la tasa retributiva de [&hellip;]<\/p>\n","protected":false},"author":12,"featured_media":0,"parent":3306,"menu_order":99,"comment_status":"open","ping_status":"open","template":"","meta":[],"_links":{"self":[{"href":"http:\/\/portal.empleotucuman.gob.ar\/Portal\/index.php?rest_route=\/wp\/v2\/pages\/3315"}],"collection":[{"href":"http:\/\/portal.empleotucuman.gob.ar\/Portal\/index.php?rest_route=\/wp\/v2\/pages"}],"about":[{"href":"http:\/\/portal.empleotucuman.gob.ar\/Portal\/index.php?rest_route=\/wp\/v2\/types\/page"}],"author":[{"embeddable":true,"href":"http:\/\/portal.empleotucuman.gob.ar\/Portal\/index.php?rest_route=\/wp\/v2\/users\/12"}],"replies":[{"embeddable":true,"href":"http:\/\/portal.empleotucuman.gob.ar\/Portal\/index.php?rest_route=%2Fwp%2Fv2%2Fcomments&post=3315"}],"version-history":[{"count":0,"href":"http:\/\/portal.empleotucuman.gob.ar\/Portal\/index.php?rest_route=\/wp\/v2\/pages\/3315\/revisions"}],"up":[{"embeddable":true,"href":"http:\/\/portal.empleotucuman.gob.ar\/Portal\/index.php?rest_route=\/wp\/v2\/pages\/3306"}],"wp:attachment":[{"href":"http:\/\/portal.empleotucuman.gob.ar\/Portal\/index.php?rest_route=%2Fwp%2Fv2%2Fmedia&parent=3315"}],"curies":[{"name":"wp","href":"https:\/\/api.w.org\/{rel}","templated":true}]}}