
{"id":3313,"date":"2016-07-02T05:20:01","date_gmt":"2016-07-02T08:20:01","guid":{"rendered":"http:\/\/181.14.240.59\/Portal\/?page_id=3313"},"modified":"2016-07-04T20:13:33","modified_gmt":"2016-07-04T23:13:33","slug":"sociedades-de-personas","status":"publish","type":"page","link":"http:\/\/portal.empleotucuman.gob.ar\/Portal\/?page_id=3313","title":{"rendered":"Sociedades de Personas"},"content":{"rendered":"<p>\u00bfQui\u00e9nes?<\/p>\n<ul>\n<li>Sociedades Colectivas.<\/li>\n<li>Sociedades en Comandita Simple.<\/li>\n<li>Sociedades de Capital e Industria.<\/li>\n<\/ul>\n<p>Documentaci\u00f3n requerida:<\/p>\n<ul>\n<li>Formulario H.<\/li>\n<li>Formulario B.<\/li>\n<li>Dictamen de Precalificaci\u00f3n personal.<\/li>\n<li>Primer testimonio de escritura p\u00fablica de constituci\u00f3n o instrumento privado original\u00a0.<\/li>\n<li>\u00a0Instrumento de fijaci\u00f3n de la sede social.<\/li>\n<li>Documentaci\u00f3n que acredite la aceptaci\u00f3n del cargo por parte de los integrantes de los \u00f3rganos de administraci\u00f3n y fiscalizaci\u00f3n.<\/li>\n<li>Comprobante de pago de la tasa retributiva de servicios.<\/li>\n<\/ul>\n<p>Organismo a cargo: <strong>Inspecci\u00f3n General de Justicia (IGJ).<\/strong><\/p>\n","protected":false},"excerpt":{"rendered":"<p>\u00bfQui\u00e9nes? Sociedades Colectivas. Sociedades en Comandita Simple. Sociedades de Capital e Industria. Documentaci\u00f3n requerida: Formulario H. Formulario B. Dictamen de Precalificaci\u00f3n personal. Primer testimonio de escritura p\u00fablica de constituci\u00f3n o instrumento privado original\u00a0. \u00a0Instrumento de fijaci\u00f3n de la sede social. Documentaci\u00f3n que acredite la aceptaci\u00f3n del cargo por parte de los integrantes de los \u00f3rganos [&hellip;]<\/p>\n","protected":false},"author":12,"featured_media":0,"parent":3306,"menu_order":98,"comment_status":"open","ping_status":"open","template":"","meta":[],"_links":{"self":[{"href":"http:\/\/portal.empleotucuman.gob.ar\/Portal\/index.php?rest_route=\/wp\/v2\/pages\/3313"}],"collection":[{"href":"http:\/\/portal.empleotucuman.gob.ar\/Portal\/index.php?rest_route=\/wp\/v2\/pages"}],"about":[{"href":"http:\/\/portal.empleotucuman.gob.ar\/Portal\/index.php?rest_route=\/wp\/v2\/types\/page"}],"author":[{"embeddable":true,"href":"http:\/\/portal.empleotucuman.gob.ar\/Portal\/index.php?rest_route=\/wp\/v2\/users\/12"}],"replies":[{"embeddable":true,"href":"http:\/\/portal.empleotucuman.gob.ar\/Portal\/index.php?rest_route=%2Fwp%2Fv2%2Fcomments&post=3313"}],"version-history":[{"count":0,"href":"http:\/\/portal.empleotucuman.gob.ar\/Portal\/index.php?rest_route=\/wp\/v2\/pages\/3313\/revisions"}],"up":[{"embeddable":true,"href":"http:\/\/portal.empleotucuman.gob.ar\/Portal\/index.php?rest_route=\/wp\/v2\/pages\/3306"}],"wp:attachment":[{"href":"http:\/\/portal.empleotucuman.gob.ar\/Portal\/index.php?rest_route=%2Fwp%2Fv2%2Fmedia&parent=3313"}],"curies":[{"name":"wp","href":"https:\/\/api.w.org\/{rel}","templated":true}]}}