
{"id":3297,"date":"2016-07-02T05:01:19","date_gmt":"2016-07-02T08:01:19","guid":{"rendered":"http:\/\/181.14.240.59\/Portal\/?page_id=3297"},"modified":"2017-12-07T09:12:53","modified_gmt":"2017-12-07T12:12:53","slug":"guia-de-tramites","status":"publish","type":"page","link":"http:\/\/portal.empleotucuman.gob.ar\/Portal\/?page_id=3297","title":{"rendered":"<strong>GUIA DE TRAMITES<\/strong>"},"content":{"rendered":"<p>Esta gu\u00eda est\u00e1 dirigida a todos los que deseen crear un peque\u00f1o emprendimiento en la provincia. Concentra tanto tr\u00e1mites nacionales como provinciales y municipales, con el objeto de favorecer la formalizaci\u00f3n de los emprendedores<\/p>\n<p><a href=\"http:\/\/181.14.240.59\/Portal\/wp-content\/uploads\/2016\/07\/Flowchart-2.png\"><img loading=\"lazy\" class=\"alignnone wp-image-3492\" src=\"http:\/\/181.14.240.59\/Portal\/wp-content\/uploads\/2016\/07\/Flowchart-2-300x195.png\" alt=\"GUIATRAMITES\" width=\"419\" height=\"274\" srcset=\"http:\/\/portal.empleotucuman.gob.ar\/Portal\/wp-content\/uploads\/2016\/07\/Flowchart-2-300x195.png 300w, http:\/\/portal.empleotucuman.gob.ar\/Portal\/wp-content\/uploads\/2016\/07\/Flowchart-2-1024x668.png 1024w, http:\/\/portal.empleotucuman.gob.ar\/Portal\/wp-content\/uploads\/2016\/07\/Flowchart-2-600x391.png 600w, http:\/\/portal.empleotucuman.gob.ar\/Portal\/wp-content\/uploads\/2016\/07\/Flowchart-2.png 1120w\" sizes=\"(max-width: 419px) 100vw, 419px\" \/><\/a><\/p>\n<p>Selecciones la Opcion:<\/p>\n<ul>\n<li><a href=\"http:\/\/181.14.240.59\/Portal\/?page_id=3299\">Tramites Nacionales<\/a><\/li>\n<li><a href=\"http:\/\/181.14.240.59\/Portal\/?page_id=3301\">Tramites Provinciales<\/a><\/li>\n<li><a href=\"http:\/\/181.14.240.59\/Portal\/?page_id=3303\">Tramites Municipales<\/a><\/li>\n<\/ul>\n","protected":false},"excerpt":{"rendered":"<p>Esta gu\u00eda est\u00e1 dirigida a todos los que deseen crear un peque\u00f1o emprendimiento en la provincia. Concentra tanto tr\u00e1mites nacionales como provinciales y municipales, con el objeto de favorecer la formalizaci\u00f3n de los emprendedores Selecciones la Opcion: Tramites Nacionales Tramites Provinciales Tramites Municipales<\/p>\n","protected":false},"author":12,"featured_media":0,"parent":3012,"menu_order":94,"comment_status":"open","ping_status":"open","template":"","meta":[],"_links":{"self":[{"href":"http:\/\/portal.empleotucuman.gob.ar\/Portal\/index.php?rest_route=\/wp\/v2\/pages\/3297"}],"collection":[{"href":"http:\/\/portal.empleotucuman.gob.ar\/Portal\/index.php?rest_route=\/wp\/v2\/pages"}],"about":[{"href":"http:\/\/portal.empleotucuman.gob.ar\/Portal\/index.php?rest_route=\/wp\/v2\/types\/page"}],"author":[{"embeddable":true,"href":"http:\/\/portal.empleotucuman.gob.ar\/Portal\/index.php?rest_route=\/wp\/v2\/users\/12"}],"replies":[{"embeddable":true,"href":"http:\/\/portal.empleotucuman.gob.ar\/Portal\/index.php?rest_route=%2Fwp%2Fv2%2Fcomments&post=3297"}],"version-history":[{"count":2,"href":"http:\/\/portal.empleotucuman.gob.ar\/Portal\/index.php?rest_route=\/wp\/v2\/pages\/3297\/revisions"}],"predecessor-version":[{"id":6833,"href":"http:\/\/portal.empleotucuman.gob.ar\/Portal\/index.php?rest_route=\/wp\/v2\/pages\/3297\/revisions\/6833"}],"up":[{"embeddable":true,"href":"http:\/\/portal.empleotucuman.gob.ar\/Portal\/index.php?rest_route=\/wp\/v2\/pages\/3012"}],"wp:attachment":[{"href":"http:\/\/portal.empleotucuman.gob.ar\/Portal\/index.php?rest_route=%2Fwp%2Fv2%2Fmedia&parent=3297"}],"curies":[{"name":"wp","href":"https:\/\/api.w.org\/{rel}","templated":true}]}}