
{"id":3012,"date":"2016-06-13T11:40:14","date_gmt":"2016-06-13T14:40:14","guid":{"rendered":"http:\/\/181.14.240.59\/Portal\/?page_id=3012"},"modified":"2023-08-16T15:58:30","modified_gmt":"2023-08-16T18:58:30","slug":"mipyme","status":"publish","type":"page","link":"http:\/\/portal.empleotucuman.gob.ar\/Portal\/?page_id=3012","title":{"rendered":"MiPyME"},"content":{"rendered":"<p>Asiste en la determinaci\u00f3n y ejecuci\u00f3n de pol\u00edticas necesarias para fortalecer el tejido productivo de las micro, peque\u00f1as y medianas empresas, interviniendo en el flujo conforme a los convenios celebrados.<\/p>\n<p><strong>Acciones:<\/strong><br \/>\n\u2022 Promovemos el acceso de las MIPyMEs a la innovaci\u00f3n tecnol\u00f3gica que genere mayor productividad y competitividad en la cadena de valor.<br \/>\n\u2022 Difundimos y promovemos reg\u00edmenes de promoci\u00f3n fiscal y estrategias de fomento de la comercializaci\u00f3n del sector.<br \/>\n\u2022 Entender en la formulaci\u00f3n, asistencia t\u00e9cnica, evaluaci\u00f3n y seguimiento de proyectos de desarrollo con las MIPyMEs.<br \/>\n\u2022 Ayudamos en la formaci\u00f3n de emprendedores del sector, en las l\u00edneas de acci\u00f3n y promoci\u00f3n de empresas.<\/p>\n<p><strong>Accede a:<\/strong><\/p>\n<p><a id=\"itemguia\" href=\"http:\/\/portal.empleotucuman.gob.ar\/Portal\/?page_id=6767\">GU\u00cdA DE FINANCIAMIENTOS 2021<\/a><br \/>\n<a id=\"itemguia\" href=\"http:\/\/181.14.240.59\/Portal\/?page_id=6976\">BUSCADOR DE FINANCIAMIENTOS PYME<\/a><\/p>\n<p><strong>Oficinas:<\/strong><br \/>\nCharcas 50<br \/>\nSan Miguel de Tucum\u00e1n (4000)<br \/>\nTucum\u00e1n, Rep\u00fablica Argentina<br \/>\nTel.\/s: (54)(0381) 4218810\/4228373<br \/>\ne-mail: contacto@mipyme.gob.ar<\/p>\n","protected":false},"excerpt":{"rendered":"<p>Asiste en la determinaci\u00f3n y ejecuci\u00f3n de pol\u00edticas necesarias para fortalecer el tejido productivo de las micro, peque\u00f1as y medianas empresas, interviniendo en el flujo conforme a los convenios celebrados. Acciones: \u2022 Promovemos el acceso de las MIPyMEs a la innovaci\u00f3n tecnol\u00f3gica que genere mayor productividad y competitividad en la cadena de valor. \u2022 Difundimos [&hellip;]<\/p>\n","protected":false},"author":12,"featured_media":0,"parent":0,"menu_order":90,"comment_status":"open","ping_status":"open","template":"","meta":[],"_links":{"self":[{"href":"http:\/\/portal.empleotucuman.gob.ar\/Portal\/index.php?rest_route=\/wp\/v2\/pages\/3012"}],"collection":[{"href":"http:\/\/portal.empleotucuman.gob.ar\/Portal\/index.php?rest_route=\/wp\/v2\/pages"}],"about":[{"href":"http:\/\/portal.empleotucuman.gob.ar\/Portal\/index.php?rest_route=\/wp\/v2\/types\/page"}],"author":[{"embeddable":true,"href":"http:\/\/portal.empleotucuman.gob.ar\/Portal\/index.php?rest_route=\/wp\/v2\/users\/12"}],"replies":[{"embeddable":true,"href":"http:\/\/portal.empleotucuman.gob.ar\/Portal\/index.php?rest_route=%2Fwp%2Fv2%2Fcomments&post=3012"}],"version-history":[{"count":8,"href":"http:\/\/portal.empleotucuman.gob.ar\/Portal\/index.php?rest_route=\/wp\/v2\/pages\/3012\/revisions"}],"predecessor-version":[{"id":13811,"href":"http:\/\/portal.empleotucuman.gob.ar\/Portal\/index.php?rest_route=\/wp\/v2\/pages\/3012\/revisions\/13811"}],"wp:attachment":[{"href":"http:\/\/portal.empleotucuman.gob.ar\/Portal\/index.php?rest_route=%2Fwp%2Fv2%2Fmedia&parent=3012"}],"curies":[{"name":"wp","href":"https:\/\/api.w.org\/{rel}","templated":true}]}}