
{"id":23,"date":"2014-02-28T20:40:18","date_gmt":"2014-02-28T20:40:18","guid":{"rendered":"http:\/\/181.14.240.59\/Portal\/?page_id=23"},"modified":"2025-04-29T11:29:57","modified_gmt":"2025-04-29T14:29:57","slug":"programas-de-empleo","status":"publish","type":"page","link":"http:\/\/portal.empleotucuman.gob.ar\/Portal\/?page_id=23","title":{"rendered":"Programas de Empleo"},"content":{"rendered":"<p>El trabajo como fuente de dignidad de las personas.<\/p>\n<p>Los programas de empleo tienen el objetivo de promover la inserci\u00f3n laboral de los trabajadores desocupados, fortalecer su empleabilidad a trav\u00e9s de la educaci\u00f3n general, la capacitaci\u00f3n y la promoci\u00f3n de experiencias calificantes en actividades demandas en el mercado de trabajo local.<\/p>\n<ul>\n<li><a href=\"http:\/\/portal.empleotucuman.gob.ar\/Portal\/?page_id=14118\" target=\"_blank\" rel=\"noopener\">Programa Volver al Trabajo<\/a><\/li>\n<li><a href=\"http:\/\/portal.empleotucuman.gob.ar\/Portal\/?page_id=14416\" target=\"_blank\" rel=\"noopener\">Programa Fomentar Empleo<\/a><\/li>\n<li><a title=\"Seguro por Desempleo\" href=\"http:\/\/portal.empleotucuman.gob.ar\/Portal\/?page_id=130\">Programa Seguro por Desempleo<\/a><\/li>\n<li><a title=\"Programa Interzafra\" href=\"http:\/\/portal.empleotucuman.gob.ar\/Portal\/?page_id=126\">Programa Intercosecha<\/a><\/li>\n<li><a title=\"Programa de Inserci\u00f3n Laboral para Discapacitados\" href=\"http:\/\/portal.empleotucuman.gob.ar\/Portal\/?page_id=166\">Programa de Inserci\u00f3n Laboral para Discapacitados<\/a><\/li>\n<\/ul>\n<p>&nbsp;<\/p>\n","protected":false},"excerpt":{"rendered":"<p>El trabajo como fuente de dignidad de las personas. Los programas de empleo tienen el objetivo de promover la inserci\u00f3n laboral de los trabajadores desocupados, fortalecer su empleabilidad a trav\u00e9s de la educaci\u00f3n general, la capacitaci\u00f3n y la promoci\u00f3n de experiencias calificantes en actividades demandas en el mercado de trabajo local. Programa Volver al Trabajo [&hellip;]<\/p>\n","protected":false},"author":12,"featured_media":0,"parent":0,"menu_order":156,"comment_status":"open","ping_status":"open","template":"","meta":[],"_links":{"self":[{"href":"http:\/\/portal.empleotucuman.gob.ar\/Portal\/index.php?rest_route=\/wp\/v2\/pages\/23"}],"collection":[{"href":"http:\/\/portal.empleotucuman.gob.ar\/Portal\/index.php?rest_route=\/wp\/v2\/pages"}],"about":[{"href":"http:\/\/portal.empleotucuman.gob.ar\/Portal\/index.php?rest_route=\/wp\/v2\/types\/page"}],"author":[{"embeddable":true,"href":"http:\/\/portal.empleotucuman.gob.ar\/Portal\/index.php?rest_route=\/wp\/v2\/users\/12"}],"replies":[{"embeddable":true,"href":"http:\/\/portal.empleotucuman.gob.ar\/Portal\/index.php?rest_route=%2Fwp%2Fv2%2Fcomments&post=23"}],"version-history":[{"count":24,"href":"http:\/\/portal.empleotucuman.gob.ar\/Portal\/index.php?rest_route=\/wp\/v2\/pages\/23\/revisions"}],"predecessor-version":[{"id":14418,"href":"http:\/\/portal.empleotucuman.gob.ar\/Portal\/index.php?rest_route=\/wp\/v2\/pages\/23\/revisions\/14418"}],"wp:attachment":[{"href":"http:\/\/portal.empleotucuman.gob.ar\/Portal\/index.php?rest_route=%2Fwp%2Fv2%2Fmedia&parent=23"}],"curies":[{"name":"wp","href":"https:\/\/api.w.org\/{rel}","templated":true}]}}