
{"id":228,"date":"2014-03-06T18:03:17","date_gmt":"2014-03-06T21:03:17","guid":{"rendered":"http:\/\/181.14.240.59\/Portal\/?page_id=228"},"modified":"2014-03-06T18:06:50","modified_gmt":"2014-03-06T21:06:50","slug":"acuerdo-territorial","status":"publish","type":"page","link":"http:\/\/portal.empleotucuman.gob.ar\/Portal\/?page_id=228","title":{"rendered":"Acuerdo Territorial"},"content":{"rendered":"<blockquote>\n<h2>Objetivos<\/h2>\n<p>Promover en las distintas provincias y municipios la formulaci\u00f3n e implementaci\u00f3n de propuestas que, desde un enfoque estrat\u00e9gico, combinen en forma articulada y sist\u00e9mica los recursos disponibles (programas y componentes) en el Ministerio de Trabajo, Empleo y Seguridad Social de la Naci\u00f3n y en otras \u00e1reas del Estado, a partir de un an\u00e1lisis de los problemas y oportunidades en el territorio y utilizando las potencialidades locales, para dar respuesta a los problemas de empleo y trabajo de las personas.<\/p><\/blockquote>\n<h3>Caracter\u00edsticas<\/h3>\n<p>El prop\u00f3sito central de esta modalidad de intervenci\u00f3n es integrar, en una dimensi\u00f3n territorial, el an\u00e1lisis de las fortalezas y debilidades referidas a las din\u00e1micas productivas y a la poblaci\u00f3n, con vistas a generar propuestas integrales que incrementen las posibilidades de empleo y trabajo.\u00a0 Supone, adem\u00e1s, el desarrollo de estrategias centradas en el fortalecimiento de capacidades locales y en la promoci\u00f3n\u00a0 de la participaci\u00f3n para definir intervenciones adecuadas a las caracter\u00edsticas del territorio y a las problem\u00e1ticas espec\u00edficas de empleo de los distintos grupos de poblaci\u00f3n.<\/p>\n<p>Esta metodolog\u00eda de trabajo busca superar una forma de intervenci\u00f3n basada en el desarrollo de programas aislados, planteando un tratamiento integral de los problemas de empleo, tanto en la identificaci\u00f3n y explicaci\u00f3n de los mismos como en la formulaci\u00f3n e implementaci\u00f3n de propuestas para abordarlos. El an\u00e1lisis integral de los problemas de empleo y de sus posibles soluciones, permite multiplicar las alternativas de respuesta y optimizar los recursos, evitando superposiciones en \u00e1reas de financiamiento. Permite, tambi\u00e9n, explorar nuevos espacios de asistencia t\u00e9cnica o financiera, al centrar el an\u00e1lisis en el proceso real de implementaci\u00f3n y ajustarlo a las particularidades del contexto local.<\/p>\n<h3>Perspectiva<\/h3>\n<p>Desde esta perspectiva, el Acuerdo Territorial de Promoci\u00f3n del Empleo constituyeUn proceso de construcci\u00f3n de consensos y por lo tanto, multiactoral de trabajo conjunto entre la instituci\u00f3n municipal, los actores relevantes del territorio y el acompa\u00f1amiento t\u00e9cnico del Ministerio de Trabajo, Empleo y Seguridad Social, para la formulaci\u00f3n e implementaci\u00f3n de la\u00a0 propuesta.<\/p>\n<p>El resultado de un an\u00e1lisis situacional de los problemas de empleo y trabajo para la formulaci\u00f3n de estrategias diferenciadas por territorio y poblaci\u00f3n, a partir de la movilizaci\u00f3n y aprovechamiento de recursos y ventajas comparativas locales.<\/p>\n<p>Una estrategia que permite superar los l\u00edmites geopol\u00edticos de los municipios, tendiendo al concepto de zona econ\u00f3mica local y dando lugar a procesos que pueden abarcar a un conjunto de territorios.<\/p>\n","protected":false},"excerpt":{"rendered":"<p>Objetivos Promover en las distintas provincias y municipios la formulaci\u00f3n e implementaci\u00f3n de propuestas que, desde un enfoque estrat\u00e9gico, combinen en forma articulada y sist\u00e9mica los recursos disponibles (programas y componentes) en el Ministerio de Trabajo, Empleo y Seguridad Social de la Naci\u00f3n y en otras \u00e1reas del Estado, a partir de un an\u00e1lisis de [&hellip;]<\/p>\n","protected":false},"author":12,"featured_media":0,"parent":15,"menu_order":150,"comment_status":"open","ping_status":"open","template":"","meta":[],"_links":{"self":[{"href":"http:\/\/portal.empleotucuman.gob.ar\/Portal\/index.php?rest_route=\/wp\/v2\/pages\/228"}],"collection":[{"href":"http:\/\/portal.empleotucuman.gob.ar\/Portal\/index.php?rest_route=\/wp\/v2\/pages"}],"about":[{"href":"http:\/\/portal.empleotucuman.gob.ar\/Portal\/index.php?rest_route=\/wp\/v2\/types\/page"}],"author":[{"embeddable":true,"href":"http:\/\/portal.empleotucuman.gob.ar\/Portal\/index.php?rest_route=\/wp\/v2\/users\/12"}],"replies":[{"embeddable":true,"href":"http:\/\/portal.empleotucuman.gob.ar\/Portal\/index.php?rest_route=%2Fwp%2Fv2%2Fcomments&post=228"}],"version-history":[{"count":0,"href":"http:\/\/portal.empleotucuman.gob.ar\/Portal\/index.php?rest_route=\/wp\/v2\/pages\/228\/revisions"}],"up":[{"embeddable":true,"href":"http:\/\/portal.empleotucuman.gob.ar\/Portal\/index.php?rest_route=\/wp\/v2\/pages\/15"}],"wp:attachment":[{"href":"http:\/\/portal.empleotucuman.gob.ar\/Portal\/index.php?rest_route=%2Fwp%2Fv2%2Fmedia&parent=228"}],"curies":[{"name":"wp","href":"https:\/\/api.w.org\/{rel}","templated":true}]}}