
{"id":226,"date":"2014-03-06T17:58:45","date_gmt":"2014-03-06T20:58:45","guid":{"rendered":"http:\/\/181.14.240.59\/Portal\/?page_id=226"},"modified":"2014-03-06T17:58:45","modified_gmt":"2014-03-06T20:58:45","slug":"programa-de-trabajo-autogestionado","status":"publish","type":"page","link":"http:\/\/portal.empleotucuman.gob.ar\/Portal\/?page_id=226","title":{"rendered":"Programa de Trabajo Autogestionado"},"content":{"rendered":"<blockquote>\n<h2 align=\"left\">Objetivos<\/h2>\n<p align=\"left\">Promover la generaci\u00f3n de nuevas fuentes de trabajo y el mantenimiento de los puestos existentes a trav\u00e9s del fortalecimiento de unidades productivas de bienes y servicios, autogestionadas por los trabajadores.<\/p>\n<\/blockquote>\n<h3 align=\"left\">Destinatarios<\/h3>\n<ul>\n<li>Unidades productivas en funcionamiento, o por reactivar, gestionadas por trabajadores en condiciones de alta precariedad laboral.<\/li>\n<li>Empresas\/f\u00e1bricas recuperadas por los trabajadores, independientemente de la figura jur\u00eddica que adopten.<\/li>\n<\/ul>\n<h3 align=\"left\">Beneficios<\/h3>\n<ul>\n<li>Ayuda econ\u00f3mica individual por mes a cada trabajador por un per\u00edodo m\u00e1ximo de seis meses consecutivos.<\/li>\n<li>Actividades de asistencia t\u00e9cnica y capacitaci\u00f3n.<\/li>\n<li>Adquisici\u00f3n de equipamiento, materias primas e insumos, y\/o reparaci\u00f3n de equipos.<\/li>\n<li>Reacondicionamiento de infraestructura e instalaciones.<\/li>\n<li>Expansi\u00f3n y consolidaci\u00f3n de la unidad productiva en el mercado.<\/li>\n<\/ul>\n<h3 align=\"left\">Modalidad<\/h3>\n<ul>\n<li>Nota de presentaci\u00f3n de la propuesta al programa suscripta por el representante legal y\/o responsable.<\/li>\n<li>Copia del acta de reuni\u00f3n que aprueba la presentaci\u00f3n ante el programa.<\/li>\n<\/ul>\n","protected":false},"excerpt":{"rendered":"<p>Objetivos Promover la generaci\u00f3n de nuevas fuentes de trabajo y el mantenimiento de los puestos existentes a trav\u00e9s del fortalecimiento de unidades productivas de bienes y servicios, autogestionadas por los trabajadores. Destinatarios Unidades productivas en funcionamiento, o por reactivar, gestionadas por trabajadores en condiciones de alta precariedad laboral. Empresas\/f\u00e1bricas recuperadas por los trabajadores, independientemente de [&hellip;]<\/p>\n","protected":false},"author":12,"featured_media":0,"parent":15,"menu_order":149,"comment_status":"open","ping_status":"open","template":"","meta":[],"_links":{"self":[{"href":"http:\/\/portal.empleotucuman.gob.ar\/Portal\/index.php?rest_route=\/wp\/v2\/pages\/226"}],"collection":[{"href":"http:\/\/portal.empleotucuman.gob.ar\/Portal\/index.php?rest_route=\/wp\/v2\/pages"}],"about":[{"href":"http:\/\/portal.empleotucuman.gob.ar\/Portal\/index.php?rest_route=\/wp\/v2\/types\/page"}],"author":[{"embeddable":true,"href":"http:\/\/portal.empleotucuman.gob.ar\/Portal\/index.php?rest_route=\/wp\/v2\/users\/12"}],"replies":[{"embeddable":true,"href":"http:\/\/portal.empleotucuman.gob.ar\/Portal\/index.php?rest_route=%2Fwp%2Fv2%2Fcomments&post=226"}],"version-history":[{"count":0,"href":"http:\/\/portal.empleotucuman.gob.ar\/Portal\/index.php?rest_route=\/wp\/v2\/pages\/226\/revisions"}],"up":[{"embeddable":true,"href":"http:\/\/portal.empleotucuman.gob.ar\/Portal\/index.php?rest_route=\/wp\/v2\/pages\/15"}],"wp:attachment":[{"href":"http:\/\/portal.empleotucuman.gob.ar\/Portal\/index.php?rest_route=%2Fwp%2Fv2%2Fmedia&parent=226"}],"curies":[{"name":"wp","href":"https:\/\/api.w.org\/{rel}","templated":true}]}}