
{"id":222,"date":"2014-03-06T17:56:04","date_gmt":"2014-03-06T20:56:04","guid":{"rendered":"http:\/\/181.14.240.59\/Portal\/?page_id=222"},"modified":"2014-03-11T10:03:27","modified_gmt":"2014-03-11T13:03:27","slug":"unidades-productivas","status":"publish","type":"page","link":"http:\/\/portal.empleotucuman.gob.ar\/Portal\/?page_id=222","title":{"rendered":"Unidades Productivas"},"content":{"rendered":"<p align=\"left\"><em>L\u00ednea de Entramados Productivos Locales<\/em><\/p>\n<blockquote>\n<h2 align=\"left\">Objetivos<\/h2>\n<p align=\"left\">Emprendimientos que re\u00fanen a trabajadores independientes o desocupados, peque\u00f1os productores o microempresarios que se asocian para producir bienes y\/o servicios, adoptando criterios equitativos de distribuci\u00f3n de utilidades entre sus integrantes.<\/p>\n<\/blockquote>\n<h3 align=\"left\">Destinatarios<\/h3>\n<ul>\n<li>Peque\u00f1os productores.<\/li>\n<li>Microempresarios.<\/li>\n<li>Trabajadores desocupados.<\/li>\n<li>Trabajadores independientes.<\/li>\n<\/ul>\n<h3 align=\"left\">Beneficios<\/h3>\n<ul>\n<li>Apoyo en la formulaci\u00f3n de la idea proyecto.<\/li>\n<li>Capacitaci\u00f3n en tem\u00e1ticas espec\u00edficas.<\/li>\n<li>Interacci\u00f3n con organismos e instituciones del medio.<\/li>\n<li>Acondicionamiento de infraestructura complementaria por un monto no superior al 20% del monto total solicitado.<\/li>\n<\/ul>\n","protected":false},"excerpt":{"rendered":"<p>L\u00ednea de Entramados Productivos Locales Objetivos Emprendimientos que re\u00fanen a trabajadores independientes o desocupados, peque\u00f1os productores o microempresarios que se asocian para producir bienes y\/o servicios, adoptando criterios equitativos de distribuci\u00f3n de utilidades entre sus integrantes. Destinatarios Peque\u00f1os productores. Microempresarios. Trabajadores desocupados. Trabajadores independientes. Beneficios Apoyo en la formulaci\u00f3n de la idea proyecto. Capacitaci\u00f3n en [&hellip;]<\/p>\n","protected":false},"author":12,"featured_media":0,"parent":15,"menu_order":147,"comment_status":"open","ping_status":"open","template":"","meta":[],"_links":{"self":[{"href":"http:\/\/portal.empleotucuman.gob.ar\/Portal\/index.php?rest_route=\/wp\/v2\/pages\/222"}],"collection":[{"href":"http:\/\/portal.empleotucuman.gob.ar\/Portal\/index.php?rest_route=\/wp\/v2\/pages"}],"about":[{"href":"http:\/\/portal.empleotucuman.gob.ar\/Portal\/index.php?rest_route=\/wp\/v2\/types\/page"}],"author":[{"embeddable":true,"href":"http:\/\/portal.empleotucuman.gob.ar\/Portal\/index.php?rest_route=\/wp\/v2\/users\/12"}],"replies":[{"embeddable":true,"href":"http:\/\/portal.empleotucuman.gob.ar\/Portal\/index.php?rest_route=%2Fwp%2Fv2%2Fcomments&post=222"}],"version-history":[{"count":0,"href":"http:\/\/portal.empleotucuman.gob.ar\/Portal\/index.php?rest_route=\/wp\/v2\/pages\/222\/revisions"}],"up":[{"embeddable":true,"href":"http:\/\/portal.empleotucuman.gob.ar\/Portal\/index.php?rest_route=\/wp\/v2\/pages\/15"}],"wp:attachment":[{"href":"http:\/\/portal.empleotucuman.gob.ar\/Portal\/index.php?rest_route=%2Fwp%2Fv2%2Fmedia&parent=222"}],"curies":[{"name":"wp","href":"https:\/\/api.w.org\/{rel}","templated":true}]}}