
{"id":2206,"date":"2016-03-22T18:18:13","date_gmt":"2016-03-22T21:18:13","guid":{"rendered":"http:\/\/181.14.240.59\/Portal\/?page_id=2206"},"modified":"2025-09-02T09:38:36","modified_gmt":"2025-09-02T12:38:36","slug":"institucional","status":"publish","type":"page","link":"http:\/\/portal.empleotucuman.gob.ar\/Portal\/?page_id=2206","title":{"rendered":"Institucional"},"content":{"rendered":"<p><strong>Institucional<\/strong><\/p>\n<blockquote><p>Con la Fuerza del Empleo construyamos un Tucum\u00e1n Productivo con Desarrollo y Equidad.<\/p><\/blockquote>\n<p>La <strong>Direcci\u00f3n de Empleo<\/strong> dependiente de la Subsecretaria de Desarrollo Productivo, de la <span style=\"color: #3366ff;\"><strong><a style=\"color: #3366ff;\" href=\"https:\/\/producciontucuman.gob.ar\/\" target=\"_blank\" rel=\"noopener\">Secretar\u00eda de Producci\u00f3n<\/a><\/strong><\/span>;\u00a0 pone a disposici\u00f3n cual su misi\u00f3n dentro del Gobierno de la Provincia, y describe sus funciones.<\/p>\n<p>Para ejecutar tales acciones cuenta con un grupo humano y profesional en las diferentes \u00e1reas que las componen; las cuales son guiadas por sus autoridades.<\/p>\n<ul>\n<li><a title=\"Misi\u00f3n y Funciones\" href=\"http:\/\/portal.empleotucuman.gob.ar\/Portal\/?page_id=2126\">Misi\u00f3n y Funciones<\/a><\/li>\n<li><a title=\"Autoridades\" href=\"http:\/\/portal.empleotucuman.gob.ar\/Portal\/?page_id=2130\">Autoridades<\/a><\/li>\n<\/ul>\n","protected":false},"excerpt":{"rendered":"<p>Institucional Con la Fuerza del Empleo construyamos un Tucum\u00e1n Productivo con Desarrollo y Equidad. La Direcci\u00f3n de Empleo dependiente de la Subsecretaria de Desarrollo Productivo, de la Secretar\u00eda de Producci\u00f3n;\u00a0 pone a disposici\u00f3n cual su misi\u00f3n dentro del Gobierno de la Provincia, y describe sus funciones. Para ejecutar tales acciones cuenta con un grupo humano [&hellip;]<\/p>\n","protected":false},"author":12,"featured_media":0,"parent":0,"menu_order":140,"comment_status":"open","ping_status":"open","template":"","meta":[],"_links":{"self":[{"href":"http:\/\/portal.empleotucuman.gob.ar\/Portal\/index.php?rest_route=\/wp\/v2\/pages\/2206"}],"collection":[{"href":"http:\/\/portal.empleotucuman.gob.ar\/Portal\/index.php?rest_route=\/wp\/v2\/pages"}],"about":[{"href":"http:\/\/portal.empleotucuman.gob.ar\/Portal\/index.php?rest_route=\/wp\/v2\/types\/page"}],"author":[{"embeddable":true,"href":"http:\/\/portal.empleotucuman.gob.ar\/Portal\/index.php?rest_route=\/wp\/v2\/users\/12"}],"replies":[{"embeddable":true,"href":"http:\/\/portal.empleotucuman.gob.ar\/Portal\/index.php?rest_route=%2Fwp%2Fv2%2Fcomments&post=2206"}],"version-history":[{"count":7,"href":"http:\/\/portal.empleotucuman.gob.ar\/Portal\/index.php?rest_route=\/wp\/v2\/pages\/2206\/revisions"}],"predecessor-version":[{"id":14535,"href":"http:\/\/portal.empleotucuman.gob.ar\/Portal\/index.php?rest_route=\/wp\/v2\/pages\/2206\/revisions\/14535"}],"wp:attachment":[{"href":"http:\/\/portal.empleotucuman.gob.ar\/Portal\/index.php?rest_route=%2Fwp%2Fv2%2Fmedia&parent=2206"}],"curies":[{"name":"wp","href":"https:\/\/api.w.org\/{rel}","templated":true}]}}