
{"id":215,"date":"2014-03-06T20:29:10","date_gmt":"2014-03-06T20:29:10","guid":{"rendered":"http:\/\/181.14.240.59\/Portal\/?page_id=215"},"modified":"2014-03-11T10:11:46","modified_gmt":"2014-03-11T13:11:46","slug":"entramados-productivos","status":"publish","type":"page","link":"http:\/\/portal.empleotucuman.gob.ar\/Portal\/?page_id=215","title":{"rendered":"Entramados Productivos"},"content":{"rendered":"<p align=\"left\"><em>Programa de Empleo Independiente y Entramados Productivos Locales<\/em><\/p>\n<blockquote>\n<h2 align=\"left\">Objetivos<\/h2>\n<p align=\"left\">Contribuir al desarrollo de unidades productivas de peque\u00f1os productores y\/o microempresarios asociados orientados a la generaci\u00f3n de empleo y a mejorar la calidad del empleo a trav\u00e9s del financiamiento de bienes de capital, capital de trabajo y asistencia t\u00e9cnica.<\/p>\n<\/blockquote>\n<h3 align=\"left\">Destinatarios<\/h3>\n<ul>\n<li>Peque\u00f1os productores.<\/li>\n<li>Microempresarios.<\/li>\n<li>Trabajadores desocupados.<\/li>\n<li>Trabajadores independientes.<\/li>\n<\/ul>\n<h3 align=\"left\">Organismos ejecutores<\/h3>\n<ul>\n<li>Municipios<\/li>\n<li>Peque\u00f1os productores o microempresarios\u00a0 asociados en cooperativas u otras formas asociativas formales.<\/li>\n<\/ul>\n<h3 align=\"left\">Beneficios<\/h3>\n<ul>\n<li>Asesoramiento en la presentaci\u00f3n del proyecto de inversi\u00f3n.<\/li>\n<li>Financiamiento en bienes no corrientes o bienes de capital, de trabajo, asistencia t\u00e9cnica y capacitaci\u00f3n.<\/li>\n<li>Acondicionamiento de infraestructura complementaria por un monto no superior al 20% del monto total solicitado.<\/li>\n<\/ul>\n<h3 align=\"left\">Modalidad<\/h3>\n<ul>\n<li>Incentivar el desarrollo local, territorial o provincial, fortaleciendo entramados productivos locales que permitan la generaci\u00f3n de nuevos empleos o la mejora de los existentes.<\/li>\n<li>Contribuir al desarrollo de unidades productivas.<\/li>\n<li>Contribuir al desarrollo de la producci\u00f3n local a trav\u00e9s del apoyo a la instalaci\u00f3n y financiamiento de los Centros de Servicio.<\/li>\n<\/ul>\n","protected":false},"excerpt":{"rendered":"<p>Programa de Empleo Independiente y Entramados Productivos Locales Objetivos Contribuir al desarrollo de unidades productivas de peque\u00f1os productores y\/o microempresarios asociados orientados a la generaci\u00f3n de empleo y a mejorar la calidad del empleo a trav\u00e9s del financiamiento de bienes de capital, capital de trabajo y asistencia t\u00e9cnica. Destinatarios Peque\u00f1os productores. Microempresarios. Trabajadores desocupados. Trabajadores [&hellip;]<\/p>\n","protected":false},"author":12,"featured_media":0,"parent":15,"menu_order":146,"comment_status":"open","ping_status":"open","template":"","meta":[],"_links":{"self":[{"href":"http:\/\/portal.empleotucuman.gob.ar\/Portal\/index.php?rest_route=\/wp\/v2\/pages\/215"}],"collection":[{"href":"http:\/\/portal.empleotucuman.gob.ar\/Portal\/index.php?rest_route=\/wp\/v2\/pages"}],"about":[{"href":"http:\/\/portal.empleotucuman.gob.ar\/Portal\/index.php?rest_route=\/wp\/v2\/types\/page"}],"author":[{"embeddable":true,"href":"http:\/\/portal.empleotucuman.gob.ar\/Portal\/index.php?rest_route=\/wp\/v2\/users\/12"}],"replies":[{"embeddable":true,"href":"http:\/\/portal.empleotucuman.gob.ar\/Portal\/index.php?rest_route=%2Fwp%2Fv2%2Fcomments&post=215"}],"version-history":[{"count":0,"href":"http:\/\/portal.empleotucuman.gob.ar\/Portal\/index.php?rest_route=\/wp\/v2\/pages\/215\/revisions"}],"up":[{"embeddable":true,"href":"http:\/\/portal.empleotucuman.gob.ar\/Portal\/index.php?rest_route=\/wp\/v2\/pages\/15"}],"wp:attachment":[{"href":"http:\/\/portal.empleotucuman.gob.ar\/Portal\/index.php?rest_route=%2Fwp%2Fv2%2Fmedia&parent=215"}],"curies":[{"name":"wp","href":"https:\/\/api.w.org\/{rel}","templated":true}]}}