
{"id":2130,"date":"2016-03-22T18:53:59","date_gmt":"2016-03-22T21:53:59","guid":{"rendered":"http:\/\/181.14.240.59\/Portal\/?page_id=2130"},"modified":"2023-12-14T11:33:07","modified_gmt":"2023-12-14T14:33:07","slug":"autoridades","status":"publish","type":"page","link":"http:\/\/portal.empleotucuman.gob.ar\/Portal\/?page_id=2130","title":{"rendered":"Autoridades"},"content":{"rendered":"<p>&nbsp;<\/p>\n<table style=\"height: 347px; width: 100%;\" width=\"673\">\n<tbody>\n<tr style=\"height: 347px;\">\n<td style=\"width: 11.0122%; height: 347px;\">\n<p style=\"margin: 0px; text-align: center;\"><strong>Julio Alberto Jarma<\/strong><\/p>\n<p style=\"text-align: center;\"><a href=\"http:\/\/portal.empleotucuman.gob.ar\/Portal\/wp-content\/uploads\/2016\/03\/Julio-Jarma_128.jpg\"><img loading=\"lazy\" class=\"alignnone wp-image-2347 size-full\" src=\"http:\/\/portal.empleotucuman.gob.ar\/Portal\/wp-content\/uploads\/2016\/03\/Julio-Jarma_128.jpg\" alt=\"\" width=\"128\" height=\"123\" \/><\/a>Director de Empleo en la Subsecretaria de Desarrollo Productivo, Provincia Tucum\u00e1n<\/p>\n<\/td>\n<td style=\"margin: 0px; vertical-align: top; width: 88.0979%; height: 347px;\">Ejerce su cargo de Director de Empleo en la Subsecretaria de Desarrollo Productivo de\u00a0 la provincia de Tucum\u00e1n desde Noviembre de 2023.<\/p>\n<p>Anteriormente desempe\u00f1o el rol de Subsecretario de Empleo y Director de Empleo de la provincia de Tucum\u00e1n.<\/p>\n<p>Inici\u00f3 su carrera en la Gerencia de Empleo de Tucum\u00e1n como Referente de Pol\u00edticas activas.<\/p>\n<p>Tuvo un pasado deportivo como jugador de Basquetbol y Rugby.<\/p>\n<p>Contacto:<br \/>\ne-mail: <a href=\"mailto:jajarma@empleotucuman.gob.ar\">jajarma@empleotucuman.gob.ar<\/a><\/td>\n<\/tr>\n<\/tbody>\n<\/table>\n","protected":false},"excerpt":{"rendered":"<p>&nbsp; Julio Alberto Jarma Director de Empleo en la Subsecretaria de Desarrollo Productivo, Provincia Tucum\u00e1n Ejerce su cargo de Director de Empleo en la Subsecretaria de Desarrollo Productivo de\u00a0 la provincia de Tucum\u00e1n desde Noviembre de 2023. Anteriormente desempe\u00f1o el rol de Subsecretario de Empleo y Director de Empleo de la provincia de Tucum\u00e1n. Inici\u00f3 [&hellip;]<\/p>\n","protected":false},"author":12,"featured_media":0,"parent":2206,"menu_order":141,"comment_status":"open","ping_status":"open","template":"page_autoridades.php","meta":[],"_links":{"self":[{"href":"http:\/\/portal.empleotucuman.gob.ar\/Portal\/index.php?rest_route=\/wp\/v2\/pages\/2130"}],"collection":[{"href":"http:\/\/portal.empleotucuman.gob.ar\/Portal\/index.php?rest_route=\/wp\/v2\/pages"}],"about":[{"href":"http:\/\/portal.empleotucuman.gob.ar\/Portal\/index.php?rest_route=\/wp\/v2\/types\/page"}],"author":[{"embeddable":true,"href":"http:\/\/portal.empleotucuman.gob.ar\/Portal\/index.php?rest_route=\/wp\/v2\/users\/12"}],"replies":[{"embeddable":true,"href":"http:\/\/portal.empleotucuman.gob.ar\/Portal\/index.php?rest_route=%2Fwp%2Fv2%2Fcomments&post=2130"}],"version-history":[{"count":100,"href":"http:\/\/portal.empleotucuman.gob.ar\/Portal\/index.php?rest_route=\/wp\/v2\/pages\/2130\/revisions"}],"predecessor-version":[{"id":14019,"href":"http:\/\/portal.empleotucuman.gob.ar\/Portal\/index.php?rest_route=\/wp\/v2\/pages\/2130\/revisions\/14019"}],"up":[{"embeddable":true,"href":"http:\/\/portal.empleotucuman.gob.ar\/Portal\/index.php?rest_route=\/wp\/v2\/pages\/2206"}],"wp:attachment":[{"href":"http:\/\/portal.empleotucuman.gob.ar\/Portal\/index.php?rest_route=%2Fwp%2Fv2%2Fmedia&parent=2130"}],"curies":[{"name":"wp","href":"https:\/\/api.w.org\/{rel}","templated":true}]}}