
{"id":2126,"date":"2016-03-06T12:05:27","date_gmt":"2016-03-06T15:05:27","guid":{"rendered":"http:\/\/181.14.240.59\/Portal\/?page_id=2126"},"modified":"2016-09-14T00:30:57","modified_gmt":"2016-09-14T03:30:57","slug":"mision-y-funciones","status":"publish","type":"page","link":"http:\/\/portal.empleotucuman.gob.ar\/Portal\/?page_id=2126","title":{"rendered":"Misi\u00f3n y Funciones"},"content":{"rendered":"<blockquote><p><strong>Misi\u00f3n:<\/strong><br \/>\nContribuir a la generaci\u00f3n, sostenimiento y mejora del empleo mediante la articulaci\u00f3n de distintas pol\u00edticas publicas instrumentadas por la Superioridad; fomentando y controlando el desarrollo de nuevos emprendimientos productivos en el sector de MiPyMEs .<\/p><\/blockquote>\n<p><strong>Funciones<\/strong><\/p>\n<p>Asistir a la Superioridad en los asuntos de su competencia, seg\u00fan lo establecido en la Ley de Ministerios.<\/p>\n<p>Dise\u00f1ar y promover pol\u00edticas activas que favorezcan la creaci\u00f3n de empleo genuino y la transformaci\u00f3n de programas asistenciales en pol\u00edticas de integraci\u00f3n social y productiva de la poblaci\u00f3n desocupada.<\/p>\n<p>Realizar an\u00e1lisis permanentes del mercado laboral a efectos de determinar las habilidades y competencias sociales, para responder a las necesidades del contexto.<\/p>\n<p>Fortalecer la empleabilidad a trav\u00e9s de la educaci\u00f3n general, la capacitaci\u00f3n y la promoci\u00f3n de competencias para las actividades demandadas en el mercado de trabajo local, en coordinaci\u00f3n con otras \u00e1reas u Organismos que tengan injerencia en la materia.<\/p>\n<p>Generar las condiciones que faciliten la conexi\u00f3n entre las empresas y los ciudadanos, a efectos de posibilitar el acceso al mercado de trabajo local, a trav\u00e9s de servicios de informaci\u00f3n, y asesoramiento.<\/p>\n<p>Facilitar la formaci\u00f3n asociativa de emprendimientos productivos, procurando por medio de su capacitaci\u00f3n el desarrollo de su potencial y de sus capacidades, en coordinaci\u00f3n con los Organismos Nacionales y Provinciales que correspondan.<\/p>\n<p>Propender a la articulaci\u00f3n de los nuevos emprendimientos productivos con la demanda de bienes y servicios de medianas y\u00a0 grandes instituciones y\/o empresas del orden internacional, nacional o provincial.<\/p>\n<p>Desarrollar y\/o supervisar la implementaci\u00f3n de los planes, programas y proyectos de emprendimientos productivos que\u00a0 promuevan la generaci\u00f3n de empleo genuino, evaluando el grado de cumplimiento de los objetivos planteados.<\/p>\n<p>Propiciar las iniciativas de las MiPyMEs, en materia de calidad, dise\u00f1o, innovaci\u00f3n, sociedad de la informaci\u00f3n, medio ambiente, nuevas tecnolog\u00edas y acceso a nuevos mercados y en general, todas aquellas orientadas a la mejora de la competitividad, en\u00a0 coordinaci\u00f3n con otras \u00e1reas del Estado Provincial con incumbencia en la materia.<\/p>\n<p>Supervisar la implementaci\u00f3n de pol\u00edticas p\u00fablicas destinadas al desarrollo de las MiPyME a fin de avanzar hacia la integraci\u00f3n de la estructura productiva de la regi\u00f3n.<\/p>\n<p>Entender en la planificaci\u00f3n, elaboraci\u00f3n y evaluaci\u00f3n de reg\u00edmenes de promoci\u00f3n protecci\u00f3n de MiPyMEs.<\/p>\n<p>Promover\u00a0 la creaci\u00f3n de incubadoras de MiPyMEs, supervisando su generaci\u00f3n y desarrollo<\/p>\n<p>Promover la celebraci\u00f3n de convenios de complementaci\u00f3n entre territorios locales, provinciales o nacionales, para el fomento del empleo y el desarrollo de las MiPyMEs.<\/p>\n","protected":false},"excerpt":{"rendered":"<p>Misi\u00f3n: Contribuir a la generaci\u00f3n, sostenimiento y mejora del empleo mediante la articulaci\u00f3n de distintas pol\u00edticas publicas instrumentadas por la Superioridad; fomentando y controlando el desarrollo de nuevos emprendimientos productivos en el sector de MiPyMEs . Funciones Asistir a la Superioridad en los asuntos de su competencia, seg\u00fan lo establecido en la Ley de Ministerios. [&hellip;]<\/p>\n","protected":false},"author":12,"featured_media":0,"parent":2206,"menu_order":142,"comment_status":"open","ping_status":"open","template":"","meta":[],"_links":{"self":[{"href":"http:\/\/portal.empleotucuman.gob.ar\/Portal\/index.php?rest_route=\/wp\/v2\/pages\/2126"}],"collection":[{"href":"http:\/\/portal.empleotucuman.gob.ar\/Portal\/index.php?rest_route=\/wp\/v2\/pages"}],"about":[{"href":"http:\/\/portal.empleotucuman.gob.ar\/Portal\/index.php?rest_route=\/wp\/v2\/types\/page"}],"author":[{"embeddable":true,"href":"http:\/\/portal.empleotucuman.gob.ar\/Portal\/index.php?rest_route=\/wp\/v2\/users\/12"}],"replies":[{"embeddable":true,"href":"http:\/\/portal.empleotucuman.gob.ar\/Portal\/index.php?rest_route=%2Fwp%2Fv2%2Fcomments&post=2126"}],"version-history":[{"count":0,"href":"http:\/\/portal.empleotucuman.gob.ar\/Portal\/index.php?rest_route=\/wp\/v2\/pages\/2126\/revisions"}],"up":[{"embeddable":true,"href":"http:\/\/portal.empleotucuman.gob.ar\/Portal\/index.php?rest_route=\/wp\/v2\/pages\/2206"}],"wp:attachment":[{"href":"http:\/\/portal.empleotucuman.gob.ar\/Portal\/index.php?rest_route=%2Fwp%2Fv2%2Fmedia&parent=2126"}],"curies":[{"name":"wp","href":"https:\/\/api.w.org\/{rel}","templated":true}]}}