
{"id":21,"date":"2014-02-28T20:40:06","date_gmt":"2014-02-28T20:40:06","guid":{"rendered":"http:\/\/181.14.240.59\/Portal\/?page_id=21"},"modified":"2023-08-16T15:31:25","modified_gmt":"2023-08-16T18:31:25","slug":"capacitacion","status":"publish","type":"page","link":"http:\/\/portal.empleotucuman.gob.ar\/Portal\/?page_id=21","title":{"rendered":"Capacitaci\u00f3n"},"content":{"rendered":"<blockquote><p>La Formaci\u00f3n como eje estrat\u00e9gico de la movilidad y la inclusi\u00f3n social de los trabajadores y trabajadoras desocupados.<\/p><\/blockquote>\n<p>Las pol\u00edticas de capacitaci\u00f3n destinadas a los beneficiarios de los diferentes programas y a los desocupados, tienen por objetivo mejorar la calificaci\u00f3n laboral de la poblaci\u00f3n a trav\u00e9s de la certificaci\u00f3n de estudios formales y de formaci\u00f3n en diversos oficios que optimizan la Empleabilidad y consolidan la inclusi\u00f3n social.<\/p>\n<ul>\n<li><a title=\"Formaci\u00f3n Profesional\" href=\"http:\/\/portal.empleotucuman.gob.ar\/Portal\/?page_id=170\">Formaci\u00f3n Profesional<\/a><\/li>\n<li><a title=\"Programa de Formaci\u00f3n para el Trabajo: Terminalidad Educativa\" href=\"http:\/\/portal.empleotucuman.gob.ar\/Portal\/?page_id=174\">Programa de Formaci\u00f3n para el Trabajo: Terminalidad Educativa<\/a><\/li>\n<li><a title=\"Programa Sectorial de Calificaci\u00f3n y Promoci\u00f3n del Empleo\" href=\"http:\/\/portal.empleotucuman.gob.ar\/Portal\/?page_id=177\">Programa Sectorial de Calificaci\u00f3n y Promoci\u00f3n del Empleo<\/a><\/li>\n<li><a title=\"R\u00e9gimen de Cr\u00e9dito Fiscal del MTEySS para Pyme y Gran Empresa\" href=\"http:\/\/portal.empleotucuman.gob.ar\/Portal\/?page_id=179\">R\u00e9gimen de Cr\u00e9dito Fiscal del MTEySS para Pyme y Gran Empresa<\/a><\/li>\n<li><a title=\"Programa de Certificaciones de Competencias Laborales\" href=\"http:\/\/portal.empleotucuman.gob.ar\/Portal\/?page_id=181\">Programa de Certificaciones de Competencias Laborales<\/a><\/li>\n<li><a title=\"Fortalecimiento de Instituciones de Formaci\u00f3n Profesional\" href=\"http:\/\/portal.empleotucuman.gob.ar\/Portal\/?page_id=185\">Fortalecimiento de Instituciones de Formaci\u00f3n Profesional<\/a><\/li>\n<li><a title=\"Registro de Instituciones de Capacitaci\u00f3n y Empleo (REGICE)\" href=\"http:\/\/portal.empleotucuman.gob.ar\/Portal\/?page_id=187\">Registro de Instituciones de Capacitaci\u00f3n y Empleo (REGICE)<\/a><\/li>\n<li><a title=\"Programa de Formaci\u00f3n Profesional en Teletrabajo\" href=\"http:\/\/portal.empleotucuman.gob.ar\/Portal\/?page_id=189\">Programa de Formaci\u00f3n Profesional en Teletrabajo<\/a><\/li>\n<li><a title=\"Normas de Competencias\" href=\"http:\/\/portal.empleotucuman.gob.ar\/Portal\/?page_id=527\">Normas de Competencias<\/a><\/li>\n<\/ul>\n","protected":false},"excerpt":{"rendered":"<p>La Formaci\u00f3n como eje estrat\u00e9gico de la movilidad y la inclusi\u00f3n social de los trabajadores y trabajadoras desocupados. Las pol\u00edticas de capacitaci\u00f3n destinadas a los beneficiarios de los diferentes programas y a los desocupados, tienen por objetivo mejorar la calificaci\u00f3n laboral de la poblaci\u00f3n a trav\u00e9s de la certificaci\u00f3n de estudios formales y de formaci\u00f3n [&hellip;]<\/p>\n","protected":false},"author":12,"featured_media":0,"parent":0,"menu_order":170,"comment_status":"open","ping_status":"open","template":"","meta":[],"_links":{"self":[{"href":"http:\/\/portal.empleotucuman.gob.ar\/Portal\/index.php?rest_route=\/wp\/v2\/pages\/21"}],"collection":[{"href":"http:\/\/portal.empleotucuman.gob.ar\/Portal\/index.php?rest_route=\/wp\/v2\/pages"}],"about":[{"href":"http:\/\/portal.empleotucuman.gob.ar\/Portal\/index.php?rest_route=\/wp\/v2\/types\/page"}],"author":[{"embeddable":true,"href":"http:\/\/portal.empleotucuman.gob.ar\/Portal\/index.php?rest_route=\/wp\/v2\/users\/12"}],"replies":[{"embeddable":true,"href":"http:\/\/portal.empleotucuman.gob.ar\/Portal\/index.php?rest_route=%2Fwp%2Fv2%2Fcomments&post=21"}],"version-history":[{"count":4,"href":"http:\/\/portal.empleotucuman.gob.ar\/Portal\/index.php?rest_route=\/wp\/v2\/pages\/21\/revisions"}],"predecessor-version":[{"id":13809,"href":"http:\/\/portal.empleotucuman.gob.ar\/Portal\/index.php?rest_route=\/wp\/v2\/pages\/21\/revisions\/13809"}],"wp:attachment":[{"href":"http:\/\/portal.empleotucuman.gob.ar\/Portal\/index.php?rest_route=%2Fwp%2Fv2%2Fmedia&parent=21"}],"curies":[{"name":"wp","href":"https:\/\/api.w.org\/{rel}","templated":true}]}}