
{"id":198,"date":"2014-03-06T18:26:28","date_gmt":"2014-03-06T18:26:28","guid":{"rendered":"http:\/\/181.14.240.59\/Portal\/?page_id=198"},"modified":"2024-07-22T10:16:14","modified_gmt":"2024-07-22T13:16:14","slug":"programa-de-insercion-laboral-en-el-sector-privado","status":"publish","type":"page","link":"http:\/\/portal.empleotucuman.gob.ar\/Portal\/?page_id=198","title":{"rendered":"Programa de Inserci\u00f3n Laboral en el Sector Privado"},"content":{"rendered":"<blockquote>\n<h2 align=\"left\">Objetivos<\/h2>\n<p align=\"left\">Facilitar la inserci\u00f3n laboral a trav\u00e9s de est\u00edmulos a las empresas que contraten personas para ampliar su planta de recursos humanos.<\/p>\n<\/blockquote>\n<h3 align=\"left\">Destinatarios<\/h3>\n<ul>\n<li>FOMENTAR con prioridad 1 0 2.<\/li>\n<li>PROG.R.ES.AR.<\/li>\n<li>Programa Volver al Trabajo (VAT).<\/li>\n<li>Beneficiarios de PROMOVER.<\/li>\n<li>Desocupados egresados de un curso de formaci\u00f3n profesional dictados por el MTEySS.<\/li>\n<\/ul>\n<h3 align=\"left\">Beneficios<\/h3>\n<ul>\n<li>Inserci\u00f3n laboral a las personas que re\u00fanan las condiciones.<\/li>\n<li>B\u00fasqueda gratuita de candidatos calificados para la empresa trav\u00e9s de la Red de Oficinas de Empleo.<\/li>\n<li>Posibilidades de deducci\u00f3n del salario del trabajador de una suma entre $13.000 y $52.000.<\/li>\n<li>Beneficio en el pago de contribuci\u00f3n a la seguridad social.<\/li>\n<\/ul>\n<h3 align=\"left\">Modalidad<\/h3>\n<ul>\n<li>Se alienta la inserci\u00f3n de trabajadores en el sector privado.<\/li>\n<li>El empleador deduce del salario que abona al trabajador el dinero que cobra a trav\u00e9s de los Programas de Empleo del MTEySS por un plazo de hasta 12 meses.<\/li>\n<li>Los empleadores deben inscribirse en el PORTAL EMPLEO.<\/li>\n<\/ul>\n","protected":false},"excerpt":{"rendered":"<p>Objetivos Facilitar la inserci\u00f3n laboral a trav\u00e9s de est\u00edmulos a las empresas que contraten personas para ampliar su planta de recursos humanos. Destinatarios FOMENTAR con prioridad 1 0 2. PROG.R.ES.AR. Programa Volver al Trabajo (VAT). Beneficiarios de PROMOVER. Desocupados egresados de un curso de formaci\u00f3n profesional dictados por el MTEySS. Beneficios Inserci\u00f3n laboral a las [&hellip;]<\/p>\n","protected":false},"author":12,"featured_media":0,"parent":590,"menu_order":185,"comment_status":"open","ping_status":"open","template":"","meta":[],"_links":{"self":[{"href":"http:\/\/portal.empleotucuman.gob.ar\/Portal\/index.php?rest_route=\/wp\/v2\/pages\/198"}],"collection":[{"href":"http:\/\/portal.empleotucuman.gob.ar\/Portal\/index.php?rest_route=\/wp\/v2\/pages"}],"about":[{"href":"http:\/\/portal.empleotucuman.gob.ar\/Portal\/index.php?rest_route=\/wp\/v2\/types\/page"}],"author":[{"embeddable":true,"href":"http:\/\/portal.empleotucuman.gob.ar\/Portal\/index.php?rest_route=\/wp\/v2\/users\/12"}],"replies":[{"embeddable":true,"href":"http:\/\/portal.empleotucuman.gob.ar\/Portal\/index.php?rest_route=%2Fwp%2Fv2%2Fcomments&post=198"}],"version-history":[{"count":2,"href":"http:\/\/portal.empleotucuman.gob.ar\/Portal\/index.php?rest_route=\/wp\/v2\/pages\/198\/revisions"}],"predecessor-version":[{"id":14241,"href":"http:\/\/portal.empleotucuman.gob.ar\/Portal\/index.php?rest_route=\/wp\/v2\/pages\/198\/revisions\/14241"}],"up":[{"embeddable":true,"href":"http:\/\/portal.empleotucuman.gob.ar\/Portal\/index.php?rest_route=\/wp\/v2\/pages\/590"}],"wp:attachment":[{"href":"http:\/\/portal.empleotucuman.gob.ar\/Portal\/index.php?rest_route=%2Fwp%2Fv2%2Fmedia&parent=198"}],"curies":[{"name":"wp","href":"https:\/\/api.w.org\/{rel}","templated":true}]}}