
{"id":189,"date":"2014-03-06T18:16:15","date_gmt":"2014-03-06T18:16:15","guid":{"rendered":"http:\/\/181.14.240.59\/Portal\/?page_id=189"},"modified":"2014-03-06T18:16:15","modified_gmt":"2014-03-06T18:16:15","slug":"programa-de-formacion-profesional-en-teletrabajo","status":"publish","type":"page","link":"http:\/\/portal.empleotucuman.gob.ar\/Portal\/?page_id=189","title":{"rendered":"Programa de Formaci\u00f3n Profesional en Teletrabajo"},"content":{"rendered":"<blockquote>\n<h2 align=\"left\">Objetivos<\/h2>\n<p align=\"left\">Promover el acceso a puestos de teletrabajo mediante la formaci\u00f3n en el uso de tecnolog\u00edas de la informaci\u00f3n y las comunicaciones.<\/p>\n<\/blockquote>\n<h3 align=\"left\">Destinatarios<\/h3>\n<ul>\n<li>Desempleados mayores de 45 a\u00f1os.<\/li>\n<li>Beneficiarios del Seguro de Capacitaci\u00f3n y Empleo mayores de 45 a\u00f1os.<\/li>\n<li>Beneficiarios del programa \u201cJ\u00f3venes con M\u00e1s y Mejor Trabajo\u201d.<\/li>\n<li>Personas con discapacidad.<\/li>\n<li>Personas en contexto de encierro.<\/li>\n<\/ul>\n<h3 align=\"left\">Beneficios<\/h3>\n<ul>\n<li>Certificaci\u00f3n de competencias.<\/li>\n<li>Formaci\u00f3n en el manejo de herramientas tecnol\u00f3gicas.<\/li>\n<li>Ampliaci\u00f3n de posibilidades de trabajo a trav\u00e9s de las TICs.<\/li>\n<li>Becas de ayuda econ\u00f3mica a los beneficiarios.<\/li>\n<li>Incentivos econ\u00f3micos a empresas que contraten personas de los programas del Ministerio de Trabajo, Empleo y Seguridad Social.<\/li>\n<\/ul>\n<h3 align=\"left\">Modalidad<\/h3>\n<ul>\n<li>Los cursos se dictan a trav\u00e9s de instituciones de capacitaci\u00f3n especializadas en nuevas tecnolog\u00edas y teletrabajo. El programa contempla el proceso de acompa\u00f1amiento a los beneficiarios para la orientaci\u00f3n e intermediaci\u00f3n laboral.<\/li>\n<\/ul>\n","protected":false},"excerpt":{"rendered":"<p>Objetivos Promover el acceso a puestos de teletrabajo mediante la formaci\u00f3n en el uso de tecnolog\u00edas de la informaci\u00f3n y las comunicaciones. Destinatarios Desempleados mayores de 45 a\u00f1os. Beneficiarios del Seguro de Capacitaci\u00f3n y Empleo mayores de 45 a\u00f1os. Beneficiarios del programa \u201cJ\u00f3venes con M\u00e1s y Mejor Trabajo\u201d. Personas con discapacidad. Personas en contexto de [&hellip;]<\/p>\n","protected":false},"author":12,"featured_media":0,"parent":21,"menu_order":179,"comment_status":"open","ping_status":"open","template":"","meta":[],"_links":{"self":[{"href":"http:\/\/portal.empleotucuman.gob.ar\/Portal\/index.php?rest_route=\/wp\/v2\/pages\/189"}],"collection":[{"href":"http:\/\/portal.empleotucuman.gob.ar\/Portal\/index.php?rest_route=\/wp\/v2\/pages"}],"about":[{"href":"http:\/\/portal.empleotucuman.gob.ar\/Portal\/index.php?rest_route=\/wp\/v2\/types\/page"}],"author":[{"embeddable":true,"href":"http:\/\/portal.empleotucuman.gob.ar\/Portal\/index.php?rest_route=\/wp\/v2\/users\/12"}],"replies":[{"embeddable":true,"href":"http:\/\/portal.empleotucuman.gob.ar\/Portal\/index.php?rest_route=%2Fwp%2Fv2%2Fcomments&post=189"}],"version-history":[{"count":0,"href":"http:\/\/portal.empleotucuman.gob.ar\/Portal\/index.php?rest_route=\/wp\/v2\/pages\/189\/revisions"}],"up":[{"embeddable":true,"href":"http:\/\/portal.empleotucuman.gob.ar\/Portal\/index.php?rest_route=\/wp\/v2\/pages\/21"}],"wp:attachment":[{"href":"http:\/\/portal.empleotucuman.gob.ar\/Portal\/index.php?rest_route=%2Fwp%2Fv2%2Fmedia&parent=189"}],"curies":[{"name":"wp","href":"https:\/\/api.w.org\/{rel}","templated":true}]}}