
{"id":187,"date":"2014-03-06T18:13:57","date_gmt":"2014-03-06T18:13:57","guid":{"rendered":"http:\/\/181.14.240.59\/Portal\/?page_id=187"},"modified":"2016-09-05T23:34:51","modified_gmt":"2016-09-06T02:34:51","slug":"registro-de-instituciones-de-capacitacion-y-empleo-regice","status":"publish","type":"page","link":"http:\/\/portal.empleotucuman.gob.ar\/Portal\/?page_id=187","title":{"rendered":"Registro de Instituciones de Capacitaci\u00f3n y Empleo (REGICE)"},"content":{"rendered":"<p align=\"left\"><em>Trasparentar un sistema p\u00fablico de informaci\u00f3n y registro para garantizar la calificaci\u00f3n de los trabajadores<\/em><\/p>\n<blockquote>\n<h2 align=\"left\">Objetivos<\/h2>\n<p align=\"left\">Registrar, calificar y habilitar a las instituciones que participan de las acciones de formaci\u00f3n profesional implementadas por la Secretar\u00eda de Empleo del Ministerio de Trabajo, Empleo y Seguridad Social.<\/p>\n<\/blockquote>\n<h3 align=\"left\">Destinatarios<\/h3>\n<ul>\n<li>Personas jur\u00eddicas del derecho privado y\/o p\u00fablico habilitadas.<\/li>\n<\/ul>\n<h3 align=\"left\">Beneficios<\/h3>\n<ul>\n<li>Participar en los programas de formaci\u00f3n profesional en las distintas l\u00edneas de acci\u00f3n que contemplan.<\/li>\n<li>Asistencia t\u00e9cnica para desarrollar planes de mejora de las instituciones.<\/li>\n<li>Asistencia t\u00e9cnica y auditoria para la certificaci\u00f3n de calidad de la gesti\u00f3n a trav\u00e9s de otros organismos.<\/li>\n<\/ul>\n<h3 align=\"left\">Modalidad<\/h3>\n<ul>\n<li>Presentaci\u00f3n del formulario REGICE ante autoridades del Ministerio de Trabajo, Empleo y Seguridad Social con los requisitos exigidos.<\/li>\n<\/ul>\n<p><button class=\"pdf\"><a href=\"http:\/\/181.14.240.59\/Portal\/wp-content\/uploads\/2014\/03\/FORMULARIO-DE-INSCRIPCION-EN-EL-REGICE.pdf\" download><span>Descargar archivo<\/span><\/a><\/button><\/p>\n","protected":false},"excerpt":{"rendered":"<p>Trasparentar un sistema p\u00fablico de informaci\u00f3n y registro para garantizar la calificaci\u00f3n de los trabajadores Objetivos Registrar, calificar y habilitar a las instituciones que participan de las acciones de formaci\u00f3n profesional implementadas por la Secretar\u00eda de Empleo del Ministerio de Trabajo, Empleo y Seguridad Social. Destinatarios Personas jur\u00eddicas del derecho privado y\/o p\u00fablico habilitadas. Beneficios [&hellip;]<\/p>\n","protected":false},"author":12,"featured_media":0,"parent":21,"menu_order":178,"comment_status":"open","ping_status":"open","template":"","meta":[],"_links":{"self":[{"href":"http:\/\/portal.empleotucuman.gob.ar\/Portal\/index.php?rest_route=\/wp\/v2\/pages\/187"}],"collection":[{"href":"http:\/\/portal.empleotucuman.gob.ar\/Portal\/index.php?rest_route=\/wp\/v2\/pages"}],"about":[{"href":"http:\/\/portal.empleotucuman.gob.ar\/Portal\/index.php?rest_route=\/wp\/v2\/types\/page"}],"author":[{"embeddable":true,"href":"http:\/\/portal.empleotucuman.gob.ar\/Portal\/index.php?rest_route=\/wp\/v2\/users\/12"}],"replies":[{"embeddable":true,"href":"http:\/\/portal.empleotucuman.gob.ar\/Portal\/index.php?rest_route=%2Fwp%2Fv2%2Fcomments&post=187"}],"version-history":[{"count":0,"href":"http:\/\/portal.empleotucuman.gob.ar\/Portal\/index.php?rest_route=\/wp\/v2\/pages\/187\/revisions"}],"up":[{"embeddable":true,"href":"http:\/\/portal.empleotucuman.gob.ar\/Portal\/index.php?rest_route=\/wp\/v2\/pages\/21"}],"wp:attachment":[{"href":"http:\/\/portal.empleotucuman.gob.ar\/Portal\/index.php?rest_route=%2Fwp%2Fv2%2Fmedia&parent=187"}],"curies":[{"name":"wp","href":"https:\/\/api.w.org\/{rel}","templated":true}]}}