
{"id":185,"date":"2014-03-06T18:11:17","date_gmt":"2014-03-06T18:11:17","guid":{"rendered":"http:\/\/181.14.240.59\/Portal\/?page_id=185"},"modified":"2014-03-06T18:11:17","modified_gmt":"2014-03-06T18:11:17","slug":"fortalecimiento-de-instituciones-de-formacion-profesional","status":"publish","type":"page","link":"http:\/\/portal.empleotucuman.gob.ar\/Portal\/?page_id=185","title":{"rendered":"Fortalecimiento de Instituciones de Formaci\u00f3n Profesional"},"content":{"rendered":"<blockquote>\n<h2 align=\"left\">Objetivos<\/h2>\n<p align=\"left\">Fortalecer la capacidad de las Instituciones de formaci\u00f3n profesional para mejorar la formaci\u00f3n de las personas destinatarias de los programas de formaci\u00f3n y empleo.<\/p>\n<\/blockquote>\n<h3 align=\"left\">Destinatarios<\/h3>\n<ul>\n<li>Instituciones de formaci\u00f3n profesional integrantes de la Red de Formaci\u00f3n Continua.<\/li>\n<\/ul>\n<h3 align=\"left\">Beneficios<\/h3>\n<ul>\n<li>Asistencia t\u00e9cnica y financiera\u00a0 para desarrollar planes de mejora de las instituciones.<\/li>\n<li>Acceder a procesos de calificaci\u00f3n y de certificaci\u00f3n de calidad con asistencia directa.<\/li>\n<li>Fomentar procesos de formaci\u00f3n continua.<\/li>\n<\/ul>\n<h3 align=\"left\">Modalidad<\/h3>\n<ul>\n<li>Las instituciones de formaci\u00f3n profesional inscriptas en el registro de instituciones de Capacitaci\u00f3n y Empleo solicitan ante la Direcci\u00f3n de Fortalecimiento Institucional del Ministerio de Trabajo, Empleo y Seguridad Social asistencia para ser incluida en los procesos de fortalecimiento institucional.<\/li>\n<\/ul>\n","protected":false},"excerpt":{"rendered":"<p>Objetivos Fortalecer la capacidad de las Instituciones de formaci\u00f3n profesional para mejorar la formaci\u00f3n de las personas destinatarias de los programas de formaci\u00f3n y empleo. Destinatarios Instituciones de formaci\u00f3n profesional integrantes de la Red de Formaci\u00f3n Continua. Beneficios Asistencia t\u00e9cnica y financiera\u00a0 para desarrollar planes de mejora de las instituciones. Acceder a procesos de calificaci\u00f3n [&hellip;]<\/p>\n","protected":false},"author":12,"featured_media":0,"parent":21,"menu_order":176,"comment_status":"open","ping_status":"open","template":"","meta":[],"_links":{"self":[{"href":"http:\/\/portal.empleotucuman.gob.ar\/Portal\/index.php?rest_route=\/wp\/v2\/pages\/185"}],"collection":[{"href":"http:\/\/portal.empleotucuman.gob.ar\/Portal\/index.php?rest_route=\/wp\/v2\/pages"}],"about":[{"href":"http:\/\/portal.empleotucuman.gob.ar\/Portal\/index.php?rest_route=\/wp\/v2\/types\/page"}],"author":[{"embeddable":true,"href":"http:\/\/portal.empleotucuman.gob.ar\/Portal\/index.php?rest_route=\/wp\/v2\/users\/12"}],"replies":[{"embeddable":true,"href":"http:\/\/portal.empleotucuman.gob.ar\/Portal\/index.php?rest_route=%2Fwp%2Fv2%2Fcomments&post=185"}],"version-history":[{"count":0,"href":"http:\/\/portal.empleotucuman.gob.ar\/Portal\/index.php?rest_route=\/wp\/v2\/pages\/185\/revisions"}],"up":[{"embeddable":true,"href":"http:\/\/portal.empleotucuman.gob.ar\/Portal\/index.php?rest_route=\/wp\/v2\/pages\/21"}],"wp:attachment":[{"href":"http:\/\/portal.empleotucuman.gob.ar\/Portal\/index.php?rest_route=%2Fwp%2Fv2%2Fmedia&parent=185"}],"curies":[{"name":"wp","href":"https:\/\/api.w.org\/{rel}","templated":true}]}}