
{"id":177,"date":"2014-03-06T18:02:36","date_gmt":"2014-03-06T18:02:36","guid":{"rendered":"http:\/\/181.14.240.59\/Portal\/?page_id=177"},"modified":"2014-03-06T18:02:36","modified_gmt":"2014-03-06T18:02:36","slug":"programa-sectorial-de-calificacion-y-promocion-del-empleo","status":"publish","type":"page","link":"http:\/\/portal.empleotucuman.gob.ar\/Portal\/?page_id=177","title":{"rendered":"Programa Sectorial de Calificaci\u00f3n y Promoci\u00f3n del Empleo"},"content":{"rendered":"<blockquote>\n<h2 align=\"left\">Objetivos<\/h2>\n<p align=\"left\">Extender la oferta de capacitaci\u00f3n y orientaci\u00f3n profesional a trabajadores de sectores agrupados en c\u00e1maras y sindicatos.<\/p>\n<\/blockquote>\n<h3 align=\"left\">Destinatarios<\/h3>\n<ul>\n<li>Trabajadores y trabajadoras ocupados y desocupados.<\/li>\n<\/ul>\n<h3 align=\"left\">Beneficios<\/h3>\n<ul>\n<li>Cursos de capacitaci\u00f3n y orientaci\u00f3n laboral.<\/li>\n<li>Vinculaci\u00f3n de los trabajadores capacitados a la actividad laboral de cada sector.<\/li>\n<li>Certificaciones de los niveles avanzados.<\/li>\n<\/ul>\n<h3 align=\"left\">Modalidad<\/h3>\n<ul>\n<li>El programa consiste en acciones de formaci\u00f3n implementadas a trav\u00e9s de acuerdos con los representantes empresarios y trabajadores de distintos sectores (c\u00e1maras, sindicatos), quienes definen las pol\u00edticas de formaci\u00f3n profesional seg\u00fan sus necesidades.<\/li>\n<\/ul>\n","protected":false},"excerpt":{"rendered":"<p>Objetivos Extender la oferta de capacitaci\u00f3n y orientaci\u00f3n profesional a trabajadores de sectores agrupados en c\u00e1maras y sindicatos. Destinatarios Trabajadores y trabajadoras ocupados y desocupados. Beneficios Cursos de capacitaci\u00f3n y orientaci\u00f3n laboral. Vinculaci\u00f3n de los trabajadores capacitados a la actividad laboral de cada sector. Certificaciones de los niveles avanzados. Modalidad El programa consiste en acciones [&hellip;]<\/p>\n","protected":false},"author":12,"featured_media":0,"parent":21,"menu_order":173,"comment_status":"open","ping_status":"open","template":"","meta":[],"_links":{"self":[{"href":"http:\/\/portal.empleotucuman.gob.ar\/Portal\/index.php?rest_route=\/wp\/v2\/pages\/177"}],"collection":[{"href":"http:\/\/portal.empleotucuman.gob.ar\/Portal\/index.php?rest_route=\/wp\/v2\/pages"}],"about":[{"href":"http:\/\/portal.empleotucuman.gob.ar\/Portal\/index.php?rest_route=\/wp\/v2\/types\/page"}],"author":[{"embeddable":true,"href":"http:\/\/portal.empleotucuman.gob.ar\/Portal\/index.php?rest_route=\/wp\/v2\/users\/12"}],"replies":[{"embeddable":true,"href":"http:\/\/portal.empleotucuman.gob.ar\/Portal\/index.php?rest_route=%2Fwp%2Fv2%2Fcomments&post=177"}],"version-history":[{"count":0,"href":"http:\/\/portal.empleotucuman.gob.ar\/Portal\/index.php?rest_route=\/wp\/v2\/pages\/177\/revisions"}],"up":[{"embeddable":true,"href":"http:\/\/portal.empleotucuman.gob.ar\/Portal\/index.php?rest_route=\/wp\/v2\/pages\/21"}],"wp:attachment":[{"href":"http:\/\/portal.empleotucuman.gob.ar\/Portal\/index.php?rest_route=%2Fwp%2Fv2%2Fmedia&parent=177"}],"curies":[{"name":"wp","href":"https:\/\/api.w.org\/{rel}","templated":true}]}}