
{"id":170,"date":"2014-03-06T17:52:28","date_gmt":"2014-03-06T17:52:28","guid":{"rendered":"http:\/\/181.14.240.59\/Portal\/?page_id=170"},"modified":"2017-07-03T15:34:45","modified_gmt":"2017-07-03T18:34:45","slug":"formacion-profesional","status":"publish","type":"page","link":"http:\/\/portal.empleotucuman.gob.ar\/Portal\/?page_id=170","title":{"rendered":"Formaci\u00f3n Profesional"},"content":{"rendered":"<blockquote>\n<h2>Objetivos<\/h2>\n<p>Mejorar la calificaci\u00f3n laboral de la poblaci\u00f3n a trav\u00e9s de los cursos de capacitaci\u00f3n que brinda el programa de formaci\u00f3n profesional.<\/p><\/blockquote>\n<h3>Destinatarios:<\/h3>\n<ul>\n<li>Beneficiarios del programa j\u00f3venes con m\u00e1s y mejor trabajo.<\/li>\n<li>Beneficiarios del seguro de capacitaci\u00f3n y empleo.<\/li>\n<li>Beneficiarios del programa PROMOVER<\/li>\n<li>Desocupados mayores de 18 a\u00f1os.<\/li>\n<\/ul>\n<h3>Beneficios:<\/h3>\n<ul>\n<li>Capacitaci\u00f3n permanente, de alto nivel t\u00e9cnico, adecuada a los requerimientos del mundo del trabajo para mejorar las condiciones de empleabilidad de la poblaci\u00f3n destinataria.<\/li>\n<li>Promoci\u00f3n del desarrollo de las competencias b\u00e1sicas, t\u00e9cnicas y gen\u00e9ricas para fomentar el proceso de la formaci\u00f3n continua.<\/li>\n<\/ul>\n<h3>Modalidad:<\/h3>\n<ul>\n<li>Todos los proyectos de formaci\u00f3n profesional son evaluados por una comisi\u00f3n evaluadora a fin de asegurar la pertinencia y calidad de la oferta de capacitaci\u00f3n. Est\u00e1 integrada por referentes del MTEySS (Ministerio de Trabajo, Empleo y Seguridad Social), organismos p\u00fablicos, sectores productivos y del trabajo, y organizaciones de la sociedad civil, entre otros.<\/li>\n<li>Los cursos se dictan a trav\u00e9s de instituciones de capacitaci\u00f3n especializada, de car\u00e1cter tanto p\u00fablico como privado.<\/li>\n<li>Inscr\u00edbete a los cursos gratuitos de capacitaci\u00f3n de formaci\u00f3n profesional que ofrece el MTEySS, por m\u00e1s informaci\u00f3n ac\u00e9rcate a la\u00a0oficina de empleo de tu localidad\u00a0o reg\u00edstrate en nuestro sitio, haciendo clic\u00a0aqu\u00ed.<\/li>\n<li>Los cursos se dictan a trav\u00e9s de instituciones de capacitaci\u00f3n especializada, de car\u00e1cter tanto p\u00fablico como privado.<\/li>\n<\/ul>\n<p>Inscr\u00edbete a los cursos gratuitos de capacitaci\u00f3n de formaci\u00f3n profesional que ofrece el MTEySS, por m\u00e1s informaci\u00f3n ac\u00e9rcate a la\u00a0<a title=\"Oficinas y Unidades de Empleo\" href=\"http:\/\/181.14.240.59\/Portal\/oficinas-y-unidades-de-empleo\/\" target=\"_blank\">oficina de empleo de tu localidad<\/a>.<\/p>\n","protected":false},"excerpt":{"rendered":"<p>Objetivos Mejorar la calificaci\u00f3n laboral de la poblaci\u00f3n a trav\u00e9s de los cursos de capacitaci\u00f3n que brinda el programa de formaci\u00f3n profesional. Destinatarios: Beneficiarios del programa j\u00f3venes con m\u00e1s y mejor trabajo. Beneficiarios del seguro de capacitaci\u00f3n y empleo. Beneficiarios del programa PROMOVER Desocupados mayores de 18 a\u00f1os. Beneficios: Capacitaci\u00f3n permanente, de alto nivel t\u00e9cnico, [&hellip;]<\/p>\n","protected":false},"author":12,"featured_media":0,"parent":21,"menu_order":171,"comment_status":"open","ping_status":"open","template":"","meta":[],"_links":{"self":[{"href":"http:\/\/portal.empleotucuman.gob.ar\/Portal\/index.php?rest_route=\/wp\/v2\/pages\/170"}],"collection":[{"href":"http:\/\/portal.empleotucuman.gob.ar\/Portal\/index.php?rest_route=\/wp\/v2\/pages"}],"about":[{"href":"http:\/\/portal.empleotucuman.gob.ar\/Portal\/index.php?rest_route=\/wp\/v2\/types\/page"}],"author":[{"embeddable":true,"href":"http:\/\/portal.empleotucuman.gob.ar\/Portal\/index.php?rest_route=\/wp\/v2\/users\/12"}],"replies":[{"embeddable":true,"href":"http:\/\/portal.empleotucuman.gob.ar\/Portal\/index.php?rest_route=%2Fwp%2Fv2%2Fcomments&post=170"}],"version-history":[{"count":0,"href":"http:\/\/portal.empleotucuman.gob.ar\/Portal\/index.php?rest_route=\/wp\/v2\/pages\/170\/revisions"}],"up":[{"embeddable":true,"href":"http:\/\/portal.empleotucuman.gob.ar\/Portal\/index.php?rest_route=\/wp\/v2\/pages\/21"}],"wp:attachment":[{"href":"http:\/\/portal.empleotucuman.gob.ar\/Portal\/index.php?rest_route=%2Fwp%2Fv2%2Fmedia&parent=170"}],"curies":[{"name":"wp","href":"https:\/\/api.w.org\/{rel}","templated":true}]}}