
{"id":166,"date":"2014-03-06T17:43:24","date_gmt":"2014-03-06T17:43:24","guid":{"rendered":"http:\/\/181.14.240.59\/Portal\/?page_id=166"},"modified":"2020-06-09T10:53:28","modified_gmt":"2020-06-09T13:53:28","slug":"programa-de-insercion-laboral-para-discapacitados","status":"publish","type":"page","link":"http:\/\/portal.empleotucuman.gob.ar\/Portal\/?page_id=166","title":{"rendered":"Programa de Inserci\u00f3n Laboral para Discapacitados"},"content":{"rendered":"<blockquote>\n<h2 align=\"left\">Objetivos<\/h2>\n<p align=\"left\">Promover la inserci\u00f3n laboral de los trabajadores con discapacidad, a trav\u00e9s del otorgamiento de mayores incentivos a los empleadores para su contrataci\u00f3n.<\/p>\n<\/blockquote>\n<h3 align=\"left\">Destinatarios<\/h3>\n<ul>\n<li>Trabajadores\/as con discapacidad desocupados mayores de 18 a\u00f1os.<\/li>\n<li>Empleadores p\u00fablicos o privados.<\/li>\n<\/ul>\n<h3 align=\"left\">Beneficios<\/h3>\n<ul>\n<li>Posibilita al trabajador con discapacidad\u00a0 percibir un sueldo y todos los beneficios de un empleo formal.<\/li>\n<li>Los trabajadores con discapacidad perciben\u00a0 la suma de $ 2.300 (tiempo completo), $1.200 (tiempo parcial) durante 12 meses, que el empleador podr\u00e1 descontar del monto total de la remuneraci\u00f3n a percibir.<\/li>\n<li>Permitir\u00e1 a las empresas deducir un 70% de impuesto a las ganancias de las retribuciones abonadas al personal discapacitado en cada periodo fiscal.<\/li>\n<li>Otorgar\u00e1 a las empresas un descuento del 50% por el per\u00edodo de un a\u00f1o en contribuciones patronales por la contrataci\u00f3n de grupos laborales protegidos.<\/li>\n<li>Deducci\u00f3n en ingresos brutos.<\/li>\n<\/ul>\n<h3 align=\"left\">Modalidad<\/h3>\n<ul>\n<li>La empresa puede optar por instrumentar un per\u00edodo de inducci\u00f3n y reentrenamiento laboral durante el primer mes de incorporaci\u00f3n del trabajador.<\/li>\n<\/ul>\n","protected":false},"excerpt":{"rendered":"<p>Objetivos Promover la inserci\u00f3n laboral de los trabajadores con discapacidad, a trav\u00e9s del otorgamiento de mayores incentivos a los empleadores para su contrataci\u00f3n. Destinatarios Trabajadores\/as con discapacidad desocupados mayores de 18 a\u00f1os. Empleadores p\u00fablicos o privados. Beneficios Posibilita al trabajador con discapacidad\u00a0 percibir un sueldo y todos los beneficios de un empleo formal. Los trabajadores [&hellip;]<\/p>\n","protected":false},"author":12,"featured_media":0,"parent":0,"menu_order":163,"comment_status":"open","ping_status":"open","template":"","meta":[],"_links":{"self":[{"href":"http:\/\/portal.empleotucuman.gob.ar\/Portal\/index.php?rest_route=\/wp\/v2\/pages\/166"}],"collection":[{"href":"http:\/\/portal.empleotucuman.gob.ar\/Portal\/index.php?rest_route=\/wp\/v2\/pages"}],"about":[{"href":"http:\/\/portal.empleotucuman.gob.ar\/Portal\/index.php?rest_route=\/wp\/v2\/types\/page"}],"author":[{"embeddable":true,"href":"http:\/\/portal.empleotucuman.gob.ar\/Portal\/index.php?rest_route=\/wp\/v2\/users\/12"}],"replies":[{"embeddable":true,"href":"http:\/\/portal.empleotucuman.gob.ar\/Portal\/index.php?rest_route=%2Fwp%2Fv2%2Fcomments&post=166"}],"version-history":[{"count":1,"href":"http:\/\/portal.empleotucuman.gob.ar\/Portal\/index.php?rest_route=\/wp\/v2\/pages\/166\/revisions"}],"predecessor-version":[{"id":10560,"href":"http:\/\/portal.empleotucuman.gob.ar\/Portal\/index.php?rest_route=\/wp\/v2\/pages\/166\/revisions\/10560"}],"wp:attachment":[{"href":"http:\/\/portal.empleotucuman.gob.ar\/Portal\/index.php?rest_route=%2Fwp%2Fv2%2Fmedia&parent=166"}],"curies":[{"name":"wp","href":"https:\/\/api.w.org\/{rel}","templated":true}]}}