
{"id":14416,"date":"2025-04-29T11:29:12","date_gmt":"2025-04-29T14:29:12","guid":{"rendered":"http:\/\/portal.empleotucuman.gob.ar\/Portal\/?page_id=14416"},"modified":"2025-10-03T11:39:23","modified_gmt":"2025-10-03T14:39:23","slug":"programa-fomentar-empleo","status":"publish","type":"page","link":"http:\/\/portal.empleotucuman.gob.ar\/Portal\/?page_id=14416","title":{"rendered":"Programa Fomentar Empleo"},"content":{"rendered":"<p>El Programa Fomentar Empleo est\u00e1 destinado a todas las personas entre 18 y 64 a\u00f1os (inclusive) que se encuentren desocupadas, es decir, que no cuenten con ingresos registrados en los \u00faltimos 3 meses al momento de postularse al Programa.<\/p>\n<blockquote><p><strong>&gt;Objetivos<\/strong><\/p>\n<p>El Programa Fomentar Empleo re\u00fane herramientas de pol\u00edticas activas de Empleo con el objetivo de asistir a personas con dificultades para ingresar al empleo formal, que les permitan mejorar sus competencias laborales e insertarse en empleos de calidad.<\/p><\/blockquote>\n<p><strong>&gt;Asignaci\u00f3n dineraria<\/strong><\/p>\n<p>Los beneficiarios que est\u00e9n realizando una actividad podr\u00e1n percibir una prestaci\u00f3n dineraria no remunerativa de setenta y ocho mil por cursos presenciales (<strong>$78.000.-<\/strong>)<\/p>\n<p><strong>&gt;Vigencia<\/strong><\/p>\n<p>No hay plazo m\u00e1ximo de Permanencia en el PROGRAMA.<\/p>\n<p><strong>&gt;Prestaciones del programa<\/strong><\/p>\n<p>El programa brindar\u00e1 a sus beneficiarios:<\/p>\n<ul>\n<li>Servicios de orientaci\u00f3n laboral y asistencia en la b\u00fasqueda de empleo.<\/li>\n<li>Servicios de<a href=\"http:\/\/portal.empleotucuman.gob.ar\/Portal\/?page_id=19\" target=\"_blank\" rel=\"noopener\"><span style=\"color: #3366ff;\"> intermediaci\u00f3n laboral<\/span><\/a>.<\/li>\n<li>Servicios de capacitaci\u00f3n laboral y certificaci\u00f3n de competencias laborales.<\/li>\n<li>Pr\u00e1cticas formativas en ambientes de trabajo.<\/li>\n<li>Acciones de promoci\u00f3n para la inserci\u00f3n en el trabajo asalariado registrado y en el trabajo independiente y autogestionado.<\/li>\n<\/ul>\n<p><strong>&gt;Obligaciones<\/strong><\/p>\n<p>Las personas beneficiarias del programa tendr\u00e1n las siguientes obligaciones generales:<\/p>\n<ul>\n<li>Mantener actualizada su informaci\u00f3n personal, v\u00edas de contacto e historia laboral en el <span style=\"color: #3366ff;\"><a style=\"color: #3366ff;\" href=\"https:\/\/portalempleo.gob.ar\/\" target=\"_blank\" rel=\"noopener\">Portal Empleo<\/a><\/span>.<\/li>\n<li>Cumplir con las obligaciones establecidas en la normativa correspondiente a cada una de las prestaciones.<\/li>\n<\/ul>\n<p><strong>&gt;Compatibilidades<\/strong><\/p>\n<p>La percepci\u00f3n de la asignaci\u00f3n dineraria del programa ser\u00e1 compatible para aquellas personas que:<\/p>\n<ul>\n<li>Perciban la Asignaci\u00f3n Universal por Hijo o por Embarazo para Protecci\u00f3n Social.<\/li>\n<li>Perciban la Asignaci\u00f3n Universal por Embarazo para Protecci\u00f3n Social.<\/li>\n<li>Perciban pensi\u00f3n no contributiva por invalidez prevista por el art\u00edculo 9\u00b0 de la Ley N\u00b0 13.478, y sus normas modificatorias y complementarias;<\/li>\n<li>Perciban pensi\u00f3n no contributiva para madre de SIETE (7) o m\u00e1s hijos instituida por la Ley N\u00b0 23.746;<\/li>\n<li>Sean trabajadores independientes inscriptos en el Monotributo Social o Monotributo categor\u00eda A.<\/li>\n<li>Sean trabajadores registrados bajo el R\u00e9gimen Especial de Contrato de Trabajo para el Personal de Casas Particulares.<\/li>\n<li>Cuenten con tarjeta ALIMENTAR implementada por el MINISTERIO DE DESARROLLO SOCIAL DE LA NACI\u00d3N.<\/li>\n<\/ul>\n<p><strong>&gt;Incompatibilidades<\/strong><\/p>\n<p>La percepci\u00f3n de la asignaci\u00f3n dineraria del programa ser\u00e1 incompatible para aquellas personas que:<\/p>\n<ul>\n<li>Registren ingresos como trabajador\/a independiente o en relaci\u00f3n de dependencia;<\/li>\n<li>Perciban prestaciones econ\u00f3micas por desempleo reguladas por las Leyes N\u00b0 24.013, N\u00b0 25.371 y N\u00b0 25.191;<\/li>\n<li>Perciban jubilaciones y pensiones contributivas o no contributivas;<\/li>\n<li>Perciban prestaciones dinerarias previstas por el SEGURO DE CAPACITACI\u00d3N Y EMPLEO, instituido por el Decreto N\u00b0 336\/2006 y sus normas reglamentarias;<\/li>\n<li>Perciban asignaciones dinerarias brindadas por acciones o programas implementados por el MINISTERIO DE TRABAJO, EMPLEO Y SEGURIDAD SOCIAL;<\/li>\n<li>Perciban asignaciones dinerarias previstas por programas provinciales o municipales;<\/li>\n<li>Perciban salario social complementario previsto por el PROGRAMA NACIONAL DE INCLUSION SOCIO-PRODUCTIVA y DESARROLLO LOCAL \u201cPOTENCIAR TRABAJO\u201d;<\/li>\n<li>Perciban prestaci\u00f3n econ\u00f3mica prevista por el \u201cPROGRAMA DE RESPALDO A ESTUDIANTES ARGENTINOS\u201d (PROGRESAR);<\/li>\n<li>Perciban prestaci\u00f3n econ\u00f3mica del \u201cPROGRAMA DE APOYO Y ACOMPA\u00d1AMIENTO A PERSONAS EN SITUACI\u00d3N DE RIESGO POR VIOLENCIA POR MOTIVOS DE G\u00c9NERO\u201d (ACOMPA\u00d1AR).<\/li>\n<\/ul>\n<p><strong>&gt;Grupos prioritarios<\/strong><\/p>\n<p>A fin de garantizar la igualdad de oportunidades en el acceso al empleo, las personas que se encuentren en alguno de los grupos mencionados a continuaci\u00f3n tendr\u00e1n prioridad para el acceso a prestaciones con asignaci\u00f3n dineraria:<\/p>\n<ul>\n<li>J\u00f3venes de DIECIOCHO (18) a VEINTICUATRO (24) a\u00f1os, inclusive, hasta estudios secundarios completos como \u00faltimo nivel alcanzado;<\/li>\n<li>J\u00f3venes adheridos vigentes al PROGRAMA J\u00d3VENES CON M\u00c1S Y MEJOR TRABAJO;<\/li>\n<li>Mujeres de VEINTICINCO (25) a CINCUENTA Y NUEVE (59) a\u00f1os, inclusive, sin t\u00edtulo terciario o universitario y con menores de edad a cargo;<\/li>\n<li>Varones de CUARENTA Y CINCO (45) a SESENTA Y CUATRO (64) a\u00f1os, inclusive, sin t\u00edtulo terciario o universitario y con menores de edad a cargo;<\/li>\n<li>Personas con discapacidad que tengan Certificado \u00danico de Discapacidad (CUD) vigente, no incluidos en el PROGRAMA PROMOVER LA IGUALDAD DE OPORTUNIDADES DE EMPLEO;<\/li>\n<li>Personas que integren alguno de los colectivos con alto riesgo de exclusi\u00f3n del mercado laboral: mujeres v\u00edctimas de violencia de g\u00e9nero; personas travestis, transexuales y transg\u00e9nero; personas pertenecientes a pueblos ind\u00edgenas; personas trasplantadas o en espera de un trasplante, etc.<\/li>\n<\/ul>\n<p>Accede a <span style=\"color: #3366ff;\"><strong><a style=\"color: #3366ff;\" href=\"https:\/\/portalempleo.gob.ar\/\" target=\"_blank\" rel=\"noopener\">www.portalempleo.gob.ar<\/a><\/strong><\/span><\/p>\n<ol>\n<li>Reg\u00edstrate<\/li>\n<li>Carga tu CV Completo<\/li>\n<li>Post\u00falate al Programa<\/li>\n<\/ol>\n<blockquote><p><strong>La carga y el registro en el portal podr\u00e1n ser autogestionados o con asistencia de las OFICINAS DE EMPLEO <\/strong><\/p><\/blockquote>\n","protected":false},"excerpt":{"rendered":"<p>El Programa Fomentar Empleo est\u00e1 destinado a todas las personas entre 18 y 64 a\u00f1os (inclusive) que se encuentren desocupadas, es decir, que no cuenten con ingresos registrados en los \u00faltimos 3 meses al momento de postularse al Programa. &gt;Objetivos El Programa Fomentar Empleo re\u00fane herramientas de pol\u00edticas activas de Empleo con el objetivo de [&hellip;]<\/p>\n","protected":false},"author":2,"featured_media":14425,"parent":0,"menu_order":0,"comment_status":"closed","ping_status":"closed","template":"","meta":[],"_links":{"self":[{"href":"http:\/\/portal.empleotucuman.gob.ar\/Portal\/index.php?rest_route=\/wp\/v2\/pages\/14416"}],"collection":[{"href":"http:\/\/portal.empleotucuman.gob.ar\/Portal\/index.php?rest_route=\/wp\/v2\/pages"}],"about":[{"href":"http:\/\/portal.empleotucuman.gob.ar\/Portal\/index.php?rest_route=\/wp\/v2\/types\/page"}],"author":[{"embeddable":true,"href":"http:\/\/portal.empleotucuman.gob.ar\/Portal\/index.php?rest_route=\/wp\/v2\/users\/2"}],"replies":[{"embeddable":true,"href":"http:\/\/portal.empleotucuman.gob.ar\/Portal\/index.php?rest_route=%2Fwp%2Fv2%2Fcomments&post=14416"}],"version-history":[{"count":8,"href":"http:\/\/portal.empleotucuman.gob.ar\/Portal\/index.php?rest_route=\/wp\/v2\/pages\/14416\/revisions"}],"predecessor-version":[{"id":14566,"href":"http:\/\/portal.empleotucuman.gob.ar\/Portal\/index.php?rest_route=\/wp\/v2\/pages\/14416\/revisions\/14566"}],"wp:featuredmedia":[{"embeddable":true,"href":"http:\/\/portal.empleotucuman.gob.ar\/Portal\/index.php?rest_route=\/wp\/v2\/media\/14425"}],"wp:attachment":[{"href":"http:\/\/portal.empleotucuman.gob.ar\/Portal\/index.php?rest_route=%2Fwp%2Fv2%2Fmedia&parent=14416"}],"curies":[{"name":"wp","href":"https:\/\/api.w.org\/{rel}","templated":true}]}}