
{"id":13883,"date":"2023-08-31T14:19:48","date_gmt":"2023-08-31T17:19:48","guid":{"rendered":"http:\/\/portal.empleotucuman.gob.ar\/Portal\/?page_id=13883"},"modified":"2023-09-21T13:15:16","modified_gmt":"2023-09-21T16:15:16","slug":"registro-provincial-de-empresas-de-economia-de-conocimiento","status":"publish","type":"page","link":"http:\/\/portal.empleotucuman.gob.ar\/Portal\/?page_id=13883","title":{"rendered":"Registro Provincial de Empresas de Econom\u00eda del Conocimiento"},"content":{"rendered":"<p><strong>PROMOCI\u00d3N DE LA ECONOM\u00cdA DEL CONOCIMIENTO DE TUCUM\u00c1N (LEY 9.626)<\/strong><\/p>\n<p>El objetivo es promover el desarrollo, la creaci\u00f3n de nuevos empleos, la competitividad y la innovaci\u00f3n de las personas f\u00edsicas o jur\u00eddicas que se encuentren radicadas o se radiquen en Tucum\u00e1n cuya finalidad principal sea el dise\u00f1o, desarrollo, elaboraci\u00f3n, mantenimiento y actualizaci\u00f3n de actividades vinculadas a la Econom\u00eda del Conocimiento.<\/p>\n<p>El beneficio es para personas f\u00edsicas o jur\u00eddicas que se inscriban en el <strong>\u201cRegistro Provincial de Empresas de la Econom\u00eda del Conocimiento de Tucum\u00e1n\u201d<\/strong>.<\/p>\n<p><u>Requisitos para inscribirse en el Registro:<\/u><\/p>\n<ul>\n<li>Estar inscriptas en el <strong>Registro Nacional de Beneficiarios del R\u00e9gimen de Promoci\u00f3n de la Econom\u00eda del Conocimiento<\/strong>.<\/li>\n<li>No poseer deudas con DGR de Tucum\u00e1n.<\/li>\n<li>Desarrollar alguna de las actividades previstas por la ley.<\/li>\n<li>Las actividades sean desarrolladas exclusivamente dentro de inmuebles ubicados en Tucum\u00e1n<\/li>\n<\/ul>\n<p><u>Beneficios:<\/u><\/p>\n<ul>\n<li>Estabilidad fiscal en tributos provinciales (impuestos directos, tasas y contribuciones impositivas) hasta 31\/12\/2050.<\/li>\n<li>Tratamiento tributario de excepci\u00f3n.<\/li>\n<li>Exenci\u00f3n del pago del Impuesto a los Ingresos Brutos hasta el 31\/12\/2050, sobre las actividades promovidas por la ley.<\/li>\n<li>Exenci\u00f3n del pago del Impuesto a los Sellos hasta el 31\/12\/2050 sobre todos los actos, contratos y\/o instrumentos que se celebren, vinculados a las actividades promovidas.<\/li>\n<li>Exenci\u00f3n del pago del Impuesto a la Salud P\u00fablica hasta el 31\/12\/2050 sobre los contratos de cada empleado incorporado a partir de la inscripci\u00f3n en el presente r\u00e9gimen.<\/li>\n<li>Exenci\u00f3n del pago del Impuesto Inmobiliario hasta el 31\/12\/2050 sobre el\/los inmuebles destinado\/s y\/o afectados a la explotaci\u00f3n.<\/li>\n<li>No designaci\u00f3n por parte de la DGR como Agente de Retenci\u00f3n, percepci\u00f3n y\/o recaudaci\u00f3n bancaria en cuanto al IIBB.<\/li>\n<li>Financiaci\u00f3n mediante ANR\u00b4s de hasta el 50% del costo de obtenci\u00f3n de certificados de calidad.<\/li>\n<li>L\u00edneas de cr\u00e9dito preferenciales para relocalizaci\u00f3n de empresas.<\/li>\n<\/ul>\n<p><span style=\"color: #3366ff;\"><strong>PASOS PARA OBTENER LOS BENEFICIOS DE LA LEY PROVINCIAL<\/strong><\/span><\/p>\n<p>Si ya tenes el <strong>certificado del Registro Nacional de Beneficiarios del R\u00e9gimen de Promoci\u00f3n de la Econom\u00eda del Conocimiento<\/strong>, podes acceder al Registro Provincial de Empresas de Econom\u00eda del Conocimiento, solicitando la inscripci\u00f3n llenando el siguiente formulario:<\/p>\n<p><span style=\"color: #3366ff;\"><a style=\"color: #3366ff;\" href=\"https:\/\/sipe.empleotucuman.gob.ar\/preinsc_EdC_fr\/\" target=\"_blank\" rel=\"noopener\">FORMULARIO DE SOLICITUD DE PREINSCRIPCI\u00d3N<\/a><\/span><\/p>\n<p><strong>NOTA:<\/strong> Se solicitar\u00e1 \u00fanicamente datos generales de la empresa, datos de contacto, nota de designaci\u00f3n de la empresa autorizando al referente de carga y el certificado del registro a la Ley Nacional (.pdf).<\/p>\n<p>Al completarlo, la empresa recibir\u00e1 por mail el Usuario y Contrase\u00f1a, y el link acceso; adem\u00e1s de la nota de PEDIDO DE INSCRIPCI\u00d3N y DDJJ.<\/p>\n<p><strong>IMPORTANTE:<\/strong> Si no estas inscripto al Registro Nacional de Econom\u00eda del Conocimiento, podes acceder a los beneficios del R\u00e9gimen de Promoci\u00f3n de la Econom\u00eda del Conocimiento entrando a <a href=\"https:\/\/www.argentina.gob.ar\/servicio\/acceder-los-beneficios-del-regimen-de-promocion-de-la-economia-del-conocimiento\" target=\"_blank\" rel=\"noopener\"><span style=\"color: #3366ff;\">AQU\u00cd<\/span><\/a><\/p>\n<p>&nbsp;<\/p>\n","protected":false},"excerpt":{"rendered":"<p>PROMOCI\u00d3N DE LA ECONOM\u00cdA DEL CONOCIMIENTO DE TUCUM\u00c1N (LEY 9.626) El objetivo es promover el desarrollo, la creaci\u00f3n de nuevos empleos, la competitividad y la innovaci\u00f3n de las personas f\u00edsicas o jur\u00eddicas que se encuentren radicadas o se radiquen en Tucum\u00e1n cuya finalidad principal sea el dise\u00f1o, desarrollo, elaboraci\u00f3n, mantenimiento y actualizaci\u00f3n de actividades vinculadas [&hellip;]<\/p>\n","protected":false},"author":2,"featured_media":0,"parent":0,"menu_order":0,"comment_status":"closed","ping_status":"closed","template":"","meta":[],"_links":{"self":[{"href":"http:\/\/portal.empleotucuman.gob.ar\/Portal\/index.php?rest_route=\/wp\/v2\/pages\/13883"}],"collection":[{"href":"http:\/\/portal.empleotucuman.gob.ar\/Portal\/index.php?rest_route=\/wp\/v2\/pages"}],"about":[{"href":"http:\/\/portal.empleotucuman.gob.ar\/Portal\/index.php?rest_route=\/wp\/v2\/types\/page"}],"author":[{"embeddable":true,"href":"http:\/\/portal.empleotucuman.gob.ar\/Portal\/index.php?rest_route=\/wp\/v2\/users\/2"}],"replies":[{"embeddable":true,"href":"http:\/\/portal.empleotucuman.gob.ar\/Portal\/index.php?rest_route=%2Fwp%2Fv2%2Fcomments&post=13883"}],"version-history":[{"count":11,"href":"http:\/\/portal.empleotucuman.gob.ar\/Portal\/index.php?rest_route=\/wp\/v2\/pages\/13883\/revisions"}],"predecessor-version":[{"id":13958,"href":"http:\/\/portal.empleotucuman.gob.ar\/Portal\/index.php?rest_route=\/wp\/v2\/pages\/13883\/revisions\/13958"}],"wp:attachment":[{"href":"http:\/\/portal.empleotucuman.gob.ar\/Portal\/index.php?rest_route=%2Fwp%2Fv2%2Fmedia&parent=13883"}],"curies":[{"name":"wp","href":"https:\/\/api.w.org\/{rel}","templated":true}]}}