
{"id":130,"date":"2014-03-06T14:08:30","date_gmt":"2014-03-06T14:08:30","guid":{"rendered":"http:\/\/181.14.240.59\/Portal\/?page_id=130"},"modified":"2020-06-09T10:52:37","modified_gmt":"2020-06-09T13:52:37","slug":"seguro-por-desempleo","status":"publish","type":"page","link":"http:\/\/portal.empleotucuman.gob.ar\/Portal\/?page_id=130","title":{"rendered":"Programa Seguro por Desempleo"},"content":{"rendered":"<p align=\"left\"><em>El trabajo es la\u00a0 base de la cohesi\u00f3n social.<\/em><\/p>\n<blockquote>\n<h2 align=\"left\">Objetivos<\/h2>\n<p align=\"left\">Atender a las contingencias del desempleo mediante pol\u00edticas activas de promoci\u00f3n y sostenimiento del empleo, con opciones alternativas ante la p\u00e9rdida involuntaria de un puesto laboral.<\/p>\n<\/blockquote>\n<h3 align=\"left\">Destinatarios<\/h3>\n<ul>\n<li>Asalariados\/as desocupados contratados por Ley de Contrato de Trabajo n\u00b0 20.744.<\/li>\n<li>Asalariados\/as desocupados contratados por Ley n\u00b0 22.250 (R\u00e9gimen de la Construcci\u00f3n).<\/li>\n<\/ul>\n<h3 align=\"left\">Beneficios<\/h3>\n<ul>\n<li>Asignaci\u00f3n mensual de una suma a determinar seg\u00fan par\u00e1metros.<\/li>\n<li>Cobertura m\u00e9dico-asistencial.<\/li>\n<li>Reconocimiento de la antig\u00fcedad a efectos previsionales.<\/li>\n<li>Pago de asignaciones familiares.<\/li>\n<li>Orientaci\u00f3n laboral y apoyo en la b\u00fasqueda de empleo a trav\u00e9s de la Red de Oficinas de Empleo.<\/li>\n<\/ul>\n<h3 align=\"left\">Modalidad<\/h3>\n<ul>\n<li>El tiempo de percepci\u00f3n del seguro por desempleo se considera en relaci\u00f3n con el tiempo de trabajo efectivo y contribuyente al Sistema de Seguridad Social.<\/li>\n<li>Durante el primer per\u00edodo, el trabajador percibe el 100% del monto, durante el segundo cuatrimestre el 85% y durante el tercero el 70%.<\/li>\n<li>El programa ofrece la opci\u00f3n de Pago \u00danico para la ejecuci\u00f3n de un proyecto productivo independiente, con la condici\u00f3n de que le queden hasta 3 cuotas sin liquidar.<\/li>\n<\/ul>\n","protected":false},"excerpt":{"rendered":"<p>El trabajo es la\u00a0 base de la cohesi\u00f3n social. Objetivos Atender a las contingencias del desempleo mediante pol\u00edticas activas de promoci\u00f3n y sostenimiento del empleo, con opciones alternativas ante la p\u00e9rdida involuntaria de un puesto laboral. Destinatarios Asalariados\/as desocupados contratados por Ley de Contrato de Trabajo n\u00b0 20.744. Asalariados\/as desocupados contratados por Ley n\u00b0 22.250 [&hellip;]<\/p>\n","protected":false},"author":12,"featured_media":0,"parent":0,"menu_order":159,"comment_status":"open","ping_status":"open","template":"","meta":[],"_links":{"self":[{"href":"http:\/\/portal.empleotucuman.gob.ar\/Portal\/index.php?rest_route=\/wp\/v2\/pages\/130"}],"collection":[{"href":"http:\/\/portal.empleotucuman.gob.ar\/Portal\/index.php?rest_route=\/wp\/v2\/pages"}],"about":[{"href":"http:\/\/portal.empleotucuman.gob.ar\/Portal\/index.php?rest_route=\/wp\/v2\/types\/page"}],"author":[{"embeddable":true,"href":"http:\/\/portal.empleotucuman.gob.ar\/Portal\/index.php?rest_route=\/wp\/v2\/users\/12"}],"replies":[{"embeddable":true,"href":"http:\/\/portal.empleotucuman.gob.ar\/Portal\/index.php?rest_route=%2Fwp%2Fv2%2Fcomments&post=130"}],"version-history":[{"count":1,"href":"http:\/\/portal.empleotucuman.gob.ar\/Portal\/index.php?rest_route=\/wp\/v2\/pages\/130\/revisions"}],"predecessor-version":[{"id":10556,"href":"http:\/\/portal.empleotucuman.gob.ar\/Portal\/index.php?rest_route=\/wp\/v2\/pages\/130\/revisions\/10556"}],"wp:attachment":[{"href":"http:\/\/portal.empleotucuman.gob.ar\/Portal\/index.php?rest_route=%2Fwp%2Fv2%2Fmedia&parent=130"}],"curies":[{"name":"wp","href":"https:\/\/api.w.org\/{rel}","templated":true}]}}