
{"id":126,"date":"2014-03-06T13:59:57","date_gmt":"2014-03-06T13:59:57","guid":{"rendered":"http:\/\/181.14.240.59\/Portal\/?page_id=126"},"modified":"2020-06-09T10:52:05","modified_gmt":"2020-06-09T13:52:05","slug":"programa-intercosecha","status":"publish","type":"page","link":"http:\/\/portal.empleotucuman.gob.ar\/Portal\/?page_id=126","title":{"rendered":"Programa Intercosecha"},"content":{"rendered":"<blockquote>\n<h2 align=\"left\">Objetivos<\/h2>\n<p align=\"left\">Sostenimiento del ingreso de los trabajadores y trabajadoras de temporada durante el per\u00edodo interzafra.<\/p>\n<\/blockquote>\n<h3 align=\"left\">Destinatarios<\/h3>\n<ul>\n<li>Trabajadores\/as de temporada del sector agroindustrial con un m\u00ednimo de 3 meses y un m\u00e1ximo de 9 meses de aportes mayores al importe que corresponda a la prestaci\u00f3n dineraria b\u00e1sica del programa, registrados en el sistema integrado previsional argentino.<\/li>\n<\/ul>\n<h3 align=\"left\">Beneficios<\/h3>\n<ul>\n<li>Suma mensual directa e individual en el per\u00edodo interzafra.<\/li>\n<li>Acceso a prestaciones de capacitaci\u00f3n laboral.<\/li>\n<li>Terminalidad educativa.<\/li>\n<li>Empleo independiente.<\/li>\n<\/ul>\n<h3 align=\"left\">Incompatibilidad con otros Planes<\/h3>\n<ul>\n<li>Programa Argentina Trabaja.<\/li>\n<li>Programa J\u00f3venes con M\u00e1s y Mejor Trabajo.<\/li>\n<li>Programa Ellas Hacen.<\/li>\n<li>Planes de Pensiones (Invalidez, Madres con 7 hijos o m\u00e1s, Mayores de 70 a\u00f1os, etc.)<\/li>\n<\/ul>\n<p>&nbsp;<\/p>\n","protected":false},"excerpt":{"rendered":"<p>Objetivos Sostenimiento del ingreso de los trabajadores y trabajadoras de temporada durante el per\u00edodo interzafra. Destinatarios Trabajadores\/as de temporada del sector agroindustrial con un m\u00ednimo de 3 meses y un m\u00e1ximo de 9 meses de aportes mayores al importe que corresponda a la prestaci\u00f3n dineraria b\u00e1sica del programa, registrados en el sistema integrado previsional argentino. [&hellip;]<\/p>\n","protected":false},"author":12,"featured_media":1278,"parent":0,"menu_order":160,"comment_status":"open","ping_status":"open","template":"","meta":[],"_links":{"self":[{"href":"http:\/\/portal.empleotucuman.gob.ar\/Portal\/index.php?rest_route=\/wp\/v2\/pages\/126"}],"collection":[{"href":"http:\/\/portal.empleotucuman.gob.ar\/Portal\/index.php?rest_route=\/wp\/v2\/pages"}],"about":[{"href":"http:\/\/portal.empleotucuman.gob.ar\/Portal\/index.php?rest_route=\/wp\/v2\/types\/page"}],"author":[{"embeddable":true,"href":"http:\/\/portal.empleotucuman.gob.ar\/Portal\/index.php?rest_route=\/wp\/v2\/users\/12"}],"replies":[{"embeddable":true,"href":"http:\/\/portal.empleotucuman.gob.ar\/Portal\/index.php?rest_route=%2Fwp%2Fv2%2Fcomments&post=126"}],"version-history":[{"count":1,"href":"http:\/\/portal.empleotucuman.gob.ar\/Portal\/index.php?rest_route=\/wp\/v2\/pages\/126\/revisions"}],"predecessor-version":[{"id":10557,"href":"http:\/\/portal.empleotucuman.gob.ar\/Portal\/index.php?rest_route=\/wp\/v2\/pages\/126\/revisions\/10557"}],"wp:featuredmedia":[{"embeddable":true,"href":"http:\/\/portal.empleotucuman.gob.ar\/Portal\/index.php?rest_route=\/wp\/v2\/media\/1278"}],"wp:attachment":[{"href":"http:\/\/portal.empleotucuman.gob.ar\/Portal\/index.php?rest_route=%2Fwp%2Fv2%2Fmedia&parent=126"}],"curies":[{"name":"wp","href":"https:\/\/api.w.org\/{rel}","templated":true}]}}