
{"id":10764,"date":"2016-07-12T10:46:06","date_gmt":"2016-07-12T13:46:06","guid":{"rendered":"http:\/\/181.14.240.59\/Portal\/?page_id=3573"},"modified":"2016-07-12T10:46:06","modified_gmt":"2016-07-12T13:46:06","slug":"mi-proyecto-de-trabajo-1-2","status":"publish","type":"page","link":"http:\/\/portal.empleotucuman.gob.ar\/Portal\/?page_id=10764","title":{"rendered":"&gt;&gt;Mi Proyecto de Trabajo 1"},"content":{"rendered":"<h2 style=\"text-align: center;\"><span style=\"text-decoration: underline;\"><strong>MI PROYECTO DE TRABAJO 1<\/strong><\/span><\/h2>\n<p style=\"text-align: left;\">Dirigido a emprendedores que tengan una idea de negocio y\/o quieran iniciar su plan de negocios.<\/p>\n<p style=\"text-align: left;\"><span style=\"text-decoration: underline;\">MODULOS:<\/span><br \/>\n<strong>1.-<\/strong> Perfil y Proceso Emprendedor.<br \/>\n<strong>2.-<\/strong> Identificaci\u00f3n de oportunidades de Negocios.<br \/>\n<strong>3.-<\/strong> Plan de Negocios.<br \/>\n<strong>4.-<\/strong> Marketing\/Comercializaci\u00f3n.<br \/>\n<strong>5.-<\/strong> Formaci\u00f3n Econ\u00f3mica Financiera.<br \/>\n<strong>6.-<\/strong> La comunicaci\u00f3n en mi Negocio.<br \/>\n<strong>7.-<\/strong> Formaci\u00f3n Legal e Impositiva.<\/p>\n<p style=\"text-align: left;\"><strong><em>Todas las clases son de 09.00 a 12.00 horas<\/em><\/strong><\/p>\n<p><a href=\"http:\/\/181.14.240.59\/Portal\/wp-content\/uploads\/2016\/07\/13.jpg\"><img loading=\"lazy\" class=\"aligncenter  wp-image-3949\" src=\"http:\/\/181.14.240.59\/Portal\/wp-content\/uploads\/2016\/07\/13-1024x661.jpg\" alt=\"1\" width=\"419\" height=\"271\" srcset=\"http:\/\/portal.empleotucuman.gob.ar\/Portal\/wp-content\/uploads\/2016\/07\/13-1024x661.jpg 1024w, http:\/\/portal.empleotucuman.gob.ar\/Portal\/wp-content\/uploads\/2016\/07\/13-300x193.jpg 300w, http:\/\/portal.empleotucuman.gob.ar\/Portal\/wp-content\/uploads\/2016\/07\/13-600x387.jpg 600w, http:\/\/portal.empleotucuman.gob.ar\/Portal\/wp-content\/uploads\/2016\/07\/13.jpg 1626w\" sizes=\"(max-width: 419px) 100vw, 419px\" \/><\/a><\/p>\n<h4>Mas informaci\u00f3n e inscripci\u00f3n en: <a href=\"http:\/\/www.idep.gov.ar\" target=\"_blank\" rel=\"noopener noreferrer\">www.idep.gov.ar<\/a><\/h4>\n","protected":false},"excerpt":{"rendered":"<p>MI PROYECTO DE TRABAJO 1 Dirigido a emprendedores que tengan una idea de negocio y\/o quieran iniciar su plan de negocios. MODULOS: 1.- Perfil y Proceso Emprendedor. 2.- Identificaci\u00f3n de oportunidades de Negocios. 3.- Plan de Negocios. 4.- Marketing\/Comercializaci\u00f3n. 5.- Formaci\u00f3n Econ\u00f3mica Financiera. 6.- La comunicaci\u00f3n en mi Negocio. 7.- Formaci\u00f3n Legal e Impositiva. Todas [&hellip;]<\/p>\n","protected":false},"author":12,"featured_media":0,"parent":3012,"menu_order":129,"comment_status":"open","ping_status":"open","template":"","meta":[],"_links":{"self":[{"href":"http:\/\/portal.empleotucuman.gob.ar\/Portal\/index.php?rest_route=\/wp\/v2\/pages\/10764"}],"collection":[{"href":"http:\/\/portal.empleotucuman.gob.ar\/Portal\/index.php?rest_route=\/wp\/v2\/pages"}],"about":[{"href":"http:\/\/portal.empleotucuman.gob.ar\/Portal\/index.php?rest_route=\/wp\/v2\/types\/page"}],"author":[{"embeddable":true,"href":"http:\/\/portal.empleotucuman.gob.ar\/Portal\/index.php?rest_route=\/wp\/v2\/users\/12"}],"replies":[{"embeddable":true,"href":"http:\/\/portal.empleotucuman.gob.ar\/Portal\/index.php?rest_route=%2Fwp%2Fv2%2Fcomments&post=10764"}],"version-history":[{"count":0,"href":"http:\/\/portal.empleotucuman.gob.ar\/Portal\/index.php?rest_route=\/wp\/v2\/pages\/10764\/revisions"}],"up":[{"embeddable":true,"href":"http:\/\/portal.empleotucuman.gob.ar\/Portal\/index.php?rest_route=\/wp\/v2\/pages\/3012"}],"wp:attachment":[{"href":"http:\/\/portal.empleotucuman.gob.ar\/Portal\/index.php?rest_route=%2Fwp%2Fv2%2Fmedia&parent=10764"}],"curies":[{"name":"wp","href":"https:\/\/api.w.org\/{rel}","templated":true}]}}