
{"id":10763,"date":"2016-07-02T05:08:14","date_gmt":"2016-07-02T08:08:14","guid":{"rendered":"http:\/\/181.14.240.59\/Portal\/?page_id=3303"},"modified":"2016-07-02T05:08:14","modified_gmt":"2016-07-02T08:08:14","slug":"tramites-municipales-2","status":"publish","type":"page","link":"http:\/\/portal.empleotucuman.gob.ar\/Portal\/?page_id=10763","title":{"rendered":"&gt;&gt;Tr\u00e1mites Municipales"},"content":{"rendered":"<p><strong>Los tr\u00e1mites que se indican a nivel municipal dependen del tipo de actividad a realizar en el emprendimiento creado, siendo distintas las habilitaciones y permisos seg\u00fan municipio y rubro.<\/strong><br \/>\nElija una opci\u00f3n:<\/p>\n<ul>\n<li><a href=\"http:\/\/181.14.240.59\/Portal\/?page_id=3331\" target=\"_blank\" rel=\"noopener noreferrer\">Impositivos<\/a><\/li>\n<li><a href=\"http:\/\/181.14.240.59\/Portal\/?page_id=3333\" target=\"_blank\" rel=\"noopener noreferrer\">Habilitaci\u00f3n y Permisos especiales<\/a><\/li>\n<\/ul>\n","protected":false},"excerpt":{"rendered":"<p>Los tr\u00e1mites que se indican a nivel municipal dependen del tipo de actividad a realizar en el emprendimiento creado, siendo distintas las habilitaciones y permisos seg\u00fan municipio y rubro. Elija una opci\u00f3n: Impositivos Habilitaci\u00f3n y Permisos especiales<\/p>\n","protected":false},"author":12,"featured_media":0,"parent":3012,"menu_order":114,"comment_status":"open","ping_status":"open","template":"","meta":[],"_links":{"self":[{"href":"http:\/\/portal.empleotucuman.gob.ar\/Portal\/index.php?rest_route=\/wp\/v2\/pages\/10763"}],"collection":[{"href":"http:\/\/portal.empleotucuman.gob.ar\/Portal\/index.php?rest_route=\/wp\/v2\/pages"}],"about":[{"href":"http:\/\/portal.empleotucuman.gob.ar\/Portal\/index.php?rest_route=\/wp\/v2\/types\/page"}],"author":[{"embeddable":true,"href":"http:\/\/portal.empleotucuman.gob.ar\/Portal\/index.php?rest_route=\/wp\/v2\/users\/12"}],"replies":[{"embeddable":true,"href":"http:\/\/portal.empleotucuman.gob.ar\/Portal\/index.php?rest_route=%2Fwp%2Fv2%2Fcomments&post=10763"}],"version-history":[{"count":0,"href":"http:\/\/portal.empleotucuman.gob.ar\/Portal\/index.php?rest_route=\/wp\/v2\/pages\/10763\/revisions"}],"up":[{"embeddable":true,"href":"http:\/\/portal.empleotucuman.gob.ar\/Portal\/index.php?rest_route=\/wp\/v2\/pages\/3012"}],"wp:attachment":[{"href":"http:\/\/portal.empleotucuman.gob.ar\/Portal\/index.php?rest_route=%2Fwp%2Fv2%2Fmedia&parent=10763"}],"curies":[{"name":"wp","href":"https:\/\/api.w.org\/{rel}","templated":true}]}}