
{"id":10762,"date":"2016-07-02T05:07:36","date_gmt":"2016-07-02T08:07:36","guid":{"rendered":"http:\/\/181.14.240.59\/Portal\/?page_id=3301"},"modified":"2016-07-02T05:07:36","modified_gmt":"2016-07-02T08:07:36","slug":"tramites-provinciales-2","status":"publish","type":"page","link":"http:\/\/portal.empleotucuman.gob.ar\/Portal\/?page_id=10762","title":{"rendered":"&gt;&gt;Tr\u00e1mites Provinciales"},"content":{"rendered":"<p><strong>Para dar de alta un emprendimiento de cualquier sector de actividad en la provincia, es necesario completar los tr\u00e1mites indicados en esta secci\u00f3n.<\/strong><br \/>\nElija una opci\u00f3n:<\/p>\n<ul>\n<li><a href=\"http:\/\/181.14.240.59\/Portal\/?page_id=3322\" target=\"_blank\" rel=\"noopener noreferrer\">Constitutivos<\/a><\/li>\n<li><a href=\"http:\/\/181.14.240.59\/Portal\/?page_id=3324\" target=\"_blank\" rel=\"noopener noreferrer\">Impositivos<\/a><\/li>\n<\/ul>\n","protected":false},"excerpt":{"rendered":"<p>Para dar de alta un emprendimiento de cualquier sector de actividad en la provincia, es necesario completar los tr\u00e1mites indicados en esta secci\u00f3n. Elija una opci\u00f3n: Constitutivos Impositivos<\/p>\n","protected":false},"author":12,"featured_media":0,"parent":3012,"menu_order":109,"comment_status":"open","ping_status":"open","template":"","meta":[],"_links":{"self":[{"href":"http:\/\/portal.empleotucuman.gob.ar\/Portal\/index.php?rest_route=\/wp\/v2\/pages\/10762"}],"collection":[{"href":"http:\/\/portal.empleotucuman.gob.ar\/Portal\/index.php?rest_route=\/wp\/v2\/pages"}],"about":[{"href":"http:\/\/portal.empleotucuman.gob.ar\/Portal\/index.php?rest_route=\/wp\/v2\/types\/page"}],"author":[{"embeddable":true,"href":"http:\/\/portal.empleotucuman.gob.ar\/Portal\/index.php?rest_route=\/wp\/v2\/users\/12"}],"replies":[{"embeddable":true,"href":"http:\/\/portal.empleotucuman.gob.ar\/Portal\/index.php?rest_route=%2Fwp%2Fv2%2Fcomments&post=10762"}],"version-history":[{"count":0,"href":"http:\/\/portal.empleotucuman.gob.ar\/Portal\/index.php?rest_route=\/wp\/v2\/pages\/10762\/revisions"}],"up":[{"embeddable":true,"href":"http:\/\/portal.empleotucuman.gob.ar\/Portal\/index.php?rest_route=\/wp\/v2\/pages\/3012"}],"wp:attachment":[{"href":"http:\/\/portal.empleotucuman.gob.ar\/Portal\/index.php?rest_route=%2Fwp%2Fv2%2Fmedia&parent=10762"}],"curies":[{"name":"wp","href":"https:\/\/api.w.org\/{rel}","templated":true}]}}