
{"id":10761,"date":"2016-07-02T05:06:19","date_gmt":"2016-07-02T08:06:19","guid":{"rendered":"http:\/\/181.14.240.59\/Portal\/?page_id=3299"},"modified":"2016-07-02T05:06:19","modified_gmt":"2016-07-02T08:06:19","slug":"tramites-nacionales-2","status":"publish","type":"page","link":"http:\/\/portal.empleotucuman.gob.ar\/Portal\/?page_id=10761","title":{"rendered":"&gt;&gt;Tr\u00e1mites Nacionales"},"content":{"rendered":"<p><strong>En esta secci\u00f3n podr\u00e1n encontrar los tr\u00e1mites constitutivos, impositivos y laborales que son requeridos a nivel nacional, dependiendo del tipo de sociedad y r\u00e9gimen elegido.<\/strong><br \/>\nElija una opci\u00f3n:<\/p>\n<ul>\n<li><a href=\"http:\/\/181.14.240.59\/Portal\/?page_id=3306\" target=\"_blank\" rel=\"noopener noreferrer\">Constitutivos<\/a><\/li>\n<li><a href=\"http:\/\/181.14.240.59\/Portal\/?page_id=3308\" target=\"_blank\" rel=\"noopener noreferrer\">Impositivos<\/a><\/li>\n<li><a href=\"http:\/\/181.14.240.59\/Portal\/?page_id=3310\" target=\"_blank\" rel=\"noopener noreferrer\">Laborales<\/a><\/li>\n<\/ul>\n","protected":false},"excerpt":{"rendered":"<p>En esta secci\u00f3n podr\u00e1n encontrar los tr\u00e1mites constitutivos, impositivos y laborales que son requeridos a nivel nacional, dependiendo del tipo de sociedad y r\u00e9gimen elegido. Elija una opci\u00f3n: Constitutivos Impositivos Laborales<\/p>\n","protected":false},"author":12,"featured_media":0,"parent":3012,"menu_order":93,"comment_status":"open","ping_status":"open","template":"","meta":[],"_links":{"self":[{"href":"http:\/\/portal.empleotucuman.gob.ar\/Portal\/index.php?rest_route=\/wp\/v2\/pages\/10761"}],"collection":[{"href":"http:\/\/portal.empleotucuman.gob.ar\/Portal\/index.php?rest_route=\/wp\/v2\/pages"}],"about":[{"href":"http:\/\/portal.empleotucuman.gob.ar\/Portal\/index.php?rest_route=\/wp\/v2\/types\/page"}],"author":[{"embeddable":true,"href":"http:\/\/portal.empleotucuman.gob.ar\/Portal\/index.php?rest_route=\/wp\/v2\/users\/12"}],"replies":[{"embeddable":true,"href":"http:\/\/portal.empleotucuman.gob.ar\/Portal\/index.php?rest_route=%2Fwp%2Fv2%2Fcomments&post=10761"}],"version-history":[{"count":0,"href":"http:\/\/portal.empleotucuman.gob.ar\/Portal\/index.php?rest_route=\/wp\/v2\/pages\/10761\/revisions"}],"up":[{"embeddable":true,"href":"http:\/\/portal.empleotucuman.gob.ar\/Portal\/index.php?rest_route=\/wp\/v2\/pages\/3012"}],"wp:attachment":[{"href":"http:\/\/portal.empleotucuman.gob.ar\/Portal\/index.php?rest_route=%2Fwp%2Fv2%2Fmedia&parent=10761"}],"curies":[{"name":"wp","href":"https:\/\/api.w.org\/{rel}","templated":true}]}}