
{"id":10702,"date":"2020-03-02T12:12:49","date_gmt":"2020-03-02T15:12:49","guid":{"rendered":"http:\/\/181.14.240.59\/Portal\/?page_id=10702"},"modified":"2022-03-30T10:31:04","modified_gmt":"2022-03-30T13:31:04","slug":"%e2%80%a2-educacion-superior-y-formacion-docente","status":"publish","type":"page","link":"http:\/\/portal.empleotucuman.gob.ar\/Portal\/?page_id=10702","title":{"rendered":"\u2022 EDUCACI\u00d3N SUPERIOR"},"content":{"rendered":"<ul>\n<li>Universitario<\/li>\n<li>Terciario<\/li>\n<li>Progresar Enfermer\u00eda.<\/li>\n<\/ul>\n<p><strong><em>Requisito espec\u00edfico: <\/em><\/strong><\/p>\n<ul>\n<li>Cumplir con la asistencia.<\/li>\n<li>Para Formaci\u00f3n Docente, el postulante debe rendir un examen para certificar sus conocimientos.<\/li>\n<\/ul>\n<p><em><strong>Requisitos Generales del Progresar Nivel Superior<\/strong><\/em><\/p>\n<ul>\n<li>Ser argentina\/o nativa\/o; naturalizada\/o o extranjera\/o, con residencia legal de cinco (5) a\u00f1os en el pa\u00eds y contar con DNI.<\/li>\n<li>Ser alumna\/o regular de una instituci\u00f3n educativa.<\/li>\n<li>Tener entre 17 y 24 a\u00f1os de edad cumplidos.<\/li>\n<li>Estudiantes avanzadas\/os en la carrera, hasta treinta (30) a\u00f1os cumplidos.<\/li>\n<li>Estudiantes de enfermer\u00eda sin l\u00edmite de edad.<\/li>\n<li>Se extiende hasta 35 a\u00f1os de edad a las personas con hijas\/os a cargo menores de 18 a\u00f1os pertenecientes a hogares monoparentales.<\/li>\n<li>Sin l\u00edmite de edad para personas trans, de pueblos ind\u00edgenas, con discapacidad o refugiadas.<\/li>\n<li>Los ingresos de la\/el joven y los de su grupo familiar no deber\u00e1n ser superiores a tres (3) Salarios M\u00ednimos, Vitales y M\u00f3viles (SMVM).<\/li>\n<\/ul>\n<p><em><strong>Requisitos Generales del Progresar Enfermer\u00eda<\/strong><\/em><\/p>\n<ul>\n<li>Ser argentinos\/as nativos\/as o naturalizados\/as o extranjeros\/as, con residencia legal de cinco (5) a\u00f1os de en el pa\u00eds y DNI.<\/li>\n<li>Ser mayor de 18 a\u00f1os al cierre de la convocatoria respectiva, sin limite de edad.<\/li>\n<li>Ingresos de la\/el joven y los de su grupo familiar no debe ser superior a tres (3) Salarios M\u00ednimos, Vitales y M\u00f3viles (SMVM).<\/li>\n<li>Ser egresado\/a del nivel medio y no adeudar materias al momento de la inscripci\u00f3n.<\/li>\n<li>Cursar o ingresar a cursar sus estudios en Institutos de Educaci\u00f3n T\u00e9cnica Superior de Gesti\u00f3n Estatal. Excepcionalmente, los Institutos de Educaci\u00f3n T\u00e9cnica Superior de Gesti\u00f3n Privada inscriptas en el PRONAFE.<\/li>\n<\/ul>\n<p><strong><em>Montos Mensuales:<\/em><\/strong><br \/>\n<!-- Tabla1 --><\/p>\n<table class=\"default\" style=\"height: 292px;\" width=\"678\">\n<tbody>\n<tr style=\"vertical-align: middle;\">\n<th style=\"vertical-align: middle;\"><strong>Nivel Superior<\/strong><\/th>\n<th style=\"text-align: center;\"><strong> Monto Diciembre &#8211; Febrero <\/strong><\/th>\n<\/tr>\n<tr>\n<td>UNIVERSITARIO &#8211; INGRESANTE<\/td>\n<td style=\"text-align: center;\">$ 6.400<\/td>\n<\/tr>\n<tr>\n<td>UNIVERSITARIO 1\u00b0 Y 2\u00b0 A\u00d1O<\/td>\n<td style=\"text-align: center;\">$ 6.400<\/td>\n<\/tr>\n<tr>\n<td>UNIVERSITARIO 3\u00b0 Y 4\u00b0 A\u00d1O<\/td>\n<td style=\"text-align: center;\">$ 6.400<\/td>\n<\/tr>\n<tr>\n<td>UNIVERSITARIO 5\u00b0 A\u00d1O<\/td>\n<td style=\"text-align: center;\">$ 6.400<\/td>\n<\/tr>\n<tr>\n<td>TERCIARIO INGRESANTE<\/td>\n<td style=\"text-align: center;\">$ 6.400<\/td>\n<\/tr>\n<tr>\n<td>TERCIARIO 1\u00b0 Y 2\u00b0 A\u00d1O<\/td>\n<td style=\"text-align: center;\">$ 6.400<\/td>\n<\/tr>\n<tr>\n<td>TERCIARIO 3\u00b0Y 4\u00b0 A\u00d1O<\/td>\n<td style=\"text-align: center;\">$ 6.400<\/td>\n<\/tr>\n<tr style=\"vertical - align: center;\">\n<td style=\"vertical-align: middle;\">SUPERIOR &#8211; RENOVANTE ESTRAT\u00c9GICAS<\/td>\n<td style=\"vertical-align: middle; text-align: center;\">$ 6.400 a $ 10.600<\/td>\n<\/tr>\n<\/tbody>\n<\/table>\n<p><strong><em>Montos progresar enfermer\u00eda:<\/em><\/strong><br \/>\n<!-- Tabla2 --><\/p>\n<table class=\"default\" style=\"height: 192px;\" width=\"678\">\n<tbody>\n<tr>\n<th><strong>A\u00f1o<\/strong><\/th>\n<th><strong>Universitario<\/strong><\/th>\n<th><strong>Superior No Universitario<\/strong><\/th>\n<\/tr>\n<tr>\n<td style=\"text-align: center;\">1\u00ba<\/td>\n<td style=\"text-align: center;\">$ 6.400<\/td>\n<td style=\"text-align: center;\">$ 6.400<\/td>\n<\/tr>\n<tr>\n<td style=\"text-align: center;\">2\u00ba<\/td>\n<td style=\"text-align: center;\">$ 7.000<\/td>\n<td style=\"text-align: center;\">$ 7.000<\/td>\n<\/tr>\n<tr>\n<td style=\"text-align: center;\">3\u00ba<\/td>\n<td style=\"text-align: center;\">$ 8.000<\/td>\n<td style=\"text-align: center;\">$ 8.000<\/td>\n<\/tr>\n<tr>\n<td style=\"text-align: center;\">4\u00ba<\/td>\n<td style=\"text-align: center;\">$ 9.000<\/td>\n<td style=\"text-align: center;\">$ 9.000<\/td>\n<\/tr>\n<tr>\n<td style=\"text-align: center;\">5\u00ba<\/td>\n<td style=\"text-align: center;\">$ 10.700<\/td>\n<td><\/td>\n<\/tr>\n<\/tbody>\n<\/table>\n<p><em><strong>Pago:\u00a0<\/strong><\/em><\/p>\n<p>El pago se realizar\u00e1 en hasta <strong>12 cuotas<\/strong> mensuales desde la inscripci\u00f3n para quienes sean adjudicados\/as en la primera convocatoria, y en hasta 6 cuotas mensuales desde la inscripci\u00f3n, para quienes sean adjudicados\/as en la segunda convocatoria.<\/p>\n<p><em><strong>Retenci\u00f3n mensual:<\/strong><\/em><\/p>\n<p>Los\/as becarios\/as que est\u00e1n ingresando por primera vez a la carrera, recibir\u00e1n mensualmente el 80% del monto asignado, mientras que el otro 20% al inicio del a\u00f1o siguiente, si al terminar el ciclo lectivo actual cumple con los requisitos de aprobaci\u00f3n de la cursada correspondiente.<\/p>\n<p>Los\/as becarios\/as avanzados\/as hayan o no sido becarios\/as con anterioridad, se les abonar\u00e1 el cien por ciento (100%) del monto de la misma desde la primera cuota.<\/p>\n<p><em>\u00bfA qui\u00e9nes se consideran ingresantes?<\/em><br \/>\nSe consideran ingresantes a aquellos\/as estudiantes que no reportan actividad acad\u00e9mica superior, con anterioridad a su postulaci\u00f3n.<\/p>\n<p><em>\u00bfA qui\u00e9nes se consideran avanzados\/as?<\/em><br \/>\nSe considera estudiantes avanzados\/as a aquellos\/as estudiantes que se postulan para la obtenci\u00f3n del beneficio y que iniciaron sus estudios superiores con anterioridad al a\u00f1o en que se postulan, seg\u00fan la informaci\u00f3n que brinde la instituci\u00f3n acad\u00e9mica respectiva.<\/p>\n<p><strong>\u00bfQu\u00e9 debo hacer luego de completar mi inscripci\u00f3n?<\/strong><\/p>\n<p>Una vez finalizada la inscripci\u00f3n, tu solicitud se encontrar\u00e1 en evaluaci\u00f3n, debiendo aguardar a que se cumplan los procesos administrativos correspondientes. <span style=\"color: #3366ff;\"><strong>Tu resultado ser\u00e1 publicado dentro de los 60 d\u00edas h\u00e1biles finalizados el per\u00edodo de inscripci\u00f3n.<\/strong><\/span><\/p>\n<p>En el caso que te hayas postulado a progresar EDUCACI\u00d3N SUPERIOR, podr\u00e1s visualizar tu resultado en la plataforma oficial del PROGRAMA o a trav\u00e9s de nuestra app, siendo responsabilidad del\/la postulante consultar peri\u00f3dicamente la misma.<\/p>\n<blockquote><p><strong>Inscripci\u00f3n por la web<\/strong>:<\/p>\n<p><span style=\"color: #3366ff;\"><a style=\"color: #3366ff;\" href=\"https:\/\/becasprogresar.educacion.gob.ar\/inicio_nivel_superior.php\" target=\"_blank\" rel=\"noopener noreferrer\">https:\/\/becasprogresar.educacion.gob.ar\/inicio_nivel_superior.php<\/a><\/span><\/p><\/blockquote>\n<p>&nbsp;<\/p>\n","protected":false},"excerpt":{"rendered":"<p>Universitario Terciario Progresar Enfermer\u00eda. Requisito espec\u00edfico: Cumplir con la asistencia. Para Formaci\u00f3n Docente, el postulante debe rendir un examen para certificar sus conocimientos. Requisitos Generales del Progresar Nivel Superior Ser argentina\/o nativa\/o; naturalizada\/o o extranjera\/o, con residencia legal de cinco (5) a\u00f1os en el pa\u00eds y contar con DNI. Ser alumna\/o regular de una instituci\u00f3n [&hellip;]<\/p>\n","protected":false},"author":12,"featured_media":12591,"parent":627,"menu_order":7,"comment_status":"closed","ping_status":"closed","template":"","meta":[],"_links":{"self":[{"href":"http:\/\/portal.empleotucuman.gob.ar\/Portal\/index.php?rest_route=\/wp\/v2\/pages\/10702"}],"collection":[{"href":"http:\/\/portal.empleotucuman.gob.ar\/Portal\/index.php?rest_route=\/wp\/v2\/pages"}],"about":[{"href":"http:\/\/portal.empleotucuman.gob.ar\/Portal\/index.php?rest_route=\/wp\/v2\/types\/page"}],"author":[{"embeddable":true,"href":"http:\/\/portal.empleotucuman.gob.ar\/Portal\/index.php?rest_route=\/wp\/v2\/users\/12"}],"replies":[{"embeddable":true,"href":"http:\/\/portal.empleotucuman.gob.ar\/Portal\/index.php?rest_route=%2Fwp%2Fv2%2Fcomments&post=10702"}],"version-history":[{"count":104,"href":"http:\/\/portal.empleotucuman.gob.ar\/Portal\/index.php?rest_route=\/wp\/v2\/pages\/10702\/revisions"}],"predecessor-version":[{"id":12669,"href":"http:\/\/portal.empleotucuman.gob.ar\/Portal\/index.php?rest_route=\/wp\/v2\/pages\/10702\/revisions\/12669"}],"up":[{"embeddable":true,"href":"http:\/\/portal.empleotucuman.gob.ar\/Portal\/index.php?rest_route=\/wp\/v2\/pages\/627"}],"wp:featuredmedia":[{"embeddable":true,"href":"http:\/\/portal.empleotucuman.gob.ar\/Portal\/index.php?rest_route=\/wp\/v2\/media\/12591"}],"wp:attachment":[{"href":"http:\/\/portal.empleotucuman.gob.ar\/Portal\/index.php?rest_route=%2Fwp%2Fv2%2Fmedia&parent=10702"}],"curies":[{"name":"wp","href":"https:\/\/api.w.org\/{rel}","templated":true}]}}