
{"id":10697,"date":"2020-03-02T12:10:32","date_gmt":"2020-03-02T15:10:32","guid":{"rendered":"http:\/\/181.14.240.59\/Portal\/?page_id=10697"},"modified":"2022-03-29T11:07:02","modified_gmt":"2022-03-29T14:07:02","slug":"%e2%80%a2-educacion-obligatoria","status":"publish","type":"page","link":"http:\/\/portal.empleotucuman.gob.ar\/Portal\/?page_id=10697","title":{"rendered":"\u2022 EDUCACI\u00d3N OBLIGATORIA"},"content":{"rendered":"<ul>\n<li>Primaria.<\/li>\n<li>Secundaria.<\/li>\n<\/ul>\n<p><strong><em>Requisito espec\u00edfico: <\/em><\/strong><\/p>\n<ul>\n<li>Cumplir con la asistencia.<\/li>\n<li>Aprobar el a\u00f1o cursado.<\/li>\n<\/ul>\n<p><em><strong>Requisitos Generales del Progresar Nivel Obligatorio<\/strong><\/em><\/p>\n<ul>\n<li>Ser argentina\/o nativa\/o; naturalizada\/o o extranjera\/o, con residencia legal de dos (2) a\u00f1os en el pa\u00eds y contar con DNI.<\/li>\n<li>Ser alumna\/o regular de una instituci\u00f3n educativa.<\/li>\n<li>Tener entre 16 y 24 a\u00f1os cumplidos.<\/li>\n<li>Se extiende hasta 35 a\u00f1os de edad a las personas con hijas\/os menores de 18 a\u00f1os pertenecientes a hogares monoparentales.<\/li>\n<li>Sin l\u00edmite de edad para personas trans, de pueblos ind\u00edgenas, con discapacidad o refugiadas.<\/li>\n<li>Los ingresos de la\/el joven y los de su grupo familiar no deber\u00e1n ser superiores a tres (3) Salarios M\u00ednimos, Vitales y M\u00f3viles (SMVM).<\/li>\n<\/ul>\n<p><strong><em>Monto mensual:<\/em><\/strong> $ 6400<\/p>\n<p><em><strong>Pago:\u00a0<\/strong><\/em><\/p>\n<p>El pago se realizar\u00e1 en hasta <strong>12 cuotas<\/strong> mensuales desde la inscripci\u00f3n para quienes sean adjudicados\/as en la primera convocatoria, y en hasta 6 cuotas mensuales desde la inscripci\u00f3n, para quienes sean adjudicados\/as en la segunda convocatoria.<\/p>\n<p><em><strong>Retenci\u00f3n mensual:<\/strong><\/em><\/p>\n<p>Para el caso de los y las becarios\/as ingresantes la proporci\u00f3n del pago ser\u00e1 de un 80% desde la primera cuota.\u00a0Si al terminar el ciclo lectivo cumpliste con los requisitos acad\u00e9micos correspondientes, se te entregar\u00e1 el otro 20% de manera retroactiva.<\/p>\n<p><strong>\u00bfQu\u00e9 debo hacer luego de completar mi inscripci\u00f3n?<\/strong><\/p>\n<p>Una vez finalizada la inscripci\u00f3n, tu solicitud se encontrar\u00e1 en evaluaci\u00f3n, debiendo aguardar a que se cumplan los procesos administrativos correspondientes. <span style=\"color: #3366ff;\"><strong>Tu resultado en la p\u00e1gina web del programa o en la app dentro de los sesenta (60) d\u00edas h\u00e1biles finalizados el per\u00edodo de inscripci\u00f3n<\/strong><\/span>.<\/p>\n<blockquote><p><strong>Inscripci\u00f3n por la web<\/strong>:<\/p>\n<p><span style=\"color: #3366ff;\"><a style=\"color: #3366ff;\" href=\"https:\/\/becasprogresar.educacion.gob.ar\/inicio_nivel_obligatorio.php\" target=\"_blank\" rel=\"noopener noreferrer\">https:\/\/becasprogresar.educacion.gob.ar\/inicio_nivel_obligatorio.php<\/a><\/span><\/p><\/blockquote>\n<p><strong>Inscripci\u00f3n personalmente:<\/strong><\/p>\n<ul>\n<li>Descargar e imprimir el <a href=\"http:\/\/181.14.240.59\/Portal\/wp-content\/uploads\/2021\/03\/Formulario-PS.2.87-PROGRESAR-Inscripcion.pdf\" target=\"_blank\" rel=\"noopener noreferrer\">Formulario de Inscripci\u00f3n BECAS PROGRESAR<\/a> o solicitarlo en la <a href=\"http:\/\/181.14.240.59\/Portal\/?page_id=17\" target=\"_blank\" rel=\"noopener noreferrer\"><strong><em>Red de Oficinas de Empleo de la Provincia<\/em><\/strong><\/a> o en Oficina de ANSES m\u00e1s cercana.<\/li>\n<li>Completar y llevar a la instituci\u00f3n educativa para que lo firmen.<\/li>\n<li>Pedir un turno en el ANSES para presentarlo: llamando al 130 o por la <a href=\"http:\/\/servicioswww.anses.gob.ar\/TurnosWeb\/SOLICITANTE.ASPX?Grupo=9\" target=\"_blank\" rel=\"noopener noreferrer\"><strong>Web<\/strong><\/a>.<\/li>\n<li>Llevar a la Oficina de ANSES en el d\u00eda y hora asignados.<\/li>\n<\/ul>\n<p>Si lo hac\u00e9s personalmente en ANSES, llev\u00e1 tu <strong><em>DNI y partida de nacimiento<\/em><\/strong>.<\/p>\n<p>Si ten\u00e9s hijos, llev\u00e1 tambi\u00e9n sus DNI y partidas de nacimiento.<\/p>\n<p>Si est\u00e1s casado\/a o viv\u00eds en pareja, llev\u00e1 la libreta de matrimonio o el certificado de convivencia. Estos documentos sirven para actualizar tus datos personales y los de tu grupo familiar.<\/p>\n<p><strong>Si no depend\u00e9s\u00a0econ\u00f3micamente de alguno de tus padres\u00a0o desconoc\u00e9s su paradero<\/strong>\u00a0complet\u00e1 el\u00a0<a href=\"https:\/\/www.anses.gob.ar\/sites\/default\/files\/formulario\/2019-08\/PS%201.57%20DD.JJ%20Situacion%20Familiar_0.pdf\" target=\"_blank\" rel=\"noopener noreferrer\">Formulario PS 1.57<\/a> &#8211; Declaraci\u00f3n Jurada Situaci\u00f3n Familiar\u00a0y present\u00e1 alguna de esta documentaci\u00f3n:<\/p>\n<ul>\n<li>Informaci\u00f3n sumaria judicial emitida por Juzgado de Familia (donde conste desconocimiento de paradero del padre\/madre); o<\/li>\n<li>Documentaci\u00f3n por juicio por alimentos; o<\/li>\n<li>Denuncia por violencia familiar; o<\/li>\n<li>Certificado que avale la residencia en un Instituto u Hogar de menores.<\/li>\n<\/ul>\n","protected":false},"excerpt":{"rendered":"<p>Primaria. Secundaria. Requisito espec\u00edfico: Cumplir con la asistencia. Aprobar el a\u00f1o cursado. Requisitos Generales del Progresar Nivel Obligatorio Ser argentina\/o nativa\/o; naturalizada\/o o extranjera\/o, con residencia legal de dos (2) a\u00f1os en el pa\u00eds y contar con DNI. Ser alumna\/o regular de una instituci\u00f3n educativa. Tener entre 16 y 24 a\u00f1os cumplidos. Se extiende hasta [&hellip;]<\/p>\n","protected":false},"author":12,"featured_media":11841,"parent":627,"menu_order":5,"comment_status":"closed","ping_status":"closed","template":"","meta":[],"_links":{"self":[{"href":"http:\/\/portal.empleotucuman.gob.ar\/Portal\/index.php?rest_route=\/wp\/v2\/pages\/10697"}],"collection":[{"href":"http:\/\/portal.empleotucuman.gob.ar\/Portal\/index.php?rest_route=\/wp\/v2\/pages"}],"about":[{"href":"http:\/\/portal.empleotucuman.gob.ar\/Portal\/index.php?rest_route=\/wp\/v2\/types\/page"}],"author":[{"embeddable":true,"href":"http:\/\/portal.empleotucuman.gob.ar\/Portal\/index.php?rest_route=\/wp\/v2\/users\/12"}],"replies":[{"embeddable":true,"href":"http:\/\/portal.empleotucuman.gob.ar\/Portal\/index.php?rest_route=%2Fwp%2Fv2%2Fcomments&post=10697"}],"version-history":[{"count":26,"href":"http:\/\/portal.empleotucuman.gob.ar\/Portal\/index.php?rest_route=\/wp\/v2\/pages\/10697\/revisions"}],"predecessor-version":[{"id":12587,"href":"http:\/\/portal.empleotucuman.gob.ar\/Portal\/index.php?rest_route=\/wp\/v2\/pages\/10697\/revisions\/12587"}],"up":[{"embeddable":true,"href":"http:\/\/portal.empleotucuman.gob.ar\/Portal\/index.php?rest_route=\/wp\/v2\/pages\/627"}],"wp:featuredmedia":[{"embeddable":true,"href":"http:\/\/portal.empleotucuman.gob.ar\/Portal\/index.php?rest_route=\/wp\/v2\/media\/11841"}],"wp:attachment":[{"href":"http:\/\/portal.empleotucuman.gob.ar\/Portal\/index.php?rest_route=%2Fwp%2Fv2%2Fmedia&parent=10697"}],"curies":[{"name":"wp","href":"https:\/\/api.w.org\/{rel}","templated":true}]}}